{"id":14755,"date":"2020-05-05T14:27:44","date_gmt":"2020-05-05T11:27:44","guid":{"rendered":"http:\/\/tanriver.com.tr\/urun\/tripot-turnike-tnr-110-s-y\/"},"modified":"2021-08-12T16:04:59","modified_gmt":"2021-08-12T13:04:59","slug":"tripot-turnike-tnr-110-s-y","status":"publish","type":"product","link":"https:\/\/tanriver.com.tr\/fr\/urun\/tripot-turnike-tnr-110-s-y\/","title":{"rendered":"Tripot Turnike Tnr 110 S Y"},"content":{"rendered":"<p><strong>TNR SER\u0130S\u0130 STANDART DONANIM VE \u00d6ZELL\u0130KLER<\/strong><\/p>\n<ul>\n<li>ENERJ\u0130: 220 VAC 50\/60 Hz Opsiyonel 110 VAC<\/li>\n<li>G\u00dc\u00c7 T\u00dcKET\u0130M\u0130: Maximum 25 Wat Minimum 10 Wat<\/li>\n<li>\u0130ND\u0130KAT\u00d6R: Led g\u00f6sterge cam\u0131 g\u00f6vde y\u00fczeyine s\u0131f\u0131r olacak \u015fekilde dizayn edilmi\u015ftir, sistemin ge\u00e7i\u015f kontrol\u00fcn\u00fc ifade eder. Led g\u00f6sterge t\u00fcm Optimum led g\u00f6stergeli turnikelerinde standart olarak sunulmaktad\u0131r, ayr\u0131ca opsiyonel olarak iste\u011fe ba\u011fl\u0131 farkl\u0131 \u015fekillerde \u00fcretilebilmektedir.<\/li>\n<li>KONTROL: Ge\u00e7ilen y\u00f6nde bir kuru kontak data \u00e7\u0131k\u0131\u015f\u0131 bulunmaktad\u0131r, Ge\u00e7i\u015f tetiklemesi i\u00e7in kuru kontak,12 VDC,24 VDC veya \u00c7e\u015fitli access kontrtol \u00fcnitesi ve di\u011fer \u00e7evre birimlerine kolayca ba\u011flanabilir. ayr\u0131ca y\u00f6n se\u00e7imi kullan\u0131c\u0131lar taraf\u0131ndan kart \u00fczerindeki dip switch&rsquo;ler vas\u0131tas\u0131 ile kolayca ayarlanabilir, Elektrik kesintisinde turnike her iki y\u00f6ne serbest ge\u00e7i\u015fe izin verir, bu yasal bir mecburiyettir, m\u00fc\u015fteri yaz\u0131l\u0131 ve resmi imzas\u0131 olmadan aksi bir sistem opsiyonel olarak sunulmaz, ayr\u0131ca acil durumlar i\u00e7in (\u00f6r: yang\u0131n, deprem v s ) ekstra bir kontak giri\u015fi bulunmaktad\u0131r. T\u00fcm selonoid ve led g\u00f6sterge \u00e7\u0131k\u0131\u015flar\u0131 uzun \u00f6m\u00fcrl\u00fc yar\u0131 iletkendir, ayr\u0131ca kontrol kart\u0131 \u00fczerinde ge\u00e7i\u015f izni alg\u0131land\u0131\u011f\u0131n\u0131 bildiren buzzer mevcuttur, istenildi\u011finde bu buzzer kart \u00fczerindeki dip siwitch vas\u0131tas\u0131 ile devre d\u0131\u015f\u0131 b\u0131rak\u0131labilir.<\/li>\n<li>AC\u0130L DURUM: Turnike ana kart \u00fczerinde acil durum kontak giri\u015fi mevcuttur, bu giri\u015fe yang\u0131n deprem gibi acil durum sistemleri kolayca ba\u011flanabilir. B\u00f6ylelikle acil durum konta\u011f\u0131 geldi\u011finde indikat\u00f6rler ye\u015fil olarak yanar ve turnike her iki y\u00f6ne serbest ge\u00e7i\u015f konuma ge\u00e7er.<\/li>\n<li>G\u00d6VDE: Turnike g\u00f6vdesi AISI 304 kalite paslanmaz \u00e7elik malzemeden standart olarak \u00fcretilmektedir iste\u011fe ba\u011fl\u0131 elektrostatik f\u0131r\u0131n boyal\u0131 D.K.P malzemeden \u00fcretilip birden fazla renk se\u00e7ene\u011fi opsiyonel olarak sunulmaktad\u0131r.<\/li>\n<li>DI\u015e MEKAN\u0130K: D\u0131\u015f mekanik olarak isimlendirilen Yar\u0131m k\u00fcre kafa ve kollar dahil tamam\u0131 AISI 304 kalite paslanmaz \u00e7elik malzemeden standart olarak \u00fcretilmektedir.<\/li>\n<li>KOL \u00d6L\u00c7\u00dcLER\u0130: \u00c7ap 33,7 uzunluk 440mm standart olarak sunulmaktad\u0131r, Talebe g\u00f6re de\u011fi\u015ftirilebilir.<\/li>\n<li>MEKAN\u0130ZMA: Elektromekanik motor sistemi sayesinde iki y\u00f6nl\u00fc \u00e7al\u0131\u015fabilir, 120 derecelik bir hareket ile bir ki\u015fi ge\u00e7i\u015fini sa\u011flar, 30 dereceden sonra geri d\u00f6n\u00fc\u015fe izin vermez, Turnike i\u00e7in \u00f6zel \u00fcretti\u011fimiz selenoid bobinleri sayesinde 120 derecede bir kilit sistemine sahiptir, 120 derecelik s\u00f6n\u00fcmlemeyi Hidrolik absorber ile yapar, dolay\u0131s\u0131 ile yumu\u015fak ve sessiz bir ge\u00e7i\u015f imkan\u0131 sunar, yeni dizayn mekanizma \u00fczerindeki bir \u00e7ok hareketli par\u00e7an\u0131n rulman \u00fczerine ta\u015f\u0131nmas\u0131 sonucunda % 60 daha az bir s\u00fcrt\u00fcnme ile \u00e7al\u0131\u015fmaktad\u0131r, \u00f6zel \u00fcretilen selenoid bobinler, \u00fczerinde kullan\u0131lan kaliteli absorber \u015fok emici, Paslanmaz krom \u00e7elik malzemeden \u00fcretilen yar\u0131m k\u00fcre kafa ve kollar sayesinde genel a\u00e7\u0131dan %80 daha uzun \u00f6m\u00fcrl\u00fcd\u00fcr.<\/li>\n<\/ul>\n<p><strong>\u00a0<\/strong><strong>OPS\u0130YONEL DONANIM VE \u00d6ZELL\u0130KLER<\/strong><\/p>\n<ul>\n<li>UZAKTAN KUMANDA: Harici bir uzaktan kumanda ile kolayca kontrol edilebilir, al\u0131c\u0131 \u00fcnite turnike i\u00e7erisindeki ana kart kontak giri\u015fine kolayca ba\u011flanabilir.<\/li>\n<li>YARI OTOMAT\u0130K D\u00dc\u015eENKOL: Enerji kesintisi veya yang\u0131n, deprem gibi acil durum sinyali halinde turnike kolu otomatik olarak 90 derece katlan\u0131r ve mekan\u0131n \u00e7ok daha seri bir \u015fekilde tahliye edilmesini sa\u011flar, acil durum konta\u011f\u0131 devre d\u0131\u015f\u0131 olmadan ki\u015fi kolu kald\u0131rsa bile b\u0131rakt\u0131\u011f\u0131nda tekrar d\u00fc\u015fer dolay\u0131s\u0131 ile acil mod devre d\u0131\u015f\u0131 kalmadan hi\u00e7bir \u015fekilde kilitlenmez, tehlike ge\u00e7ti\u011finde veya enerji tekrar y\u00fcklendi\u011finde turnike kolu g\u00f6revli ki\u015fi taraf\u0131ndan manuel olarak kald\u0131r\u0131lmas\u0131 sonras\u0131nda kilitli konuma ge\u00e7er.<\/li>\n<li>FUL OTOMAT\u0130K D\u00dc\u015eEN KOL + MOTORLU S\u00dcR\u00dc\u015e: Enerji kesintisi veya yang\u0131n, deprem gibi acil durum sinyali halinde turnike kolu otomatik olarak 90 derece katlan\u0131r ve mekan\u0131n seri bir \u015fekilde tahliye edilmesini sa\u011flar, ayr\u0131ca acil durum konta\u011f\u0131 devre d\u0131\u015f\u0131 kalmadan ki\u015fi kolu kald\u0131rsa bile b\u0131rakt\u0131\u011f\u0131nda tekrar d\u00fc\u015fer dolay\u0131s\u0131 ile acil mod devre d\u0131\u015f\u0131 kalmadan hi\u00e7bir \u015fekilde kilitlenmez, ancak tehlike ge\u00e7ti\u011finde veya enerji tekrar y\u00fcklendi\u011finde turnike kolu hi\u00e7bir manuel m\u00fcdahale gerektirmeksizin otomatik olarak kendini kurar ve kilitli konuma ge\u00e7er. MOTORLU S\u00dcR\u00dc\u015e:\u00a0 Acil durum d\u0131\u015f\u0131ndaki normal ge\u00e7i\u015flerde, yetki sinyali geldikten sonra mekanizma ge\u00e7i\u015f y\u00f6n\u00fcne a\u00e7\u0131k konuma ge\u00e7er, ki\u015fi turnike koluna temas etti\u011fi andan itibaren motor devreye girer, ki\u015fi ge\u00e7i\u015fini hi\u00e7bir kuvvet gerektirmeksizin motor vas\u0131tas\u0131 ile yapar, ve ki\u015fi ge\u00e7i\u015f sonras\u0131 120 derecelik d\u00f6ng\u00fcy\u00fc yumu\u015fak bir \u015fekilde yine motor vas\u0131tas\u0131 ile s\u00f6n\u00fcmler.<\/li>\n<li>SAYA\u00c7: Turnike i\u00e7in \u00f6zel \u00fcretti\u011fimiz dijital saya\u00e7 sayesinde harici bir ACCESS veya PC ba\u011flant\u0131s\u0131na gerek duymaks\u0131z\u0131n her iki y\u00f6n\u00fcn ki\u015fi ge\u00e7i\u015f say\u0131s\u0131n\u0131 kolayca takip edebilirsiniz \u00f6r: (G\u0130R\u0130\u015e 001200 ) (\u00c7IKI\u015e 000950 ) \u015feklinde 6 basamakl\u0131 olarak do\u011frudan turnike i\u00e7erisinde bulunan ana kart \u00fczerinde g\u00f6rebilirsiniz, saya\u00e7 s\u0131f\u0131rlama \u00e7ift butonlu ve \u015fifreli s\u0131f\u0131rlan\u0131r s\u0131f\u0131rlama \u015fekli yetkili ki\u015fi d\u0131\u015f\u0131nda ikinci \u015fah\u0131slar ile asla payla\u015f\u0131lmaz.<\/li>\n<li>SERAM\u0130K ISITICI: Turnike i\u00e7erisine yerle\u015ftirilen termostatl\u0131 seramik \u0131s\u0131t\u0131c\u0131 sayesinde -55 derecede gibi so\u011fuk hava ko\u015fullar\u0131nda donmadan sorunsuz bir \u015fekilde \u00e7al\u0131\u015fmas\u0131n\u0131 sa\u011flar.<\/li>\n<li>KONTROL: Ge\u00e7i\u015f tetiklemesi 12 VDC, 24 VDC,RS 232 -RS 442-485 ile direkt PC kontroll\u00fc \u00e7al\u0131\u015fabilir tek PC ile 256 adet turnike kontrol edilebilir. \u0130stenilirse t\u00fcm access kontrol \u00fcnitesi ve di\u011fer \u00e7evre birimleri ile kullan\u0131labilir. Ge\u00e7ilen y\u00f6ne bir data \u00e7\u0131k\u0131\u015f\u0131 vard\u0131r, bu \u00e7\u0131k\u0131\u015f dijital bir \u00e7\u0131k\u0131\u015f olabilece\u011fi gibi PC ile kontrolde direkt PC ye g\u00f6nderilebilir.<\/li>\n<li>EXTRA G\u00dcVENL\u0130K FOTOSEL: G\u00f6vde \u00fczerine monte edilen fotosel sayesinde g\u00fcvenli\u011fin art\u0131r\u0131lmas\u0131n\u0131 sa\u011flar, tripod kol alt\u0131ndan usuls\u00fcz bir ge\u00e7i\u015f yap\u0131ld\u0131\u011f\u0131nda kullan\u0131c\u0131 iste\u011fine ba\u011fl\u0131 y\u00fcksek ses, PC haberle\u015fme, vb \u015fekillerde haber verebilir.<\/li>\n<li>EXTRA G\u00dcVENL\u0130K LOSER PLATFORM: Turnike alt\u0131na yerle\u015ftirilen a\u011f\u0131rl\u0131k loserli platform sayesinde turnike \u00fczerine bas\u0131larak yap\u0131lacak olas\u0131 ka\u00e7ak ge\u00e7i\u015fleri kullan\u0131c\u0131 iste\u011fine ba\u011fl\u0131 y\u00fcksek ses veya PC haberle\u015fme, v b \u015fekillerde haber verebilir kg aral\u0131klar\u0131 kullan\u0131c\u0131 iste\u011fine ba\u011fl\u0131 \u00f6zel olarak ayarlanabilir.<\/li>\n<li>RENKLEND\u0130RME: Geni\u015f renk yelpazesi ile t\u00fcm modellerimiz m\u00fc\u015fteri iste\u011fine ba\u011fl\u0131 elektrostatik f\u0131r\u0131n boya ile renklendirilebilir.<\/li>\n<li>EXTRALAR: T\u00fcm turnike \u00e7e\u015fitlerinde Talebe \u00f6zel \u00e7\u00f6z\u00fcmler \u00fcretebilmektedir.<\/li>\n<\/ul>\n<p><strong>Not: Ekipmanlar\u0131m\u0131z hortum ve bas\u0131n\u00e7l\u0131 su ile y\u0131kanmamal\u0131d\u0131r.<\/strong><\/p>\n<p>&nbsp;<\/p>\n","protected":false},"excerpt":{"rendered":"<p><strong>Not: Ekipmanlar\u0131m\u0131z hortum ve bas\u0131n\u00e7l\u0131 su ile y\u0131kanmamal\u0131d\u0131r.<\/strong><\/p>\n","protected":false},"featured_media":9901,"template":"","meta":[],"product_brand":[],"product_cat":[127],"product_tag":[],"class_list":{"0":"post-14755","1":"product","2":"type-product","3":"status-publish","4":"has-post-thumbnail","6":"product_cat-tourniquet-de-transition","8":"first","9":"instock","10":"shipping-taxable","11":"purchasable","12":"product-type-simple"},"_links":{"self":[{"href":"https:\/\/tanriver.com.tr\/fr\/wp-json\/wp\/v2\/product\/14755","targetHints":{"allow":["GET"]}}],"collection":[{"href":"https:\/\/tanriver.com.tr\/fr\/wp-json\/wp\/v2\/product"}],"about":[{"href":"https:\/\/tanriver.com.tr\/fr\/wp-json\/wp\/v2\/types\/product"}],"wp:featuredmedia":[{"embeddable":true,"href":"https:\/\/tanriver.com.tr\/fr\/wp-json\/wp\/v2\/media\/9901"}],"wp:attachment":[{"href":"https:\/\/tanriver.com.tr\/fr\/wp-json\/wp\/v2\/media?parent=14755"}],"wp:term":[{"taxonomy":"product_brand","embeddable":true,"href":"https:\/\/tanriver.com.tr\/fr\/wp-json\/wp\/v2\/product_brand?post=14755"},{"taxonomy":"product_cat","embeddable":true,"href":"https:\/\/tanriver.com.tr\/fr\/wp-json\/wp\/v2\/product_cat?post=14755"},{"taxonomy":"product_tag","embeddable":true,"href":"https:\/\/tanriver.com.tr\/fr\/wp-json\/wp\/v2\/product_tag?post=14755"}],"curies":[{"name":"wp","href":"https:\/\/api.w.org\/{rel}","templated":true}]}}