{"id":14739,"date":"2020-05-05T14:25:14","date_gmt":"2020-05-05T11:25:14","guid":{"rendered":"http:\/\/tanriver.com.tr\/urun\/boy-turnike\/"},"modified":"2021-08-12T16:05:52","modified_gmt":"2021-08-12T13:05:52","slug":"boy-turnike","status":"publish","type":"product","link":"https:\/\/tanriver.com.tr\/fr\/urun\/boy-turnike\/","title":{"rendered":"Paslanmaz Tam Boy Turnike"},"content":{"rendered":"<p><strong>TNR-BOY TURN\u0130KE STANDART DONANIM VE \u00d6ZELL\u0130KLER<\/strong><\/p>\n<ul>\n<li>ENERJ\u0130: 220 VAC 50\/60 Hz Opsiyonel 110 VAC<\/li>\n<li>G\u00dc\u00c7 T\u00dcKET\u0130M\u0130: Maximum 25 Watt Minimum 10 Wat<\/li>\n<li>\u0130ND\u0130KAT\u00d6R: Led g\u00f6sterge cam\u0131 g\u00f6vde y\u00fczeyine s\u0131f\u0131r olacak \u015fekilde dizayn edilmi\u015ftir, sistemin ge\u00e7i\u015f kontrol\u00fcn\u00fc ifade eder. Led g\u00f6sterge t\u00fcm Optimum led g\u00f6stergeli turnikelerinde standart olarak sunulmaktad\u0131r, ayr\u0131ca opsiyonel olarak iste\u011fe ba\u011fl\u0131 farkl\u0131 \u015fekillerde \u00fcretilebilmektedir.<\/li>\n<li>KONTROL: Ge\u00e7ilen y\u00f6nde bir kuru kontak data \u00e7\u0131k\u0131\u015f\u0131 bulunmaktad\u0131r, Ge\u00e7i\u015f tetiklemesi i\u00e7in kuru kontak,12 VDC,24 VDC veya \u00c7e\u015fitli access kontrol \u00fcnitesi ve di\u011fer \u00e7evre birimlerine kolayca ba\u011flanabilir, ayr\u0131ca y\u00f6n se\u00e7imi son kullan\u0131c\u0131lar taraf\u0131ndan kart \u00fczerindeki dip switch&rsquo;ler vas\u0131tas\u0131 ile kolayca ayarlanabilir, Elektrik kesintisinde turnike her iki y\u00f6ne serbest ge\u00e7i\u015fe izin verir, bu yasal bir mecburiyettir, m\u00fc\u015fteri yaz\u0131l\u0131 ve resmi imzas\u0131 olmadan aksi bir sistem\u00a0 opsiyonel\u00a0 olarak sunulmaz, \u00a0ayr\u0131ca acil durumlar i\u00e7in (\u00f6r: yang\u0131n, deprem v s ) ekstra bir kontak giri\u015fi bulunmaktad\u0131r. T\u00fcm selonoid ve led g\u00f6sterge \u00e7\u0131k\u0131\u015flar\u0131 uzun \u00f6m\u00fcrl\u00fc yar\u0131 iletkendir, ayr\u0131ca kontrol kart\u0131 \u00fczerinde ge\u00e7i\u015f izni alg\u0131land\u0131\u011f\u0131n\u0131 bildiren buzzer mevcuttur, istenildi\u011finde bu buzzer kart \u00fczerindeki dip siwitch vas\u0131tas\u0131 ile devre d\u0131\u015f\u0131 b\u0131rak\u0131labilir.<\/li>\n<li>G\u00d6VDE: T\u00fcm Optimum boy turnikesi modelleri kullan\u0131c\u0131 iste\u011fine \u00f6zel 3 farkl\u0131 versiyon olarak \u00fcretilebilmektedir, ( V.S -1 Tamam\u0131 DKP +Elektrostatik f\u0131r\u0131n boyal\u0131 ) ( V.S \u2013 2 Tamam\u0131 ASI 304 Kalite paslanmaz \u00e7elik )\u00a0 ( V.S &#8211; 3 (Sadece Rotor paslanmaz di\u011fer k\u0131s\u0131mlar elektrostatik f\u0131r\u0131n boyal\u0131.<\/li>\n<li>DI\u015e MEKAN\u0130K: Turnike rotor ve \u015fasesi malzeme cinsine uygun olarak gaz alt\u0131 veya argon kayna\u011f\u0131 ile deneyimli ve sertifikal\u0131 uzman kadromuzca kaynat\u0131l\u0131r, bunun beraberinde rotor zemin yata\u011f\u0131 konik y\u00fck rulman\u0131 ile sa\u011flan\u0131r, bu rulman rotor i\u00e7erisine gizlenmesi sonucunda s\u0131v\u0131 ve nemden uzak olmas\u0131 sebebi ile uzun y\u0131llar sorunsuzca \u00e7al\u0131\u015fabilir.<\/li>\n<li>AC\u0130L DURUM: Turnike ana kart \u00fczerinde acil durum kontak giri\u015fi mevcuttur, bu giri\u015fe yang\u0131n deprem gibi acil durum sistemlerine ba\u011flanabilir. B\u00f6ylelikle acil durum konta\u011f\u0131 geldi\u011finde turnike her iki y\u00f6ne serbest ge\u00e7i\u015f konuma ge\u00e7er.<\/li>\n<li>CAMLAR: Turnike rotor camlar\u0131 10 mm lazer kesim temperli turnikeye \u00f6zel olarak \u00fcretilmektedir, yan kafes camlar\u0131 8 mm rodajl\u0131 cam olmak \u00fczere standart olarak sunulmaktad\u0131r.<\/li>\n<li>MEKAN\u0130ZMA: Elektromekanik motor sistemi sayesinde iki y\u00f6nl\u00fc \u00e7al\u0131\u015fabilir, 120 derecelik bir hareketle bir ki\u015fi ge\u00e7i\u015fini sa\u011flar, 30 dereceden sonra geri d\u00f6n\u00fc\u015fe izin vermez, Turnike i\u00e7in \u00f6zel imal edilen selenoid bobinleri sayesinde 120 derecede bir kilit sistemine sahiptir, 120 derecelik s\u00f6n\u00fcmlemeyi Hidrolik absorber ile yapar, dolay\u0131s\u0131 ile\u00a0 yumu\u015fak ve sessiz bir ge\u00e7i\u015f imkan\u0131 sunar, yeni dizayn mekanizma \u00fczerindeki bir \u00e7ok hareketli par\u00e7an\u0131n rulman \u00fczerine ta\u015f\u0131nmas\u0131 sonucunda % 60 daha az bir s\u00fcrt\u00fcnme ile \u00e7al\u0131\u015fmaktad\u0131r, \u00f6zel \u00fcretilen selenoid bobinler, \u00fczerinde kullan\u0131lan kaliteli absorber \u015fok emici, Paslanmaz krom \u00e7elik malzemeden \u00fcretilen yar\u0131m k\u00fcre kafa ve kollar sayesinde genel a\u00e7\u0131dan %70 daha uzun \u00f6m\u00fcrl\u00fcd\u00fcr.<\/li>\n<\/ul>\n<p>&nbsp;<\/p>\n<p><strong>(TBT)-(YBT)-(CBT) OPS\u0130YONEL DONANIM VE \u00d6ZELL\u0130KLER<\/strong><\/p>\n<ul>\n<li>UZAKTAN KUMANDA: Harici bir uzaktan kumanda kolayca kontrol edilebilir, al\u0131c\u0131 \u00fcnite ise turnike i\u00e7erisindeki ana kart a kolayca ba\u011flanabilir.<\/li>\n<li>Y\u00dcKSEK G\u00dcVENL\u0130K \u0130\u00c7\u0130N A\u011eIRLIK SENS\u00d6RL\u00dc PLATFORM: T\u00fcm Oskar boy tipi turnikelerine \u00f6zel olarak \u00fcretilen a\u011f\u0131rl\u0131k sens\u00f6rl\u00fc platform sayesinde turnike sisteme kay\u0131tl\u0131 personelin kg oran\u0131 \u00f6rt\u00fc\u015fmedi\u011fi taktirde asla ge\u00e7i\u015fe izin vermez, b\u00f6ylece i\u00e7eriden d\u0131\u015far\u0131ya veya d\u0131\u015far\u0131dan i\u00e7eriye usuls\u00fcz a\u011f\u0131r malzeme ge\u00e7i\u015fi veya iki ki\u015finin ayn\u0131 anda ge\u00e7mesi gibi durumlar\u0131 \u00f6nler, ve kullan\u0131c\u0131 iste\u011fine ba\u011fl\u0131 y\u00fcksek ses, PC haberle\u015fme, v b \u015fekillerde haber verebilir, bu sistem t\u00fcm standart boy turnikelerine uyarlanabilir, b\u00f6ylelikle g\u00fcvenlik d\u00fczeyini y\u00fckseltir ve mekan\u0131n g\u00fcvenli\u011fini daima en \u00fcst d\u00fczeyde tutar, montaj kiti sayesinde kolay ve h\u0131zl\u0131ca kurulabilir \u00f6ncelikle bu platform turnikenin kurulaca\u011f\u0131 zemine monte edilir, veya kullan\u0131c\u0131 iste\u011fine ba\u011fl\u0131 platform zemin y\u00fczeyine s\u0131f\u0131r olacak \u015fekilde g\u00f6m\u00fclebilir, sonras\u0131nda boy turnikesi bu platformun \u00fczerine monte edilir.<\/li>\n<li>KONTROL: Ge\u00e7i\u015f tetiklemesi 12 VDC, 24 VDC,RS 232 -RS 442-485 ile direkt PC kontroll\u00fc \u00e7al\u0131\u015fabilir tek PC ile 256 adet turnike kontrol edilebilir. \u0130stenilirse t\u00fcm access kontrol \u00fcnitesi ve di\u011fer \u00e7evre birimleri ile kullan\u0131labilir. Ge\u00e7ilen y\u00f6ne bir data \u00e7\u0131k\u0131\u015f\u0131 vard\u0131r, bu \u00e7\u0131k\u0131\u015f dijital bir \u00e7\u0131k\u0131\u015f olabilece\u011fi gibi PC ile kontrolde direkt PC ye de g\u00f6nderilebilir.<\/li>\n<li>JETON \u00dcN\u0130TES\u0130: T\u00fcm Oskar boy tipi veya tripod, V.I.P turnike modelleri i\u00e7in \u00fcretti\u011fimiz Dekoratif jeton \u00fcnitesi sayesinde, g\u00f6vde \u00fczerinde yekpare bir jeton \u00fcnitesi bulunmasa bile bu harici \u00fcnite turnikenin yan\u0131na zemine kolayl\u0131kla monte edilebilir, turnike i\u00e7erisindeki elektronik karta kolayca ba\u011flanabilir, \u00fcnite jeton haznesi ortalama 7.000 adet jeton alabilmektedir, ayn\u0131 zamanda \u00fcnite \u00fcst k\u0131s\u0131mdaki e\u011fimli b\u00f6lgeye \u00e7e\u015fitli ACCESS parmak izi okuyucu veya kart cihaz\u0131 ba\u011flanabilir, b\u00f6ylece ayn\u0131 anda dekoratif bir okuyucu s\u00fctunu olarak ta kullan\u0131labilir \u00e7ok ama\u00e7l\u0131 \u00fcretilen dekoratif \u00fcnite kullan\u0131c\u0131 iste\u011fine ba\u011fl\u0131 geni\u015f renk yelpazesi ile ( DKP elektrostatik f\u0131r\u0131n boyal\u0131) veya ( ASI 304 kalite paslanmaz \u00e7elik ) olarak \u00fcretilebilmektedir.<\/li>\n<li>JETON: Turnike jetonu standart ebat\u0131 (\u00c7ap 25 mm kal\u0131nl\u0131k 2 mm) olarak \u00fcretilmektedir malzeme cinsi ( Galvaniz kaplama DKP ) ve ( ASI 304 kalite paslanmaz) olmak \u00fczere ikiye ayr\u0131l\u0131r bu se\u00e7im kullan\u0131c\u0131 taraf\u0131ndan yap\u0131l\u0131r, ayr\u0131ca yine jeton \u00fczerine 3 harf veya 3 basamakl\u0131 say\u0131 \u015feklinde m\u00fc\u015fteri iste\u011fine ba\u011fl\u0131 \u00fcretilebilmektedir, ayr\u0131ca di\u011fer logo bask\u0131lar\u0131 veya firma isimleri gibi \u00f6zel taleplere g\u00f6re harici kal\u0131plar \u00fcretilebilmektedir.<\/li>\n<\/ul>\n<p><strong>Not: Ekipmanlar\u0131m\u0131z hortum ve bas\u0131n\u00e7l\u0131 su ile y\u0131kanmamal\u0131d\u0131r.<\/strong><\/p>\n","protected":false},"excerpt":{"rendered":"<p>TNR-BOY TURN\u0130KE STANDART DONANIM VE \u00d6ZELL\u0130KLER ENERJ\u0130: 220 VAC 50\/60 Hz Opsiyonel 110 VAC G\u00dc\u00c7 T\u00dcKET\u0130M\u0130: Maximum 25 Watt Minimum<\/p>\n","protected":false},"featured_media":9920,"template":"","meta":[],"product_brand":[],"product_cat":[127],"product_tag":[],"class_list":{"0":"post-14739","1":"product","2":"type-product","3":"status-publish","4":"has-post-thumbnail","6":"product_cat-tourniquet-de-transition","8":"first","9":"instock","10":"shipping-taxable","11":"purchasable","12":"product-type-simple"},"_links":{"self":[{"href":"https:\/\/tanriver.com.tr\/fr\/wp-json\/wp\/v2\/product\/14739","targetHints":{"allow":["GET"]}}],"collection":[{"href":"https:\/\/tanriver.com.tr\/fr\/wp-json\/wp\/v2\/product"}],"about":[{"href":"https:\/\/tanriver.com.tr\/fr\/wp-json\/wp\/v2\/types\/product"}],"wp:featuredmedia":[{"embeddable":true,"href":"https:\/\/tanriver.com.tr\/fr\/wp-json\/wp\/v2\/media\/9920"}],"wp:attachment":[{"href":"https:\/\/tanriver.com.tr\/fr\/wp-json\/wp\/v2\/media?parent=14739"}],"wp:term":[{"taxonomy":"product_brand","embeddable":true,"href":"https:\/\/tanriver.com.tr\/fr\/wp-json\/wp\/v2\/product_brand?post=14739"},{"taxonomy":"product_cat","embeddable":true,"href":"https:\/\/tanriver.com.tr\/fr\/wp-json\/wp\/v2\/product_cat?post=14739"},{"taxonomy":"product_tag","embeddable":true,"href":"https:\/\/tanriver.com.tr\/fr\/wp-json\/wp\/v2\/product_tag?post=14739"}],"curies":[{"name":"wp","href":"https:\/\/api.w.org\/{rel}","templated":true}]}}