{"id":14717,"date":"2020-04-06T09:53:23","date_gmt":"2020-04-06T09:53:23","guid":{"rendered":"http:\/\/tanriver.com.tr\/urun\/edt-tyc-100-el-dezenfektanli-taban-ve-cizme-yikamali-hijyen-bariyeri\/"},"modified":"2020-05-19T16:36:40","modified_gmt":"2020-05-19T16:36:40","slug":"edt-tyc-100-desinfectant-pour-les-mains-lavage-des-bottes-barriere-dhygiene","status":"publish","type":"product","link":"https:\/\/tanriver.com.tr\/fr\/urun\/edt-tyc-100-desinfectant-pour-les-mains-lavage-des-bottes-barriere-dhygiene\/","title":{"rendered":"EDT-TYC-100 D\u00e9sinfectant pour les mains, lavage des bottes, barri\u00e8re d&rsquo;hygi\u00e8ne"},"content":{"rendered":"<h2>Barri\u00e8re d&rsquo;hygi\u00e8ne EDT-TYC-100 avec d\u00e9sinfectant pour les mains, lavage des semelles et des bottes.<\/h2>\n<p>EDT -TYC- 100, qui est une machine \u00e0 laver les bottes, sert \u00e0 nettoyer les semelles de chaussures et les c\u00f4t\u00e9s des bottes. Le syst\u00e8me, qui permet au personnel de passer en continu conform\u00e9ment aux r\u00e8gles d&rsquo;hygi\u00e8ne, est une barri\u00e8re hygi\u00e9nique automatique et bidirectionnelle con\u00e7ue pour un nettoyage complet des c\u00f4t\u00e9s et des semelles des bottes.<\/p>\n<p>L&rsquo;appareil permet au personnel d&rsquo;entrer dans l&rsquo;atelier ou l&rsquo;installation rapidement et hygi\u00e9niquement gr\u00e2ce \u00e0 3 brosses mont\u00e9es verticalement\u00a0 avec 2 brosses mont\u00e9es horizontalement et tournant mutuellement. Les brosses horizontales peuvent \u00eatre facilement d\u00e9mont\u00e9es et install\u00e9es sans avoir besoin d&rsquo;un outil suppl\u00e9mentaire pour le nettoyage et l&rsquo;entretien quotidiens.<\/p>\n<p>La concentration de l&rsquo;agent de nettoyage peut \u00eatre contr\u00f4l\u00e9e par une buse de taille r\u00e9glable.<\/p>\n<p>Gr\u00e2ce \u00e0 la pompe doseuse int\u00e9gr\u00e9e, toutes les brosses sont pulv\u00e9ris\u00e9es avec un m\u00e9lange d&rsquo;eau et de d\u00e9tergent pendant le fonctionnement. Le temps de fonctionnement des brosses peut \u00eatre r\u00e9gl\u00e9 manuellement sur 01-10 secondes (ou plus). Le processus de fonctionnement est d\u00e9marr\u00e9 et arr\u00eat\u00e9 avec les capteurs aux points de d\u00e9part.<\/p>\n<h3>A quoi sert la barri\u00e8re d&rsquo;hygi\u00e8ne EDT-TYC-100 avec d\u00e9sinfectant pour les mains, lavage des semelles et des bottes?<\/h3>\n<p>Elle fournit une entr\u00e9e hygi\u00e9nique \u00e0 l&rsquo;installation en nettoyant les semelles, les c\u00f4t\u00e9s des bottes et la d\u00e9sinfection des mains. Cette machine pr\u00e9voit que votre personnel peut avancer rapidement et efficacement tout au long du processus de nettoyage. Elle offre la possibilit\u00e9 de d\u00e9sinfecter les mains simultan\u00e9ment tout en nettoyant les c\u00f4t\u00e9s et les semelles des bottes en d\u00e9tail.<\/p>\n<p>Notre machine, qui est bas\u00e9e sur la logique du nettoyage en marchant \u00e0 la fois, permet une st\u00e9rilisation rapide et compl\u00e8te avec la possibilit\u00e9 de nettoyer la semelle des chaussures et les c\u00f4t\u00e9s des bottes.<\/p>\n<p>Cette machine a l&rsquo;avantage de rendre l&rsquo;assainissement obligatoire en la pla\u00e7ant dans des endroits o\u00f9 les transitions sont fr\u00e9quentes, aux entr\u00e9es et sorties de l&rsquo;atelier pour s&rsquo;assurer du nettoyege des chaussures.<\/p>\n<h3>Comment cela fonctionne et ses fonctionnalit\u00e9s.<\/h3>\n<p>Elle fonctionne avec deux brosses mont\u00e9es horizontalement et trois brosses verticales. Le syst\u00e8me est enti\u00e8rement automatique et activ\u00e9 en contr\u00f4lant avec des capteurs et des valves, ce processus pr\u00e9pare et lib\u00e8re \u00e9galement l&rsquo;agent de nettoyage et le m\u00e9lange d&rsquo;eau.<\/p>\n<p>Les c\u00f4t\u00e9s des bottes et le nettoyage des semelles s&rsquo;effectuent selon les \u00e9tapes suivantes:<\/p>\n<p>Les brosses lat\u00e9rales rotatives pour nettoyer les c\u00f4t\u00e9s de la botte et les brosses mutuelles qui tournent de fa\u00e7on horizontale pour nettoyer les semelles fonctionnent simultan\u00e9ment. Un m\u00e9lange d&rsquo;eau et de d\u00e9tergent est pulv\u00e9ris\u00e9. Lorsque l&rsquo;utilisateur avance, le nettoyage de la semelle et des c\u00f4t\u00e9s de la botte est termin\u00e9.<\/p>\n<p>La prochaine \u00e9tape est la d\u00e9sinfection des mains et la derni\u00e8re \u00e9tape est le libre passage \u00e0 travers le tourniquet.<\/p>\n<h3>D\u00e9sinfection des mains<\/h3>\n<p>Notre machine \u00e0 barri\u00e8re d&rsquo;hygi\u00e8ne est \u00e9galement \u00e9quip\u00e9e d&rsquo;un syst\u00e8me de tourniquet d\u00e9sinfectant pour les mains. En plus de nettoyer les bottes, vous pouvez vous d\u00e9sinfecter les mains. Ainsi, la d\u00e9sinfection des mains devient un imp\u00e9ratif, et le passage de personnes n&rsquo;ayant pas \u00e9t\u00e9 correctement d\u00e9sinfect\u00e9es n&rsquo;est pas syst\u00e9matiquement autoris\u00e9.<\/p>\n<p>Gr\u00e2ce \u00e0 l&rsquo;unit\u00e9 de d\u00e9sinfection des mains, le d\u00e9sinfectant est appliqu\u00e9 automatiquement \u00e0 la dose d\u00e9termin\u00e9e, de sorte que seules les personnes dont les mains sont correctement nettoy\u00e9es peuvent \u00eatre introduites dans les zones de production sensibles.<\/p>\n<p>&nbsp;<\/p>\n<h3>Avantages du produit<\/h3>\n<ul>\n<li>Le temps de fonctionnement des brosses qui nettoient les semelles des chaussures \/ bottes peut \u00eatre ajust\u00e9 comme vous le souhaitez.<\/li>\n<li>Les brosses peuvent \u00eatre facilement retir\u00e9es et install\u00e9es sans avoir besoin d&rsquo;un outil suppl\u00e9mentaire, facile \u00e0 nettoyer, rapide et extr\u00eamement pratique.<\/li>\n<li>Gr\u00e2ce \u00e0 ses poils de brosse profond\u00e9ment mont\u00e9s, il offre une longue dur\u00e9e de vie.<\/li>\n<li>Une d\u00e9sinfection obligatoire des mains est fournie simultan\u00e9ment et le temps de pulv\u00e9risation du d\u00e9sinfectant pour les mains peut \u00eatre programm\u00e9 en option.<\/li>\n<li>Il est possible d&rsquo;ouvrir ou de verrouiller le sens de sortie selon vos pr\u00e9f\u00e9rences.<\/li>\n<li>Notre produit a une structure de surface de qualit\u00e9 et hygi\u00e9nique gr\u00e2ce \u00e0 l&rsquo;acier inoxydable satin\u00e9.<\/li>\n<li>Le risque d&rsquo;infection et de contamination est minimis\u00e9.<\/li>\n<li>Un dosage chimique r\u00e9glable est disponible.<\/li>\n<li>Il y a une entr\u00e9e by-pass pour les personnes qui passeront avec des chaussures ou des pantoufles.<\/li>\n<li>Il peut \u00eatre int\u00e9gr\u00e9 avec les syst\u00e8mes de lecture de cartes, de doigts ou de visages.<\/li>\n<li>Il peut \u00eatre int\u00e9gr\u00e9 avec portes automatiques.<\/li>\n<\/ul>\n<p>Dimensions de la machine: 2750 mm (longueur) x 1250 mm (largeur) x 1750 mm (hauteur)<\/p>\n","protected":false},"excerpt":{"rendered":"<p>EDT -TYC- 100, qui est une machine \u00e0 laver les bottes, sert \u00e0 nettoyer les semelles de chaussures et les c\u00f4t\u00e9s des bottes. Le syst\u00e8me, qui permet au personnel de passer en continu conform\u00e9ment aux r\u00e8gles d&rsquo;hygi\u00e8ne, est une barri\u00e8re hygi\u00e9nique automatique et bidirectionnelle con\u00e7ue pour un nettoyage complet des c\u00f4t\u00e9s et des semelles des bottes.<\/p>\n","protected":false},"featured_media":4139,"template":"","meta":[],"product_brand":[],"product_cat":[124],"product_tag":[],"class_list":{"0":"post-14717","1":"product","2":"type-product","3":"status-publish","4":"has-post-thumbnail","6":"product_cat-barrieres-dhygiene","8":"first","9":"instock","10":"shipping-taxable","11":"purchasable","12":"product-type-simple"},"_links":{"self":[{"href":"https:\/\/tanriver.com.tr\/fr\/wp-json\/wp\/v2\/product\/14717","targetHints":{"allow":["GET"]}}],"collection":[{"href":"https:\/\/tanriver.com.tr\/fr\/wp-json\/wp\/v2\/product"}],"about":[{"href":"https:\/\/tanriver.com.tr\/fr\/wp-json\/wp\/v2\/types\/product"}],"wp:featuredmedia":[{"embeddable":true,"href":"https:\/\/tanriver.com.tr\/fr\/wp-json\/wp\/v2\/media\/4139"}],"wp:attachment":[{"href":"https:\/\/tanriver.com.tr\/fr\/wp-json\/wp\/v2\/media?parent=14717"}],"wp:term":[{"taxonomy":"product_brand","embeddable":true,"href":"https:\/\/tanriver.com.tr\/fr\/wp-json\/wp\/v2\/product_brand?post=14717"},{"taxonomy":"product_cat","embeddable":true,"href":"https:\/\/tanriver.com.tr\/fr\/wp-json\/wp\/v2\/product_cat?post=14717"},{"taxonomy":"product_tag","embeddable":true,"href":"https:\/\/tanriver.com.tr\/fr\/wp-json\/wp\/v2\/product_tag?post=14717"}],"curies":[{"name":"wp","href":"https:\/\/api.w.org\/{rel}","templated":true}]}}