{"id":14557,"date":"2020-04-04T11:36:37","date_gmt":"2020-04-04T08:36:37","guid":{"rendered":"http:\/\/tanriver.com.tr\/urun\/personel-dolabi\/"},"modified":"2020-05-28T23:16:10","modified_gmt":"2020-05-28T20:16:10","slug":"personel-dolabi","status":"publish","type":"product","link":"https:\/\/tanriver.com.tr\/fr\/urun\/personel-dolabi\/","title":{"rendered":"Paslanmaz Personel Dolab\u0131"},"content":{"rendered":"<p><strong>Personel Dolab\u0131 Ne \u0130\u015fe Yarar?<\/strong><\/p>\n<p>\u0130stenilen boyutlarda \u00fcretilebilen personal dolaplar\u0131, \u00fcretim tesisi i\u00e7erisinde giysi ve ayakkab\u0131 saklamak ve muhafaza etmek i\u00e7in g\u00fcvenli ve rahat bir \u00e7\u00f6z\u00fcmd\u00fcr. Temiz ve kirli giysiler i\u00e7in b\u00f6l\u00fcnm\u00fc\u015f bir b\u00f6l\u00fcm ve uygun havaland\u0131rma i\u00e7in delikli tasar\u0131m ile maksimum konfor sunmaktad\u0131rlar.<\/p>\n<p><strong>Personel Dolab\u0131n\u0131n \u00d6zellikleri <\/strong><\/p>\n<p>\u00c7e\u015fitli kilit se\u00e7enekleri olan personel dolaplar\u0131, baretlerin saklanmas\u0131na uygun k\u00fc\u00e7\u00fck bir b\u00f6lme ve 3 kancal\u0131 bir yatay giysi ask\u0131s\u0131 ile donat\u0131lm\u0131\u015ft\u0131r. HACPP standartlar\u0131na uygun a\u00e7\u0131l\u0131 tavan\u0131 sayesinde kolay temizlik sa\u011flar ve ayn\u0131 zamanda herhangi bir objenin tavan\u0131n \u00fcst\u00fcne konmas\u0131n\u0131 \u00f6nler. Dolap, kapat\u0131ld\u0131\u011f\u0131nda bir asma kilit ile sabitlenebilir. Kap\u0131lardaki delikler optimum hava sirk\u00fclasyonunu sa\u011flar.<\/p>\n<p><strong>\u00dcr\u00fcn\u00fcn \u00d6ne \u00c7\u0131kan Faydalar\u0131<\/strong><\/p>\n<ul>\n<li>Tanr\u0131ver personel dolaplar\u0131 304 kalite Paslanmaz Satineli sa\u00e7tan imal edilmekte olup, HACCP standartlar\u0131nda uygun a\u00e7\u0131l\u0131 tavana sahiptir.<\/li>\n<li>Tesiste ihtiya\u00e7 duyulan uygun saklama ve koruma se\u00e7eneklerini sunarak hijyeni korur.<\/li>\n<li>\u0130htiya\u00e7 ve talebe g\u00f6re farkl\u0131 boyut ve b\u00f6lmelerde \u00fcretilebilme esnekli\u011fine sahiptir.<\/li>\n<li>\u00c7e\u015fitli kilit se\u00e7enekleri mevcuttur.<\/li>\n<li>2\u2019li bir personel dolab\u0131n\u0131n yakla\u015f\u0131k ebatlar\u0131 290 mm (B) x 400 mm (E) x 2080 mm (Y), 10\u2019lu personel dolab\u0131n\u0131n yakla\u015f\u0131k ebatlar\u0131 ise 1450 mm (B) x 400 mm (E) x 2080 mm (Y), \u00a0\u015feklindedir.<\/li>\n<li>Dolaplar\u0131m\u0131z 1.5mm kal\u0131nl\u0131\u011f\u0131nda sa\u00e7tan imal edilmektedir.<\/li>\n<li>Y\u00fckseklik ayarl\u0131 Paslanmaz Rotil ayaklara sahiptir<\/li>\n<\/ul>\n","protected":false},"excerpt":{"rendered":"<p>Tamamen paslanmaz \u00e7elikten \u00fcretilen personel dolab\u0131 \u00fcr\u00fcnlerimiz uzun \u00f6m\u00fcrl\u00fc ve dayan\u0131kl\u0131d\u0131r. M\u00fc\u015fteri talebine g\u00f6re farkl\u0131 ebatlara ve b\u00f6lme say\u0131lar\u0131na sahip olacak \u015fekilde \u00fcretilebilirler. Tercihe g\u00f6re \u00f6nlerine konulacak paslanmaz Benchler ile tamamlanabilirler.<\/p>\n","protected":false},"featured_media":4130,"template":"","meta":[],"product_brand":[],"product_cat":[146],"product_tag":[],"class_list":{"0":"post-14557","1":"product","2":"type-product","3":"status-publish","4":"has-post-thumbnail","6":"product_cat-casiers-en-acier-inoxydable","8":"first","9":"instock","10":"shipping-taxable","11":"purchasable","12":"product-type-simple"},"_links":{"self":[{"href":"https:\/\/tanriver.com.tr\/fr\/wp-json\/wp\/v2\/product\/14557","targetHints":{"allow":["GET"]}}],"collection":[{"href":"https:\/\/tanriver.com.tr\/fr\/wp-json\/wp\/v2\/product"}],"about":[{"href":"https:\/\/tanriver.com.tr\/fr\/wp-json\/wp\/v2\/types\/product"}],"wp:featuredmedia":[{"embeddable":true,"href":"https:\/\/tanriver.com.tr\/fr\/wp-json\/wp\/v2\/media\/4130"}],"wp:attachment":[{"href":"https:\/\/tanriver.com.tr\/fr\/wp-json\/wp\/v2\/media?parent=14557"}],"wp:term":[{"taxonomy":"product_brand","embeddable":true,"href":"https:\/\/tanriver.com.tr\/fr\/wp-json\/wp\/v2\/product_brand?post=14557"},{"taxonomy":"product_cat","embeddable":true,"href":"https:\/\/tanriver.com.tr\/fr\/wp-json\/wp\/v2\/product_cat?post=14557"},{"taxonomy":"product_tag","embeddable":true,"href":"https:\/\/tanriver.com.tr\/fr\/wp-json\/wp\/v2\/product_tag?post=14557"}],"curies":[{"name":"wp","href":"https:\/\/api.w.org\/{rel}","templated":true}]}}