{"id":14543,"date":"2020-04-04T11:35:48","date_gmt":"2020-04-04T11:35:48","guid":{"rendered":"http:\/\/tanriver.com.tr\/urun\/cizme-kurutma\/"},"modified":"2020-05-19T16:44:17","modified_gmt":"2020-05-19T16:44:17","slug":"machine-de-sechage-de-bottes","status":"publish","type":"product","link":"https:\/\/tanriver.com.tr\/fr\/urun\/machine-de-sechage-de-bottes\/","title":{"rendered":"Machine de s\u00e9chage de bottes"},"content":{"rendered":"<p>Nous connaissons tous l&rsquo;importance d&rsquo;un niveau maximal d&rsquo;hygi\u00e8ne et son impact sur nos vies. Les \u00e9quipements d&rsquo;hygi\u00e8ne Tanriver garantissent une hygi\u00e8ne maximale du personnel et des installations dans une grande vari\u00e9t\u00e9 d&rsquo;industries, en particulier aux points d&rsquo;entr\u00e9e et de sortie de la production, qui sont tr\u00e8s importants dans les entreprises alimentaires.<\/p>\n<p>Des pantoufles ou des bottes sont utilis\u00e9es comme chaussures de travail par le personnel lors de l&rsquo;entr\u00e9e et de la sortie des zones de travail dans l&rsquo;industrie alimentaire et l&rsquo;industrie des boissons. Comme ces bottes ou pantoufles ne sont pas 100% \u00e9tanches, elles font parfois mouiller les pieds du personnel. De ce fait, une augmentation de la grippe peut \u00eatre observ\u00e9e surtout en hiver. En \u00e9t\u00e9, il provoque des maladies fongiques et similaires en raison de la transpiration des pieds. Par cons\u00e9quent, il y a des cons\u00e9quences telles qu&rsquo;une diminution des performances du personnel et parfois l&rsquo;obligation de travailler avec la main-d&rsquo;\u0153uvre manquante. Il est essentiel de pr\u00e9venir ces maladies et situations ind\u00e9sirables, et de garder les bottes et les chaussures s\u00e8ches et propres. <strong>\u00a0En tant qu&rsquo;\u00e9quipements<\/strong>\u00a0 d&rsquo;hygi\u00e8ne Tanriver, <strong>\u00a0nous fournissons des s\u00e8che-bottes \u00e0 nos clients<\/strong>\u00a0 pour pr\u00e9venir les maladies possibles, les odeurs ind\u00e9sirables sur le lieu de travail et soutenir la protection de l&rsquo;hygi\u00e8ne<\/p>\n<h3>Comment cela fonctionne et ses fonctionnalit\u00e9s.<\/h3>\n<p>Nos s\u00e8che-bottes r\u00e9duisent efficacement l&rsquo;humidit\u00e9 pour le stockage, le s\u00e9chage et l&rsquo;hygi\u00e8ne de tous les types de chaussures de travail. Cela \u00e9limine l&rsquo;humidit\u00e9 et les odeurs d\u00e9sagr\u00e9ables de mani\u00e8re pratique et syst\u00e9matique afin que la chaussure soit pr\u00eate \u00e0 l&#8217;emploi.<\/p>\n<p>La machine de s\u00e9chage de bottes a des options fixes sur le mur ou le plancher sur pieds, elle a un thermostat et une minuterie et des goupilles sp\u00e9ciales de soufflage d&rsquo;air chaud. Afin de s\u00e9cher les bottes, la dur\u00e9e du programme de s\u00e9chage peut \u00eatre ajust\u00e9e en fonction des pr\u00e9f\u00e9rences, le syst\u00e8me s&rsquo;active et s&rsquo;arr\u00eate automatiquement.<\/p>\n<p>D\u00e9sinfection \u00e0 l&rsquo;ozone; L&rsquo;air de s\u00e9chage est enrichi en ozone gr\u00e2ce au g\u00e9n\u00e9rateur d&rsquo;ozone propos\u00e9 en option suppl\u00e9mentaire. Le m\u00e9lange d&rsquo;ozone r\u00e9sultant tue en toute s\u00e9curit\u00e9 les germes, les champignons et les micro-organismes.<\/p>\n<p>Les vannes de soufflage garantissent que l&rsquo;air chaud ne souffle que lorsque la botte est fix\u00e9e. Cela emp\u00eache l&rsquo;air chaud d&rsquo;\u00eatre lib\u00e9r\u00e9 dans l&rsquo;air et le chauffage inutile de l&rsquo;environnement.<\/p>\n<h3>Avantages du produit<\/h3>\n<ul>\n<li>Elle minimise les risques de contamination dans l&rsquo;industrie des aliments et des boissons, prot\u00e8ge l&rsquo;hygi\u00e8ne et la sant\u00e9 du personnel.<\/li>\n<li>Elle est conforme aux exigences et normes de qualit\u00e9 \u00e9lev\u00e9es exig\u00e9es par l&rsquo;ISO, HACCP<\/li>\n<li>Elle assure la continuit\u00e9 de l&#8217;emploi et apporte rapidement des solutions \u00e0 vos besoins.<\/li>\n<li>C&rsquo;est un \u00e9quipement de haute fonction, de haute technologie et facile \u00e0 utiliser.<\/li>\n<li>Il existe des options pour \u00eatre mont\u00e9 sur le mur ou le sol.<\/li>\n<li>Tout en s\u00e9chant les bottes, il offre \u00e9galement un espace de stockage.<\/li>\n<li>Gr\u00e2ce \u00e0 sa construction en acier inoxydable satin\u00e9, elle a une surface hygi\u00e9nique et ne contient pas de microbes.<\/li>\n<li>Les mod\u00e8les suivants sont disponibles: 15 paires \u00e0 sens unique, 20 paires \u00e0 sens unique, 30 paires \u00e0 double sens, 50 paires \u00e0 sens unique<\/li>\n<\/ul>\n<p>&nbsp;<\/p>\n<p><strong>Double c\u00f4t\u00e9s des ann\u00e9es 50<\/strong><br \/>\n<strong>Dimensions:<\/strong> 1750 mm (longueur) x 500 mm (largeur) x 1900 mm (hauteur)<\/p>\n<p><strong>50&rsquo;s one side<\/strong><br \/>\n<strong>Dimensions:<\/strong> 2000 mm (longueur) x 500 mm (largeur) x 1900 mm (hauteur)<\/p>\n<p><strong>30s d&rsquo;un c\u00f4t\u00e9<\/strong><br \/>\n<strong>Dimensions:<\/strong> 1450 mm (longueur) x 500 mm (largeur) x 1900 mm (hauteur)<\/p>\n","protected":false},"excerpt":{"rendered":"<p>Nous connaissons tous l&rsquo;importance d&rsquo;un niveau maximal d&rsquo;hygi\u00e8ne et son impact sur nos vies. Les \u00e9quipements d&rsquo;hygi\u00e8ne Tanriver garantissent une hygi\u00e8ne maximale du personnel et des installations dans une grande vari\u00e9t\u00e9 d&rsquo;industries, en particulier aux points d&rsquo;entr\u00e9e et de sortie de la production, qui sont tr\u00e8s importants dans les entreprises alimentaires.<\/p>\n","protected":false},"featured_media":5253,"template":"","meta":[],"product_brand":[],"product_cat":[155],"product_tag":[],"class_list":{"0":"post-14543","1":"product","2":"type-product","3":"status-publish","4":"has-post-thumbnail","6":"product_cat-machine-de-sechage-de-bottes","8":"first","9":"instock","10":"shipping-taxable","11":"purchasable","12":"product-type-simple"},"_links":{"self":[{"href":"https:\/\/tanriver.com.tr\/fr\/wp-json\/wp\/v2\/product\/14543","targetHints":{"allow":["GET"]}}],"collection":[{"href":"https:\/\/tanriver.com.tr\/fr\/wp-json\/wp\/v2\/product"}],"about":[{"href":"https:\/\/tanriver.com.tr\/fr\/wp-json\/wp\/v2\/types\/product"}],"wp:featuredmedia":[{"embeddable":true,"href":"https:\/\/tanriver.com.tr\/fr\/wp-json\/wp\/v2\/media\/5253"}],"wp:attachment":[{"href":"https:\/\/tanriver.com.tr\/fr\/wp-json\/wp\/v2\/media?parent=14543"}],"wp:term":[{"taxonomy":"product_brand","embeddable":true,"href":"https:\/\/tanriver.com.tr\/fr\/wp-json\/wp\/v2\/product_brand?post=14543"},{"taxonomy":"product_cat","embeddable":true,"href":"https:\/\/tanriver.com.tr\/fr\/wp-json\/wp\/v2\/product_cat?post=14543"},{"taxonomy":"product_tag","embeddable":true,"href":"https:\/\/tanriver.com.tr\/fr\/wp-json\/wp\/v2\/product_tag?post=14543"}],"curies":[{"name":"wp","href":"https:\/\/api.w.org\/{rel}","templated":true}]}}