{"id":14535,"date":"2020-04-04T11:21:47","date_gmt":"2020-04-04T11:21:47","guid":{"rendered":"http:\/\/tanriver.com.tr\/urun\/yte-5-bes-musluklu-dizden-sensorlu-yalak-tipi-evye\/"},"modified":"2020-05-19T16:45:01","modified_gmt":"2020-05-19T16:45:01","slug":"yte-5-lavabo-5-places-avec-capteur-de-genou","status":"publish","type":"product","link":"https:\/\/tanriver.com.tr\/fr\/urun\/yte-5-lavabo-5-places-avec-capteur-de-genou\/","title":{"rendered":"YTE 5 Lavabo 5 places avec capteur de genou"},"content":{"rendered":"<p>Les produits d&rsquo;\u00e9vier des \u00e9quipements d&rsquo;hygi\u00e8ne Tanriver sont tr\u00e8s hygi\u00e9niques et offrent une \u00e9conomie d&rsquo;\u00e9nergie et une rentabilit\u00e9.\u00a0 Lors du lavage des mains, l&rsquo;eau ne coule que lorsque l&rsquo;on se tient devant l&rsquo;\u00e9vier; ainsi, le gaspillage d&rsquo;eau est \u00e9vit\u00e9, et gr\u00e2ce aux capteurs, les mains sont lav\u00e9es sans toucher n&rsquo;importe o\u00f9, et le risque de contamination est r\u00e9duit.<\/p>\n<p>Nos \u00e9viers offrent un lavage des mains efficace, un gain de temps et d&rsquo;eau et une hygi\u00e8ne maximale des mains. Le robinet d&rsquo;eau murale est chrom\u00e9, enti\u00e8rement en acier inoxydable, y compris le dos anti-\u00e9claboussures. Il est pr\u00e9sent\u00e9 \u00e0 nos clients comme une excellente solution pour les installations industrielles visant \u00e0 respecter des normes d&rsquo;hygi\u00e8ne \u00e9lev\u00e9es.<\/p>\n<p>Les \u00e9viers Tanriver ont une large gamme de fonctions et d&rsquo;accessoires. Selon le nombre d&#8217;employ\u00e9s, vous pouvez choisir parmi des mod\u00e8les avec des robinets simples ou multiples qui peuvent \u00eatre mont\u00e9s au sol ou au mur. Ainsi, vous pouvez asurer le lavage des mains de nombreux utilisateurs et augmenter l&rsquo;efficacit\u00e9 de l&rsquo;hygi\u00e8ne en m\u00eame temps.<\/p>\n<p>Nos \u00e9viers ergonomiques offrent une hygi\u00e8ne maximale. Pour \u00e9viter les odeurs d\u00e9sagr\u00e9ables, un siphon est fix\u00e9 au drain.<\/p>\n<p><strong>\u00a0<\/strong><\/p>\n<p><strong>Avantages du produit<\/strong><\/p>\n<ul>\n<li>En option, le nombre de robinets peut \u00eatre augment\u00e9 dans les \u00e9viers (maximum 5 robinets d&rsquo;eau).<\/li>\n<li>Il est propos\u00e9 en options de montage mural ou au sol.<\/li>\n<li>Le gaspillage d&rsquo;eau est \u00e9vit\u00e9 par la perception du mouvement du capteur.<\/li>\n<li>Des distributeurs de savon ou de d\u00e9sinfectant peuvent \u00eatre ajout\u00e9s \u00e0 l&rsquo;\u00e9vier (en option).<\/li>\n<li>L&rsquo;eau ne s&rsquo;accumule pas dans les coins de l&rsquo;\u00e9vier, elle a une ar\u00eate arri\u00e8re qui emp\u00eache les \u00e9claboussures.<\/li>\n<li>Notre produit a une structure de surface de qualit\u00e9 et hygi\u00e9nique gr\u00e2ce \u00e0 l&rsquo;acier inoxydable satin\u00e9.<\/li>\n<\/ul>\n<p>Le risque d&rsquo;infection et de contamination est minimis\u00e9.<\/p>\n<p>&nbsp;<\/p>\n","protected":false},"excerpt":{"rendered":"<p>Les produits d&rsquo;\u00e9vier des \u00e9quipements d&rsquo;hygi\u00e8ne Tanriver sont tr\u00e8s hygi\u00e9niques et offrent une \u00e9conomie d&rsquo;\u00e9nergie et une rentabilit\u00e9.\u00a0 Lors du lavage des mains, l&rsquo;eau ne coule que lorsque l&rsquo;on se tient devant l&rsquo;\u00e9vier; ainsi, le gaspillage d&rsquo;eau est \u00e9vit\u00e9, et gr\u00e2ce aux capteurs, les mains sont lav\u00e9es sans toucher n&rsquo;importe o\u00f9, et le risque de contamination est r\u00e9duit.<\/p>\n","protected":false},"featured_media":5244,"template":"","meta":[],"product_brand":[],"product_cat":[136],"product_tag":[],"class_list":{"0":"post-14535","1":"product","2":"type-product","3":"status-publish","4":"has-post-thumbnail","6":"product_cat-evier-en-acier-inoxydable","8":"first","9":"instock","10":"shipping-taxable","11":"purchasable","12":"product-type-simple"},"_links":{"self":[{"href":"https:\/\/tanriver.com.tr\/fr\/wp-json\/wp\/v2\/product\/14535","targetHints":{"allow":["GET"]}}],"collection":[{"href":"https:\/\/tanriver.com.tr\/fr\/wp-json\/wp\/v2\/product"}],"about":[{"href":"https:\/\/tanriver.com.tr\/fr\/wp-json\/wp\/v2\/types\/product"}],"wp:featuredmedia":[{"embeddable":true,"href":"https:\/\/tanriver.com.tr\/fr\/wp-json\/wp\/v2\/media\/5244"}],"wp:attachment":[{"href":"https:\/\/tanriver.com.tr\/fr\/wp-json\/wp\/v2\/media?parent=14535"}],"wp:term":[{"taxonomy":"product_brand","embeddable":true,"href":"https:\/\/tanriver.com.tr\/fr\/wp-json\/wp\/v2\/product_brand?post=14535"},{"taxonomy":"product_cat","embeddable":true,"href":"https:\/\/tanriver.com.tr\/fr\/wp-json\/wp\/v2\/product_cat?post=14535"},{"taxonomy":"product_tag","embeddable":true,"href":"https:\/\/tanriver.com.tr\/fr\/wp-json\/wp\/v2\/product_tag?post=14535"}],"curies":[{"name":"wp","href":"https:\/\/api.w.org\/{rel}","templated":true}]}}