{"id":14521,"date":"2020-04-04T11:21:04","date_gmt":"2020-04-04T11:21:04","guid":{"rendered":"http:\/\/tanriver.com.tr\/urun\/yte-4-dort-musluklu-dizden-sensorlu-yalak-tipi-evye\/"},"modified":"2020-05-19T16:44:41","modified_gmt":"2020-05-19T16:44:41","slug":"yte-4-lavabo-5-places-avec-capteur-de-genou","status":"publish","type":"product","link":"https:\/\/tanriver.com.tr\/fr\/urun\/yte-4-lavabo-5-places-avec-capteur-de-genou\/","title":{"rendered":"YTE 4 Lavabo 5 places avec capteur de genou"},"content":{"rendered":"<p>Les produits d&rsquo;\u00e9vier des \u00e9quipements d&rsquo;hygi\u00e8ne Tanriver sont tr\u00e8s hygi\u00e9niques et offrent une \u00e9conomie d&rsquo;\u00e9nergie et une rentabilit\u00e9.\u00a0 Lors du lavage des mains, l&rsquo;eau ne coule que lorsque l&rsquo;on se tient devant l&rsquo;\u00e9vier; ainsi, le gaspillage d&rsquo;eau est \u00e9vit\u00e9, et gr\u00e2ce aux capteurs, les mains sont lav\u00e9es sans toucher n&rsquo;importe o\u00f9, et le risque de contamination est r\u00e9duit.<\/p>\n<p>Nos \u00e9viers offrent un lavage des mains efficace, un gain de temps et d&rsquo;eau et une hygi\u00e8ne maximale des mains. Le robinet d&rsquo;eau murale est chrom\u00e9, enti\u00e8rement en acier inoxydable, y compris le dos anti-\u00e9claboussures. Il est pr\u00e9sent\u00e9 \u00e0 nos clients comme une excellente solution pour les installations industrielles visant \u00e0 respecter des normes d&rsquo;hygi\u00e8ne \u00e9lev\u00e9es.<\/p>\n<p>Les \u00e9viers Tanriver ont une large gamme de fonctions et d&rsquo;accessoires. Selon le nombre d&#8217;employ\u00e9s, vous pouvez choisir parmi des mod\u00e8les avec des robinets simples ou multiples qui peuvent \u00eatre mont\u00e9s au sol ou au mur. Ainsi, vous pouvez asurer le lavage des mains de nombreux utilisateurs et augmenter l&rsquo;efficacit\u00e9 de l&rsquo;hygi\u00e8ne en m\u00eame temps.<\/p>\n<p>Nos \u00e9viers ergonomiques offrent une hygi\u00e8ne maximale. Pour \u00e9viter les odeurs d\u00e9sagr\u00e9ables, un siphon est fix\u00e9 au drain.<\/p>\n<p><strong>\u00a0<\/strong><\/p>\n<p><strong>Avantages du produit<\/strong><\/p>\n<ul>\n<li>En option, le nombre de robinets peut \u00eatre augment\u00e9 dans les \u00e9viers (maximum 5 robinets d&rsquo;eau).<\/li>\n<li>Il est propos\u00e9 en options de montage mural ou au sol.<\/li>\n<li>Le gaspillage d&rsquo;eau est \u00e9vit\u00e9 par la perception du mouvement du capteur.<\/li>\n<li>Des distributeurs de savon ou de d\u00e9sinfectant peuvent \u00eatre ajout\u00e9s \u00e0 l&rsquo;\u00e9vier (en option).<\/li>\n<li>L&rsquo;eau ne s&rsquo;accumule pas dans les coins de l&rsquo;\u00e9vier, elle a une ar\u00eate arri\u00e8re qui emp\u00eache les \u00e9claboussures.<\/li>\n<li>Notre produit a une structure de surface de qualit\u00e9 et hygi\u00e9nique gr\u00e2ce \u00e0 l&rsquo;acier inoxydable satin\u00e9.<\/li>\n<\/ul>\n<p>Le risque d&rsquo;infection et de contamination est minimis\u00e9.<\/p>\n","protected":false},"excerpt":{"rendered":"<p>Tanr\u0131ver hijyen ekipmanlar\u0131ndan evye \u00fcr\u00fcnleri, enerji tasarrufu ve karl\u0131l\u0131k sa\u011flaman\u0131n yan\u0131 s\u0131ra olduk\u00e7a hijyeniktir.\u00a0 Elleri y\u0131karken, su ancak evyenin \u00f6n\u00fcnde duruldu\u011fu zaman akmaktad\u0131r; b\u00f6ylece su israf\u0131 engellenmektedir ve sens\u00f6rler sayesinde eller hi\u00e7bir yerle temas etmeden y\u0131kanmakta, bula\u015f riski azalmaktad\u0131r.<\/p>\n<p>Evyelerimiz verimli bir \u015fekilde el y\u0131kama, zamandan ve sudan tasarruf etme ve de maksimum el hijyeni imkanlar\u0131 sunmaktad\u0131r. Duvar \u00e7\u0131k\u0131\u015fl\u0131 su muslu\u011fu krom kaplamad\u0131r, s\u0131\u00e7rama \u00f6nleme s\u0131rt\u0131 da dahil olmak \u00fczere tamamen paslanmaz \u00e7elikten imal edilmi\u015ftir. Y\u00fcksek hijyen standartlar\u0131n\u0131 uyum sa\u011flamay\u0131 ama\u00e7layan end\u00fcstriyel tesisler i\u00e7in m\u00fckemmel bir \u00e7\u00f6z\u00fcm olarak m\u00fc\u015fterilerimize sunulmaktad\u0131r.<\/p>\n","protected":false},"featured_media":5235,"template":"","meta":[],"product_brand":[],"product_cat":[136],"product_tag":[],"class_list":{"0":"post-14521","1":"product","2":"type-product","3":"status-publish","4":"has-post-thumbnail","6":"product_cat-evier-en-acier-inoxydable","8":"first","9":"instock","10":"shipping-taxable","11":"purchasable","12":"product-type-simple"},"_links":{"self":[{"href":"https:\/\/tanriver.com.tr\/fr\/wp-json\/wp\/v2\/product\/14521","targetHints":{"allow":["GET"]}}],"collection":[{"href":"https:\/\/tanriver.com.tr\/fr\/wp-json\/wp\/v2\/product"}],"about":[{"href":"https:\/\/tanriver.com.tr\/fr\/wp-json\/wp\/v2\/types\/product"}],"wp:featuredmedia":[{"embeddable":true,"href":"https:\/\/tanriver.com.tr\/fr\/wp-json\/wp\/v2\/media\/5235"}],"wp:attachment":[{"href":"https:\/\/tanriver.com.tr\/fr\/wp-json\/wp\/v2\/media?parent=14521"}],"wp:term":[{"taxonomy":"product_brand","embeddable":true,"href":"https:\/\/tanriver.com.tr\/fr\/wp-json\/wp\/v2\/product_brand?post=14521"},{"taxonomy":"product_cat","embeddable":true,"href":"https:\/\/tanriver.com.tr\/fr\/wp-json\/wp\/v2\/product_cat?post=14521"},{"taxonomy":"product_tag","embeddable":true,"href":"https:\/\/tanriver.com.tr\/fr\/wp-json\/wp\/v2\/product_tag?post=14521"}],"curies":[{"name":"wp","href":"https:\/\/api.w.org\/{rel}","templated":true}]}}