{"id":14466,"date":"2020-04-04T11:16:26","date_gmt":"2020-04-04T11:16:26","guid":{"rendered":"http:\/\/tanriver.com.tr\/urun\/compact-taf-evyeli-jet-kurutuculu-el-ve-taban-dezenfektanli-compact-hijyen-bariyeri\/"},"modified":"2020-05-19T16:47:12","modified_gmt":"2020-05-19T16:47:12","slug":"compact-taf-brosse-systeme-lavage-a-la-main-tapis-pour-les-pieds-ligne-dhygiene-de-tourniquet-desinfectant-pour-les-mains","status":"publish","type":"product","link":"https:\/\/tanriver.com.tr\/fr\/urun\/compact-taf-brosse-systeme-lavage-a-la-main-tapis-pour-les-pieds-ligne-dhygiene-de-tourniquet-desinfectant-pour-les-mains\/","title":{"rendered":"COMPACT-TAF brosse systeme, Lavage \u00e0 la main, tapis pour les pieds, ligne d&rsquo;hygi\u00e8ne de tourniquet d\u00e9sinfectant pour les mains"},"content":{"rendered":"<p><strong>Barri\u00e8re hygi\u00e9nique compacte avec \u00e9vier COMPACT-TAF, s\u00e9choir \u00e0 jet, d\u00e9sinfectant pour les mains et les pieds<\/strong><\/p>\n<p>Notre machine est con\u00e7ue comme une station d&rsquo;hygi\u00e8ne compl\u00e8te qui comprend le lavage des mains, le s\u00e9chage des mains et le tourniquet d\u00e9sinfectant pour les mains, le lavage des semelles de chaussures.\u00a0 L&rsquo;\u00e9vier fonctionne avec le capteur et la station de d\u00e9sinfection des mains propose des processus de lavage, de s\u00e9chage et de d\u00e9sinfection ensemble via des capteurs sans aucun contact physique.<\/p>\n<p>Les barri\u00e8res d&rsquo;hygi\u00e8ne en acier inoxydable\u00a0<strong> Tanr\u0131ver, tr\u00e8s utiles, faciles \u00e0 entretenir et \u00e9conomiques <\/strong>\u00a0offrent des solutions adapt\u00e9es aux entreprises qui souhaitent se conformer \u00e0 des normes d&rsquo;hygi\u00e8ne \u00e9lev\u00e9es.<\/p>\n<p><strong>A quoi sert la barri\u00e8re hygi\u00e9nique compacte avec \u00e9vier COMPACT-TAF, s\u00e9choir \u00e0 jet, d\u00e9sinfectant pour les mains et les pieds?<\/strong><\/p>\n<p>Cette barri\u00e8re d&rsquo;hygi\u00e8ne a l&rsquo;avantage de rendre l&rsquo;assainissement obligatoire en la pla\u00e7ant dans des endroits o\u00f9 les transitions sont fr\u00e9quentes, aux entr\u00e9es et sorties de l&rsquo;atelier pour assurer son nettoyage personnel.<\/p>\n<p>Dans des installations de production \u00e0 haute capacit\u00e9, sans permettre au personnel de perdre du temps et d&rsquo;attendre en ligne; toutes les \u00e9tapes d&rsquo;assainissement sont effectu\u00e9es sans contact des pieds avec le nettoyage de la semelle du pied, le lavage des mains, la d\u00e9sinfection des mains et le s\u00e9choir \u00e0 jet. Ainsi, l&rsquo;hygi\u00e8ne est maintenue en assurant la st\u00e9rilisation maximale des employ\u00e9s dans un d\u00e9lai optimal.<\/p>\n<h1><strong>COMPACT-TAF<\/strong> \u00a0\u00a0<strong>\u00a0\u00a0Comment cela fonctionne et ses fonctionnalit\u00e9s<\/strong><\/h1>\n<p>Le tourniquet d\u00e9sinfectant pour les mains ne fonctionne pas et le tourniquet ne s&rsquo;ouvre pas sans se laver les mains. Pendant le lavage des mains, du SAVON LIQUIDE est inject\u00e9 dans l&rsquo;eau pendant 3 secondes, apr\u00e8s 3 secondes, l&rsquo;eau de rin\u00e7age s&rsquo;\u00e9coule automatiquement. De cette fa\u00e7on, les mains sont ABSOLUMENT lav\u00e9es avec du SAVON puis d\u00e9sinfect\u00e9es.<\/p>\n<p>Les bas de chaussures sont nettoy\u00e9s avec un m\u00e9lange d&rsquo;eau et de produits chimiques pulv\u00e9ris\u00e9s sur des brosses de 1000 mm, Il y a un tuyau de vidange de 40 mm sous la machine et il doit \u00eatre transf\u00e9r\u00e9 aux tuyaux de vidanges.<\/p>\n<p>La station d&rsquo;hygi\u00e8ne compacte combine tous les composants n\u00e9cessaires \u00e0 une personne pour entrer dans la zone de production en termes d&rsquo;hygi\u00e8ne personnelle.<\/p>\n<p><strong>Avantages du produit<\/strong><\/p>\n<ul>\n<li>Les mains sont lav\u00e9es avec 100% de savon, aucun traitement sans savon n&rsquo;a lieu.<\/li>\n<li>Le lavage des semelles et le lavage des mains puis la d\u00e9sinfection se font en une seule \u00e9tape.<\/li>\n<li>Elle assure un assainissement rapide et efficace de l&rsquo;installation et fait gagner du temps pour les ateliers de grande capacit\u00e9.<\/li>\n<li>Le capteur fonctionne de mani\u00e8re contr\u00f4l\u00e9e, les processus de lavage, de s\u00e9chage et de d\u00e9sinfection des mains sont effectu\u00e9s sans contact avec les mains.<\/li>\n<li>Une d\u00e9sinfection obligatoire des mains est fournie simultan\u00e9ment et le temps de pulv\u00e9risation du d\u00e9sinfectant pour les mains peut \u00eatre programm\u00e9 en option.<\/li>\n<li>Il est ouvert vers la direction de sortie et il y a un verrou de tourniquet qui peut \u00eatre ajust\u00e9 en option.<\/li>\n<li>Le temps de passage du tourniquet peut \u00eatre ajust\u00e9.<\/li>\n<li>Notre produit a une structure de surface de qualit\u00e9 et hygi\u00e9nique gr\u00e2ce \u00e0 l&rsquo;acier inoxydable satin\u00e9.<\/li>\n<li>Le risque d&rsquo;infection et de contamination est minimis\u00e9.<\/li>\n<li>Un dosage chimique r\u00e9glable est disponible.<\/li>\n<\/ul>\n<h2>Il propose des processus de lavage, de s\u00e9chage et de d\u00e9sinfection ensemble via des capteurs sans aucun contact physique avec les mains, \u00e9liminant ainsi le risque de contamination.<\/h2>\n","protected":false},"excerpt":{"rendered":"<p>Notre machine est con\u00e7ue comme une station d&rsquo;hygi\u00e8ne compl\u00e8te qui comprend le lavage des mains, le s\u00e9chage des mains et le tourniquet d\u00e9sinfectant pour les mains, le lavage des semelles de chaussures.\u00a0 L&rsquo;\u00e9vier fonctionne avec le capteur et la station de d\u00e9sinfection des mains propose des processus de lavage, de s\u00e9chage et de d\u00e9sinfection ensemble via des capteurs sans aucun contact physique.<\/p>\n","protected":false},"featured_media":4076,"template":"","meta":[],"product_brand":[],"product_cat":[124],"product_tag":[],"class_list":{"0":"post-14466","1":"product","2":"type-product","3":"status-publish","4":"has-post-thumbnail","6":"product_cat-barrieres-dhygiene","8":"first","9":"instock","10":"shipping-taxable","11":"purchasable","12":"product-type-simple"},"_links":{"self":[{"href":"https:\/\/tanriver.com.tr\/fr\/wp-json\/wp\/v2\/product\/14466","targetHints":{"allow":["GET"]}}],"collection":[{"href":"https:\/\/tanriver.com.tr\/fr\/wp-json\/wp\/v2\/product"}],"about":[{"href":"https:\/\/tanriver.com.tr\/fr\/wp-json\/wp\/v2\/types\/product"}],"wp:featuredmedia":[{"embeddable":true,"href":"https:\/\/tanriver.com.tr\/fr\/wp-json\/wp\/v2\/media\/4076"}],"wp:attachment":[{"href":"https:\/\/tanriver.com.tr\/fr\/wp-json\/wp\/v2\/media?parent=14466"}],"wp:term":[{"taxonomy":"product_brand","embeddable":true,"href":"https:\/\/tanriver.com.tr\/fr\/wp-json\/wp\/v2\/product_brand?post=14466"},{"taxonomy":"product_cat","embeddable":true,"href":"https:\/\/tanriver.com.tr\/fr\/wp-json\/wp\/v2\/product_cat?post=14466"},{"taxonomy":"product_tag","embeddable":true,"href":"https:\/\/tanriver.com.tr\/fr\/wp-json\/wp\/v2\/product_tag?post=14466"}],"curies":[{"name":"wp","href":"https:\/\/api.w.org\/{rel}","templated":true}]}}