{"id":14816,"date":"2020-05-08T16:53:06","date_gmt":"2020-05-08T16:53:06","guid":{"rendered":"http:\/\/tanriver.com.tr\/urun\/jet-el-kurutucu\/"},"modified":"2020-05-26T07:40:42","modified_gmt":"2020-05-26T07:40:42","slug":"jet-el-kurutucu","status":"publish","type":"product","link":"https:\/\/tanriver.com.tr\/fa\/urun\/jet-el-kurutucu\/","title":{"rendered":"\u062e\u0634\u06a9 \u06a9\u0646 \u0628\u0631\u0642\u06cc \u062f\u0633\u062a"},"content":{"rendered":"<p>Product Size (mm) \/ \u00dcr\u00fcn Boyutlar\u0131: 300(W) x 557(H) x 194(D)<br \/>\nRated Power \/ Voltaj: AC230V, 50\/60Hz<br \/>\nRated Power Consumption \/ G\u00fc\u00e7: S\u0131cak 1850W, So\u011fuk 1330W<br \/>\nMotor<br \/>\n\u00dcfleme H\u0131z\u0131 90m\/sec<br \/>\nRPM Motor Devri 31.000rpm<br \/>\nKurutma S\u00fcresi: 5-15 seconds (adjustable in 6 phases)<br \/>\nFiltre: Hepa Filter<br \/>\nBlast Fan: Turbo Fan<br \/>\nSafety Device: Thermal Fuse, Bimetal S\/W, Overcurrent Fuse, Automatic Stop Function (Over 1 min.)<br \/>\nCover material: ABS Resin \/ Heat-resistant Resin<br \/>\nCapacity of Water Receiver 1.100ml<br \/>\nBox Size (1Set\/Box,mm): 390(W) x 580(D) x 270(H)<br \/>\nWeight: 6,5Kg.<\/p>\n","protected":false},"excerpt":{"rendered":"<p>\u00dczerindeki antibakteriyel kaplama ve 2 kademe filtre sistemi (Aktif Karbon ve patentli Enzim Hepa 13 filtre) sayesinde \u00fcfledi\u011fi havay\u0131 mikroplardan ve bakterilerden ar\u0131nd\u0131rarak hijyenik bir ortam sa\u011flar. Ayr\u0131ca filtre haznesinde bulunan \u00f6zel aroma sayesinde bulundu\u011fu ortama ferahlat\u0131c\u0131 ve \u00e7ok ho\u015f bir koku verir. K\u00e2\u011f\u0131t havlu giderleriyle k\u0131yaslanamayacak kadar d\u00fc\u015f\u00fck enerji t\u00fcketimiyle i\u015fletmenizin tasarruf etmesini sa\u011flar (100 kullan\u0131c\u0131n\u0131n 10 saniye s\u00fcreyle kullan\u0131m\u0131nda yakla\u015f\u0131k olarak 10 Kuru\u015fluk elektrik masraf\u0131 olur).<br \/>\nDRY, El kurutma s\u0131ras\u0131nda at\u0131lan suyun, cihaz alt\u0131nda bulunan su haznesinde toplanmas\u0131n\u0131 sa\u011flayarak yerlerin \u0131slanmas\u0131n\u0131 \u00f6nler. Su haznesi, g\u00fcn sonunda bo\u015falt\u0131larak kolayca temizlenebilir. Su haznesinin dolmas\u0131 halinde ise i\u00e7inde bulunan sens\u00f6r sayesinde uyar\u0131 verir.<\/p>\n","protected":false},"featured_media":10134,"template":"","meta":[],"product_brand":[],"product_cat":[83],"product_tag":[235,236,237,238,239,240],"class_list":{"0":"post-14816","1":"product","2":"type-product","3":"status-publish","4":"has-post-thumbnail","6":"product_cat-83","7":"product_tag-el-kurutma-cihazi-fa","8":"product_tag-el-kurutma-makinasi-fa","9":"product_tag-fotoselli-el-kurutma-makinasi-fa","10":"product_tag-jet-el-kurutucu-fa","11":"product_tag-jet-motorlu-el-kurutma-makinasi-fa","12":"product_tag-yuksek-hizli-el-kurutma-makinesi-fa","14":"first","15":"instock","16":"shipping-taxable","17":"purchasable","18":"product-type-simple"},"_links":{"self":[{"href":"https:\/\/tanriver.com.tr\/fa\/wp-json\/wp\/v2\/product\/14816","targetHints":{"allow":["GET"]}}],"collection":[{"href":"https:\/\/tanriver.com.tr\/fa\/wp-json\/wp\/v2\/product"}],"about":[{"href":"https:\/\/tanriver.com.tr\/fa\/wp-json\/wp\/v2\/types\/product"}],"wp:featuredmedia":[{"embeddable":true,"href":"https:\/\/tanriver.com.tr\/fa\/wp-json\/wp\/v2\/media\/10134"}],"wp:attachment":[{"href":"https:\/\/tanriver.com.tr\/fa\/wp-json\/wp\/v2\/media?parent=14816"}],"wp:term":[{"taxonomy":"product_brand","embeddable":true,"href":"https:\/\/tanriver.com.tr\/fa\/wp-json\/wp\/v2\/product_brand?post=14816"},{"taxonomy":"product_cat","embeddable":true,"href":"https:\/\/tanriver.com.tr\/fa\/wp-json\/wp\/v2\/product_cat?post=14816"},{"taxonomy":"product_tag","embeddable":true,"href":"https:\/\/tanriver.com.tr\/fa\/wp-json\/wp\/v2\/product_tag?post=14816"}],"curies":[{"name":"wp","href":"https:\/\/api.w.org\/{rel}","templated":true}]}}