{"id":14827,"date":"2020-05-12T19:56:50","date_gmt":"2020-05-12T16:56:50","guid":{"rendered":"http:\/\/tanriver.com.tr\/urun\/yere-monte-cift-yon-turnike-el-dezenfektan-turnikesi\/"},"modified":"2023-03-14T11:00:29","modified_gmt":"2023-03-14T08:00:29","slug":"yere-monte-cift-yon-turnike-el-dezenfektan-turnikesi","status":"publish","type":"product","link":"https:\/\/tanriver.com.tr\/es\/urun\/yere-monte-cift-yon-turnike-el-dezenfektan-turnikesi\/","title":{"rendered":"Yere Monte \u00c7ift Y\u00f6n El Dezenfektan Turnikesi"},"content":{"rendered":"<p><strong>\u00c7ift Y\u00f6n Turnike Ne \u0130\u015fe Yarar?<\/strong><\/p>\n<p>Tanriver \u00e7ift y\u00f6n turnikeleri ile imalathane veya tesis giri\u015flerinde kontroll\u00fc bir \u015fekilde personel ge\u00e7i\u015fi sa\u011flan\u0131r ve 2 elin ayn\u0131 anda Makinenin \u00f6n y\u00fcz\u00fcnde bulunan haznede dezenfekte edilmesi sa\u011flan\u0131r. Turnike \u00e7e\u015fitli kart okuma sistemleri ve otomatik giyotin kap\u0131lar ile entegre edilebilir. Yere monte edilecek \u015fekilde \u00fcretilmi\u015ftir ve m\u00fc\u015fterilerimize hemen \u00e7al\u0131\u015fmaya haz\u0131r halde teslim edilir, kolay ve h\u0131zl\u0131 kurulum imkan\u0131 sunar.<\/p>\n<p><strong>\u00c7al\u0131\u015fma \u015eekli ve \u00d6zellikleri<\/strong><\/p>\n<p>Turnikeden ge\u00e7i\u015fi sa\u011flamak i\u00e7in \u00f6ncelikle el dezenfeksiyonu i\u015fleminin tamamlanmas\u0131 gerekir. Turnikenin bir taraf\u0131 dezenfektan almadan turnikeden ge\u00e7i\u015fe izin vermezken di\u011fer taratan sadece \u00e7\u0131k\u0131\u015f yap\u0131lmaktad\u0131r, veya 2 taraf sabun verici, 2 taraf k\u00f6r turnike gibi de\u011fi\u015fik varyasyonlarda kullan\u0131labilmektedir.<\/p>\n<p><strong>El dezenfeksiyonu i\u00e7in<\/strong> 2 el ayn\u0131 anda Makinenin \u00f6n y\u00fcz\u00fcnde buluna 2 ayr\u0131 hazneye sokulur, eller sens\u00f6rler taraf\u0131ndan alg\u0131land\u0131\u011f\u0131 anda sol\u00fcsyon p\u00fcsk\u00fcrt\u00fcl\u00fcr. \u0130\u015flemin yap\u0131ld\u0131\u011f\u0131n\u0131 ve tamamlad\u0131\u011f\u0131n\u0131 g\u00f6steren K\u0131rm\u0131z\u0131\/Ye\u015fil LED ikaz lambalar\u0131 bulunmaktad\u0131r. Ki\u015finin el dezenfeksiyon i\u015flemi sonras\u0131nda turnilede ge\u00e7i\u015f izni verilir ve elleri y\u0131kamak i\u00e7in evye b\u00f6l\u00fcm\u00fcne y\u00f6nlendirmek m\u00fcmk\u00fcnd\u00fcr. B\u00f6ylece t\u00fcm personellerin ellerini y\u0131kad\u0131\u011f\u0131ndan emin olabilirsiniz. Cihaz\u0131n bir taraf\u0131nda Dezenfektan bidonu i\u00e7in paslanmaz ta\u015f\u0131ma plakas\u0131 bulunmaktad\u0131r.<\/p>\n<p><strong>\u00dcr\u00fcn\u00fcn \u00d6ne \u00c7\u0131kan Faydalar\u0131<\/strong><\/p>\n<ul>\n<li>Bir alanda hem giri\u015f hem \u00e7\u0131k\u0131\u015f kontrol\u00fcn\u00fc sa\u011flar.<\/li>\n<li>E\u015f zamanl\u0131 olarak zorunlu bir 2 el i\u00e7in zorunlu birel dezenfeksiyonu sa\u011flan\u0131r, ve el dezenfektan\u0131n\u0131n dozu belirlenebilmektedir (tek elle ge\u00e7i\u015fe vermez ve t\u00fcm p\u00fcsk\u00fcrtme parametreleri ayarlanabilir.<\/li>\n<li>\u00c7\u0131k\u0131\u015f y\u00f6n\u00fcne ve de tercihe g\u00f6re ayarlanabilir turnike kilidi bulunmaktad\u0131r, turnike s\u00fcresi ayarlanabilir.<\/li>\n<li>Turnikenin birimin kilitli veya kilitsiz oldu\u011funu g\u00f6steren \u00e7ok fonksiyonlu bir LED \u0131\u015f\u0131\u011f\u0131na sahiptir. Tek y\u00f6nl\u00fc ya da her iki \u015fekilde de tan\u0131mlanabilme kolayl\u0131\u011f\u0131 sa\u011flar.<\/li>\n<li>Makine Ebatlar\u0131 400mm (B) x 1400 mm (E) x 1760 mm (Y) \u015feklindedir ve 1.5mm ve 0.4 mm sa\u00e7 kal\u0131nl\u0131\u011f\u0131na sahiptir.<\/li>\n<li>Paslanmaz 3 adet b\u00fck\u00fcml\u00fc turnike kolu \u00f6zel olarak tasarlanm\u0131\u015ft\u0131r, d\u00fc\u015fen kol turnikesi tercihe g\u00f6re ayarlanabilir. (Siemens logolu PLC kontrol sistemi)<\/li>\n<li>Acil ka\u00e7\u0131\u015flar i\u00e7in Acil stop butonu bulunmaktad\u0131r.<\/li>\n<li>G\u00fc\u00e7l\u00fc \u015fase ve izole kaynakl\u0131 end\u00fcstriyel tasar\u0131m\u0131 sayesinde uzun \u00f6m\u00fcrl\u00fc bir \u00fcr\u00fcnd\u00fcr ve y\u00fcksek performansa sahiptir.<\/li>\n<li>IP 65 koruma s\u0131n\u0131f\u0131 standartlar\u0131n\u0131 yerine getirir.<\/li>\n<\/ul>\n","protected":false},"excerpt":{"rendered":"<p>Kompakt ge\u00e7i\u015fler i\u00e7in tasarlanan tamamen paslanmaz \u00e7elikten \u00fcretilmi\u015f \u00e7ift y\u00f6n turnike \u00fcr\u00fcn\u00fcm\u00fcz, hem ge\u00e7i\u015flerin kontroll\u00fc olmas\u0131n\u0131 sa\u011flarken hem de el dezenfeksiyonunu zorunluluk haline getirir. D\u0131\u015far\u0131dan yap\u0131labilecek manuel m\u00fcdahaleye diren\u00e7li olan iki elle dezenfeksiyon mekanizmas\u0131 ile ellerin g\u00fcvenli bir \u015fekilde dezenfekte edilmesini garanti eder.<\/p>\n<p><strong>Not: Ekipmanlar\u0131m\u0131z hortum ve bas\u0131n\u00e7l\u0131 su ile y\u0131kanmamal\u0131d\u0131r.<\/strong><\/p>\n[html_block id=\"18410\"]\n","protected":false},"featured_media":10416,"template":"","meta":[],"product_brand":[],"product_cat":[120],"product_tag":[],"class_list":{"0":"post-14827","1":"product","2":"type-product","3":"status-publish","4":"has-post-thumbnail","6":"product_cat-barreras-de-higiene","8":"first","9":"instock","10":"shipping-taxable","11":"purchasable","12":"product-type-simple"},"_links":{"self":[{"href":"https:\/\/tanriver.com.tr\/es\/wp-json\/wp\/v2\/product\/14827","targetHints":{"allow":["GET"]}}],"collection":[{"href":"https:\/\/tanriver.com.tr\/es\/wp-json\/wp\/v2\/product"}],"about":[{"href":"https:\/\/tanriver.com.tr\/es\/wp-json\/wp\/v2\/types\/product"}],"wp:featuredmedia":[{"embeddable":true,"href":"https:\/\/tanriver.com.tr\/es\/wp-json\/wp\/v2\/media\/10416"}],"wp:attachment":[{"href":"https:\/\/tanriver.com.tr\/es\/wp-json\/wp\/v2\/media?parent=14827"}],"wp:term":[{"taxonomy":"product_brand","embeddable":true,"href":"https:\/\/tanriver.com.tr\/es\/wp-json\/wp\/v2\/product_brand?post=14827"},{"taxonomy":"product_cat","embeddable":true,"href":"https:\/\/tanriver.com.tr\/es\/wp-json\/wp\/v2\/product_cat?post=14827"},{"taxonomy":"product_tag","embeddable":true,"href":"https:\/\/tanriver.com.tr\/es\/wp-json\/wp\/v2\/product_tag?post=14827"}],"curies":[{"name":"wp","href":"https:\/\/api.w.org\/{rel}","templated":true}]}}