{"id":14810,"date":"2020-05-08T14:35:31","date_gmt":"2020-05-08T11:35:31","guid":{"rendered":"http:\/\/tanriver.com.tr\/urun\/siva-alti-cop-kovasi\/"},"modified":"2020-05-28T23:13:26","modified_gmt":"2020-05-28T20:13:26","slug":"siva-alti-cop-kovasi","status":"publish","type":"product","link":"https:\/\/tanriver.com.tr\/es\/urun\/siva-alti-cop-kovasi\/","title":{"rendered":"S\u0131va Alt\u0131 \u00c7\u00f6p Kovas\u0131"},"content":{"rendered":"<p>\u00c7\u00f6p Kovas\u0131 Kapasitesi 47 LT<br \/>\nKilit Tertibatl\u0131<br \/>\nD\u0131\u015f \u00d6l\u00e7\u00fcler\u00a0 HxWxD: 440 x 770 x 210mm<br \/>\nMontaj \u00d6l\u00e7\u00fcleri\u00a0 HxWxD: 400 x 730 x 110mm<\/p>\n","protected":false},"excerpt":{"rendered":"<p>\u00c7\u00f6p Kovas\u0131 Kapasitesi 47 LT<br \/>\nKilit Tertibatl\u0131<br \/>\nD\u0131\u015f \u00d6l\u00e7\u00fcler\u00a0 HxWxD: 440x770x210mm<br \/>\nMontaj \u00d6l\u00e7\u00fcleri\u00a0 HxWxD: 400x730x110mm<\/p>\n","protected":false},"featured_media":10122,"template":"","meta":[],"product_brand":[],"product_cat":[119],"product_tag":[],"class_list":{"0":"post-14810","1":"product","2":"type-product","3":"status-publish","4":"has-post-thumbnail","6":"product_cat-otros-productos","8":"first","9":"instock","10":"shipping-taxable","11":"purchasable","12":"product-type-simple"},"_links":{"self":[{"href":"https:\/\/tanriver.com.tr\/es\/wp-json\/wp\/v2\/product\/14810","targetHints":{"allow":["GET"]}}],"collection":[{"href":"https:\/\/tanriver.com.tr\/es\/wp-json\/wp\/v2\/product"}],"about":[{"href":"https:\/\/tanriver.com.tr\/es\/wp-json\/wp\/v2\/types\/product"}],"wp:featuredmedia":[{"embeddable":true,"href":"https:\/\/tanriver.com.tr\/es\/wp-json\/wp\/v2\/media\/10122"}],"wp:attachment":[{"href":"https:\/\/tanriver.com.tr\/es\/wp-json\/wp\/v2\/media?parent=14810"}],"wp:term":[{"taxonomy":"product_brand","embeddable":true,"href":"https:\/\/tanriver.com.tr\/es\/wp-json\/wp\/v2\/product_brand?post=14810"},{"taxonomy":"product_cat","embeddable":true,"href":"https:\/\/tanriver.com.tr\/es\/wp-json\/wp\/v2\/product_cat?post=14810"},{"taxonomy":"product_tag","embeddable":true,"href":"https:\/\/tanriver.com.tr\/es\/wp-json\/wp\/v2\/product_tag?post=14810"}],"curies":[{"name":"wp","href":"https:\/\/api.w.org\/{rel}","templated":true}]}}