{"id":14727,"date":"2020-04-06T09:53:23","date_gmt":"2020-04-06T09:53:23","guid":{"rendered":"http:\/\/tanriver.com.tr\/urun\/edt-tyc-100-el-dezenfektanli-taban-ve-cizme-yikamali-hijyen-bariyeri\/"},"modified":"2020-05-20T07:36:43","modified_gmt":"2020-05-20T07:36:43","slug":"edt-tyc-100-barrera-de-higiene-desinfectante-de-manos-base-y-lavado-de-botas","status":"publish","type":"product","link":"https:\/\/tanriver.com.tr\/es\/urun\/edt-tyc-100-barrera-de-higiene-desinfectante-de-manos-base-y-lavado-de-botas\/","title":{"rendered":"EDT-TYC-100 Barrera de higiene Desinfectante de manos, base y lavado de botas"},"content":{"rendered":"<h1>Barrera higi\u00e9nica EDT-TYC-100 con desinfectante de manos, lavado de suelas y botas<\/h1>\n<p>EDT -TYC- 100, que es una lavadora de botas, sirve para limpiar las suelas de los zapatos y los lados de las botas. El sistema, que permite que el personal pase continuamente de acuerdo con las reglas de higiene, es una barrera de higiene autom\u00e1tica y bidireccional dise\u00f1ada para la limpieza completa de los lados y las suelas de las botas.<\/p>\n<p>El dispositivo proporciona una entrada r\u00e1pida e higi\u00e9nica a la f\u00e1brica o instalaci\u00f3n gracias a los 3 cepillos montados horizontal y verticalmente y los 2 que giran mutuamente. Los cepillos horizontales se pueden desmontar e instalar f\u00e1cilmente sin la necesidad de una herramienta adicional para la limpieza y el mantenimiento diarios.<\/p>\n<p>La concentraci\u00f3n del agente de limpieza puede controlarse mediante una boquilla de tama\u00f1o ajustable.<\/p>\n<p>Gracias a la bomba dosificadora integrada, todos los cepillos se roc\u00edan con una mezcla de agua y detergente durante el funcionamiento. El tiempo de funcionamiento de los cepillos se puede ajustar manualmente de 1 a 10 segundos (o m\u00e1s). Puede iniciarse y detenerse con los sensores en los puntos de partida.<\/p>\n<p><strong>\u00bfPara qu\u00e9 sirve la barrera de higiene desinfectante de manos, suelas y botas EDT-TYC-100?<\/strong><\/p>\n<p>Proporciona una entrada higi\u00e9nica a las instalaciones al limpiar las suelas, los costados de las botas y desinfectar las manos. Esta m\u00e1quina significa que su personal puede avanzar r\u00e1pida y eficientemente durante todo el proceso de limpieza. Tambi\u00e9n brinda la oportunidad de desinfectar las manos mientras limpia los bordes y las suelas de las botas cuidadosamente.<\/p>\n<p>Nuestra m\u00e1quina, que se basa en la l\u00f3gica de la limpieza caminando al mismo tiempo, proporciona una esterilizaci\u00f3n r\u00e1pida y completa con la opci\u00f3n de limpiar las suelas de los zapatos y las botas.<\/p>\n<p>Esta m\u00e1quina tiene la ventaja de hacer que el saneamiento sea obligatorio al colocarlo en lugares donde hay pases frecuentes, en las entradas y salidas del taller, para garantizar que se limpien los zapatos.<\/p>\n<p><strong>Modo de Operaci\u00f3n y Caracter\u00edsticas<\/strong><\/p>\n<p>Funciona con dos cepillos montados horizontalmente y tres cepillos verticales. El sistema es completamente autom\u00e1tico y se activa mediante el control con sensores y v\u00e1lvulas, este proceso tambi\u00e9n prepara y libera el agente de limpieza y la mezcla de agua.<\/p>\n<p>Los lados de las botas y la limpieza de la suela se realizan con los siguientes pasos:<\/p>\n<p>Los cepillos laterales que se giran para limpiar los lados de las botas y los cepillos que se giran horizontal y mutuamente para limpiar las suelas funcionan simult\u00e1neamente. Se pulveriza la mezcla de agua y detergente. Con el usuario avanzando, se completa la limpieza de la suela y los lados de las botas.<\/p>\n<p>El siguiente paso es la desinfecci\u00f3n de manos y el \u00faltimo paso es el permiso del torniquete.<\/p>\n<p><strong>Desinfecci\u00f3n de manos<\/strong><\/p>\n<p>Nuestra m\u00e1quina, barrera de higiene tambi\u00e9n est\u00e1 equipada con un sistema de torniquete desinfectante para manos. Adem\u00e1s de limpiar las botas, puede desinfectar las manos. Por lo tanto, desinfectar las manos se convierte en un imperativo, y no se permite sistem\u00e1ticamente el paso de personas que no se desinfecten adecuadamente.<\/p>\n<p>Gracias a la unidad de desinfecci\u00f3n de manos, el desinfectante se aplica autom\u00e1ticamente a la dosis determinada, por lo que solo las personas que limpien las manos adecuadamente pueden ingresar en \u00e1reas de producci\u00f3n sensibles.<\/p>\n<p>&nbsp;<\/p>\n<p><strong>Beneficios destacados del producto<\/strong><\/p>\n<ul>\n<li>El duraci\u00f3n de funcionamiento de los cepillos, que limpian las suelas y los lados de las botas, se puede ajustar f\u00e1cilmente.<\/li>\n<li>Los cepillos se pueden quitar e instalar f\u00e1cilmente sin la necesidad de una herramienta adicional; son f\u00e1ciles, r\u00e1pidas y extremadamente pr\u00e1cticas de limpiar.<\/li>\n<li>Gracias a sus cerdas de cepillo profundamente montadas, ofrece una larga vida \u00fatil.<\/li>\n<li>Asimismo, se proporciona una desinfecci\u00f3n obligatoria de manos: como el sistema no funciona con una sola mano, garantiza una desinfecci\u00f3n absoluta.<\/li>\n<li>Es posible abrir o bloquear la direcci\u00f3n de salida seg\u00fan la preferencia.<\/li>\n<li>Nuestro producto tiene una estructura de superficie de calidad e higiene gracias a su superficie de sat\u00e9n especial de acero inoxidable.<\/li>\n<li>El riesgo de infecci\u00f3n y contaminaci\u00f3n se minimiza.<\/li>\n<li>La dosis qu\u00edmica se puede ajustar.<\/li>\n<li>Hay una entrada de desv\u00edo para las personas que entrar\u00e1n con zapatos o zapatillas.<\/li>\n<li>Se puede integrar con los sistemas de reconocimiento facial, de huellas dactilares y de tarjetas.<\/li>\n<li>Se puede integrar con puertas autom\u00e1ticas.<\/li>\n<\/ul>\n","protected":false},"excerpt":{"rendered":"<p>EDT -TYC- 100, que es una lavadora de botas, sirve para limpiar las suelas de los zapatos y los lados de las botas. El sistema, que permite que el personal pase continuamente de acuerdo con las reglas de higiene, es una barrera de higiene autom\u00e1tica y bidireccional dise\u00f1ada para la limpieza completa de los lados y las suelas de las botas.<\/p>\n","protected":false},"featured_media":4144,"template":"","meta":[],"product_brand":[],"product_cat":[120],"product_tag":[],"class_list":{"0":"post-14727","1":"product","2":"type-product","3":"status-publish","4":"has-post-thumbnail","6":"product_cat-barreras-de-higiene","8":"first","9":"instock","10":"shipping-taxable","11":"purchasable","12":"product-type-simple"},"_links":{"self":[{"href":"https:\/\/tanriver.com.tr\/es\/wp-json\/wp\/v2\/product\/14727","targetHints":{"allow":["GET"]}}],"collection":[{"href":"https:\/\/tanriver.com.tr\/es\/wp-json\/wp\/v2\/product"}],"about":[{"href":"https:\/\/tanriver.com.tr\/es\/wp-json\/wp\/v2\/types\/product"}],"wp:featuredmedia":[{"embeddable":true,"href":"https:\/\/tanriver.com.tr\/es\/wp-json\/wp\/v2\/media\/4144"}],"wp:attachment":[{"href":"https:\/\/tanriver.com.tr\/es\/wp-json\/wp\/v2\/media?parent=14727"}],"wp:term":[{"taxonomy":"product_brand","embeddable":true,"href":"https:\/\/tanriver.com.tr\/es\/wp-json\/wp\/v2\/product_brand?post=14727"},{"taxonomy":"product_cat","embeddable":true,"href":"https:\/\/tanriver.com.tr\/es\/wp-json\/wp\/v2\/product_cat?post=14727"},{"taxonomy":"product_tag","embeddable":true,"href":"https:\/\/tanriver.com.tr\/es\/wp-json\/wp\/v2\/product_tag?post=14727"}],"curies":[{"name":"wp","href":"https:\/\/api.w.org\/{rel}","templated":true}]}}