{"id":14695,"date":"2020-04-04T11:56:56","date_gmt":"2020-04-04T08:56:56","guid":{"rendered":"http:\/\/tanriver.com.tr\/urun\/sanitta-sa-ed-duvara-monte-el-dezenfektan-turnikesi\/"},"modified":"2023-03-14T10:57:22","modified_gmt":"2023-03-14T07:57:22","slug":"sanitta-sa-ed-duvara-monte-el-dezenfektan-turnikesi","status":"publish","type":"product","link":"https:\/\/tanriver.com.tr\/es\/urun\/sanitta-sa-ed-duvara-monte-el-dezenfektan-turnikesi\/","title":{"rendered":"SA ED Duvara Monte El Dezenfektan Turnikesi"},"content":{"rendered":"<p>Bu cihaz\u0131m\u0131z imalathane i\u00e7erisinde farkl\u0131 alanlara ge\u00e7erken ve katlar aras\u0131 ge\u00e7i\u015flerde el hijyenini kontrol alt\u0131nda tutman\u0131z\u0131 sa\u011flar. Makinede eller dezenfekte edilmeden turnike ge\u00e7i\u015fe izin vermez. \u00dcr\u00fcn\u00fcm\u00fcz tamamen paslanmaz malzemeden imal edilmektedir.<\/p>\n<p>Eller ayn\u0131 anda makinenin \u00f6n y\u00fcz\u00fcnde bulunan 2 ayr\u0131 hazneye sokulur, eller fotoseller taraf\u0131ndan alg\u0131land\u0131\u011f\u0131 anda dezenfektan i\u015flemi ba\u015flar. El dezenfektan k\u0131sm\u0131nda i\u015flem yap\u0131ld\u0131\u011f\u0131n\u0131 g\u00f6steren K\u0131rm\u0131z\u0131\/Ye\u015fil led ikaz lambalar\u0131 bulunmaktad\u0131r. El dezenfektan i\u015flemi tamamland\u0131\u011f\u0131nda turnikenin ge\u00e7i\u015fe serbest oldu\u011funu bildiren ye\u015fil ikaz lambas\u0131 yanar. El dezenfekte i\u015flemi do\u011fru yap\u0131lmad\u0131\u011f\u0131 taktirde turnike ge\u00e7i\u015fe kesinlikle izin vermez.<\/p>\n<p>Do\u011fru i\u015flem i\u00e7in her iki elin ayn\u0131 anda sens\u00f6r taraf\u0131ndan alg\u0131lanmas\u0131 ve dezenfekte edilmesi gerekmekte. Cihaz\u0131n sa\u011f\/sol taraf\u0131nda dezenfektan bidonu i\u00e7in paslanmaz ta\u015f\u0131ma plakas\u0131 bulunmaktad\u0131r.<\/p>\n<p>Cihaz\u0131m\u0131z muhtelif kart okuma sistemleri ve otomatik giyotin kap\u0131lar ile entegre edilebilir. Cihaz duvara monte edilecek \u015fekilde sunulur ve \u00e7al\u0131\u015fmaya haz\u0131r halde teslim edilir.<\/p>\n","protected":false},"excerpt":{"rendered":"<p>Bu cihaz\u0131m\u0131z imalathane i\u00e7erisinde farkl\u0131 alanlara ge\u00e7erken ve katlar aras\u0131 ge\u00e7i\u015flerde el hijyenini kontrol alt\u0131nda tutman\u0131z\u0131 sa\u011flar. Makinede eller dezenfekte edilmeden turnike ge\u00e7i\u015fe izin vermez. \u00dcr\u00fcn\u00fcm\u00fcz tamamen paslanmaz malzemeden imal edilmektedir.<\/p>\n<p>Eller ayn\u0131 anda makinenin \u00f6n y\u00fcz\u00fcnde bulunan 2 ayr\u0131 hazneye sokulur, eller fotoseller taraf\u0131ndan alg\u0131land\u0131\u011f\u0131 anda dezenfektan i\u015flemi ba\u015flar. El dezenfektan k\u0131sm\u0131nda i\u015flem yap\u0131ld\u0131\u011f\u0131n\u0131 g\u00f6steren K\u0131rm\u0131z\u0131\/Ye\u015fil led ikaz lambalar\u0131 bulunmaktad\u0131r. El dezenfektan i\u015flemi tamamland\u0131\u011f\u0131nda turnikenin ge\u00e7i\u015fe serbest oldu\u011funu bildiren ye\u015fil ikaz lambas\u0131 yanar. El dezenfekte i\u015flemi do\u011fru yap\u0131lmad\u0131\u011f\u0131 taktirde turnike ge\u00e7i\u015fe kesinlikle izin vermez.<\/p>\n<p><strong>Not: Ekipmanlar\u0131m\u0131z hortum ve bas\u0131n\u00e7l\u0131 su ile y\u0131kanmamal\u0131d\u0131r.<\/strong><\/p>\n[html_block id=\"18410\"]\n","protected":false},"featured_media":5341,"template":"","meta":[],"product_brand":[],"product_cat":[120],"product_tag":[172,164],"class_list":{"0":"post-14695","1":"product","2":"type-product","3":"status-publish","4":"has-post-thumbnail","6":"product_cat-barreras-de-higiene","7":"product_tag-hijyen-bariyeri-es","8":"product_tag-sanitta-es","10":"first","11":"instock","12":"shipping-taxable","13":"purchasable","14":"product-type-simple"},"_links":{"self":[{"href":"https:\/\/tanriver.com.tr\/es\/wp-json\/wp\/v2\/product\/14695","targetHints":{"allow":["GET"]}}],"collection":[{"href":"https:\/\/tanriver.com.tr\/es\/wp-json\/wp\/v2\/product"}],"about":[{"href":"https:\/\/tanriver.com.tr\/es\/wp-json\/wp\/v2\/types\/product"}],"wp:featuredmedia":[{"embeddable":true,"href":"https:\/\/tanriver.com.tr\/es\/wp-json\/wp\/v2\/media\/5341"}],"wp:attachment":[{"href":"https:\/\/tanriver.com.tr\/es\/wp-json\/wp\/v2\/media?parent=14695"}],"wp:term":[{"taxonomy":"product_brand","embeddable":true,"href":"https:\/\/tanriver.com.tr\/es\/wp-json\/wp\/v2\/product_brand?post=14695"},{"taxonomy":"product_cat","embeddable":true,"href":"https:\/\/tanriver.com.tr\/es\/wp-json\/wp\/v2\/product_cat?post=14695"},{"taxonomy":"product_tag","embeddable":true,"href":"https:\/\/tanriver.com.tr\/es\/wp-json\/wp\/v2\/product_tag?post=14695"}],"curies":[{"name":"wp","href":"https:\/\/api.w.org\/{rel}","templated":true}]}}