{"id":14553,"date":"2020-04-04T11:35:48","date_gmt":"2020-04-04T11:35:48","guid":{"rendered":"http:\/\/tanriver.com.tr\/urun\/cizme-kurutma\/"},"modified":"2020-05-21T00:07:32","modified_gmt":"2020-05-21T00:07:32","slug":"secador-de-botas","status":"publish","type":"product","link":"https:\/\/tanriver.com.tr\/es\/urun\/secador-de-botas\/","title":{"rendered":"Secador de botas"},"content":{"rendered":"<p>Todos sabemos la importancia de lograr una higiene m\u00e1xima para tener una buena salud. Los equipamentos de higiene Tanriver garantiza la m\u00e1xima higiene del personal y de las instalaciones en una amplia variedad de industrias, especialmente en los puntos de entrada y salida de producci\u00f3n, que son muy importantes en el procesamiento de alimentos.<\/p>\n<p>En el sector de la alimentaci\u00f3n y las bebidas el personal utiliza zapatillas o botas al trabajar y al entrar y salir de las \u00e1reas de trabajo. Como estas botas no son resistentes al agua 100% de vez en cuando se mojan los pies del personal. Como consecuencia de esta situaci\u00f3n los trastornos gripales suelen subir durante los meses de invierno. Asimismo, como consecuencia del sudor en los pies durante el verano aparecen hongos y casos parecidos en los pies. Por eso el desempe\u00f1o del personal sufre una ca\u00edda en la calidad y a veces causa la ausencia de alg\u00fan personal. Para evitar estas enfermedades y estos trastornos hay que mantener secos las botas y los zapatos del personal. <strong>Como Equipamentos de Higiene Tanriver <\/strong>\u00a0ofrecemos a nuestros clientes\u00a0 <strong>los secadores de botas<\/strong> para ayudarles a evitar posibles enfermedades, olores y mantener el higiene del ambiente laboral.<\/p>\n<p>&nbsp;<\/p>\n<p><strong>Modo de Operaci\u00f3n y Caracter\u00edsticas<\/strong><\/p>\n<p>Nuestros secadores de botas reducen efectivamente la humedad para el almacenamiento, el secado y el saneamiento de todo tipo de calzado de trabajo. Esto elimina la humedad y los olores desagradables de una manera pr\u00e1ctica y sistem\u00e1tica para que el zapato est\u00e9 listo para usar.<\/p>\n<p>El Secador de Botas se puede fijar en la pared o en el piso con patas, tiene termostato, temporizador y pasadores especiales para soplado de aire caliente. Para secar las botas, la duraci\u00f3n del programa de secado se puede ajustar seg\u00fan las preferencias, el sistema se activa y se detiene autom\u00e1ticamente.<\/p>\n<p>Desinfecci\u00f3n de ozono; El aire de secado se enriquece con ozono mediante el generador de ozono opcional. La mezcla de ozono resultante mata de forma segura los g\u00e9rmenes, hongos y microorganismos.<\/p>\n<p>Las v\u00e1lvulas de soplador aseguran que el aire caliente se expulse solo cuando la bota est\u00e1 conectada. Por lo tanto, se evita que se libere aire caliente en vano y el calentamiento innecesario del ambiente.<\/p>\n<p><strong>\u00a0<\/strong><\/p>\n<p><strong>Beneficios destacados del producto<\/strong><\/p>\n<ul>\n<li>Minimiza el riesgo de contaminaci\u00f3n en la industria de procesamiento de alimentos y bebidas, protege la higiene y la salud del personal.<\/li>\n<li>Cumple con los requisitos y est\u00e1ndares de alta calidad exigidos por ISO, HACCP.<\/li>\n<li>Proporciona continuidad en el empleo y brinda soluciones r\u00e1pidas a sus necesidades.<\/li>\n<li>Es un equipo de alta funci\u00f3n, alta tecnolog\u00eda y f\u00e1cil de usar.<\/li>\n<li>Se puede montar en la pared o en el piso.<\/li>\n<li>No solo seca las botas, sino tambi\u00e9n proporciona espacio de almacenamiento.<\/li>\n<li>Gracias al acero inoxidable Satine tiene una superficie higi\u00e9nica al producto y no contiene microbios.<\/li>\n<li>Tambi\u00e9n hay disponibles modelos de 15 pares iguales, 20 pares iguales, 30 pares de doble direcci\u00f3n y 50 pares iguales.<\/li>\n<\/ul>\n<p>&nbsp;<\/p>\n<p><strong>Lados dobles de los a\u00f1os 50<\/strong><br \/>\n<strong>Dimensiones:<\/strong> 1750 mm (largo) x 500 mm (ancho) x 1900 mm (alto)<\/p>\n<p><strong>50&#8217;s un lado<\/strong><br \/>\n<strong>Dimensiones:<\/strong> 2000 mm (largo) x 500 mm (ancho) x 1900 mm (alto)<\/p>\n<p><strong>30s un lado<\/strong><br \/>\n<strong>Dimensiones:<\/strong> 1450 mm (largo) x 500 mm (ancho) x 1900 mm (alto)<\/p>\n","protected":false},"excerpt":{"rendered":"<p style=\"font-weight: 400;\">Todos sabemos la importancia de lograr una higiene m\u00e1xima para tener una buena salud. Los equipamentos de higiene Tanriver garantiza la m\u00e1xima higiene del personal y de las instalaciones en una amplia variedad de industrias, especialmente en los puntos de entrada y salida de producci\u00f3n, que son muy importantes en el procesamiento de alimentos.<\/p>\n","protected":false},"featured_media":5258,"template":"","meta":[],"product_brand":[],"product_cat":[150],"product_tag":[],"class_list":{"0":"post-14553","1":"product","2":"type-product","3":"status-publish","4":"has-post-thumbnail","6":"product_cat-secador-de-botas","8":"first","9":"instock","10":"shipping-taxable","11":"purchasable","12":"product-type-simple"},"_links":{"self":[{"href":"https:\/\/tanriver.com.tr\/es\/wp-json\/wp\/v2\/product\/14553","targetHints":{"allow":["GET"]}}],"collection":[{"href":"https:\/\/tanriver.com.tr\/es\/wp-json\/wp\/v2\/product"}],"about":[{"href":"https:\/\/tanriver.com.tr\/es\/wp-json\/wp\/v2\/types\/product"}],"wp:featuredmedia":[{"embeddable":true,"href":"https:\/\/tanriver.com.tr\/es\/wp-json\/wp\/v2\/media\/5258"}],"wp:attachment":[{"href":"https:\/\/tanriver.com.tr\/es\/wp-json\/wp\/v2\/media?parent=14553"}],"wp:term":[{"taxonomy":"product_brand","embeddable":true,"href":"https:\/\/tanriver.com.tr\/es\/wp-json\/wp\/v2\/product_brand?post=14553"},{"taxonomy":"product_cat","embeddable":true,"href":"https:\/\/tanriver.com.tr\/es\/wp-json\/wp\/v2\/product_cat?post=14553"},{"taxonomy":"product_tag","embeddable":true,"href":"https:\/\/tanriver.com.tr\/es\/wp-json\/wp\/v2\/product_tag?post=14553"}],"curies":[{"name":"wp","href":"https:\/\/api.w.org\/{rel}","templated":true}]}}