{"id":14531,"date":"2020-04-04T11:21:04","date_gmt":"2020-04-04T11:21:04","guid":{"rendered":"http:\/\/tanriver.com.tr\/urun\/yte-4-dort-musluklu-dizden-sensorlu-yalak-tipi-evye\/"},"modified":"2020-05-20T08:16:42","modified_gmt":"2020-05-20T08:16:42","slug":"yte-4-fregadero-con-sensor-de-rodilla-de-cuatro-plazas","status":"publish","type":"product","link":"https:\/\/tanriver.com.tr\/es\/urun\/yte-4-fregadero-con-sensor-de-rodilla-de-cuatro-plazas\/","title":{"rendered":"YTE 4 fregadero con sensor de rodilla de cuatro plazas"},"content":{"rendered":"<p>Los productos de fregadero de los equipos de higiene Tanriver son muy higi\u00e9nicos y ofrecen ahorro de energ\u00eda y rentabilidad.\u00a0 Al lavarse las manos, el agua fluye solo cuando se pare frente al fregadero; Por lo tanto, se evita el desperdicio de agua y, gracias a los sensores, se lavan las manos sin tocar ninguna parte y se reduce el riesgo de contaminaci\u00f3n.<\/p>\n<p>Nuestros fregaderos ofrecen un lavado de manos eficiente, ahorrando tiempo y agua y la m\u00e1xima higiene de manos. El grifo de agua montado en la pared est\u00e1 cubierto de cromo, hecho completamente de acero inoxidable, incluida la parte posterior antisalpicaduras. Los presentamos a nuestros clientes como una excelente soluci\u00f3n para instalaciones industriales cuyo objetivo es cumplir con altos est\u00e1ndares de higiene.<\/p>\n<p>Los fregaderos Tanriver tienen una amplia gama de funciones y accesorios. Dependiendo de la cantidad del personal, puede elegir entre modelos con grifos simples o m\u00faltiples que se pueden montar en el suelo o en la pared. Por lo tanto, puede aumentar la eficiencia de higiene de muchos usuarios al mismo tiempo.<\/p>\n<p>Nuestros fregaderos dise\u00f1ados ergon\u00f3micamente proporcionan la m\u00e1xima higiene. Para evitar olores desagradables, se conecta un sif\u00f3n al drenaje.<\/p>\n<p>&nbsp;<\/p>\n<p><strong>Beneficios destacados del producto<\/strong><\/p>\n<ul>\n<li>Opcionalmente, el n\u00famero de grifos se puede aumentar en los fregaderos (m\u00e1ximo 5).<\/li>\n<li>Se ofrecen opciones de montaje en la pared o en el piso.<\/li>\n<li>El desperdicio de agua se evita mediante la percepci\u00f3n del movimiento del sensor.<\/li>\n<li>Se pueden agregar dispensadores de jab\u00f3n o desinfectante al fregadero (opcional).<\/li>\n<li>El agua no se acumula en las esquinas del fregadero, tiene una cresta trasera que evita salpicaduras.<\/li>\n<li>El producto tiene una estructura superficial de calidad e higiene gracias al acero inoxidable satinado.<\/li>\n<li>El riesgo de infecci\u00f3n y contaminaci\u00f3n se minimiza.<\/li>\n<\/ul>\n","protected":false},"excerpt":{"rendered":"<p>Los productos de fregadero de los equipos de higiene Tanriver son muy higi\u00e9nicos y ofrecen ahorro de energ\u00eda y rentabilidad.\u00a0 Al lavarse las manos, el agua fluye solo cuando se pare frente al fregadero; Por lo tanto, se evita el desperdicio de agua y, gracias a los sensores, se lavan las manos sin tocar ninguna parte y se reduce el riesgo de contaminaci\u00f3n.<\/p>\n","protected":false},"featured_media":5240,"template":"","meta":[],"product_brand":[],"product_cat":[132],"product_tag":[],"class_list":{"0":"post-14531","1":"product","2":"type-product","3":"status-publish","4":"has-post-thumbnail","6":"product_cat-fregadero-inoxidable","8":"first","9":"instock","10":"shipping-taxable","11":"purchasable","12":"product-type-simple"},"_links":{"self":[{"href":"https:\/\/tanriver.com.tr\/es\/wp-json\/wp\/v2\/product\/14531","targetHints":{"allow":["GET"]}}],"collection":[{"href":"https:\/\/tanriver.com.tr\/es\/wp-json\/wp\/v2\/product"}],"about":[{"href":"https:\/\/tanriver.com.tr\/es\/wp-json\/wp\/v2\/types\/product"}],"wp:featuredmedia":[{"embeddable":true,"href":"https:\/\/tanriver.com.tr\/es\/wp-json\/wp\/v2\/media\/5240"}],"wp:attachment":[{"href":"https:\/\/tanriver.com.tr\/es\/wp-json\/wp\/v2\/media?parent=14531"}],"wp:term":[{"taxonomy":"product_brand","embeddable":true,"href":"https:\/\/tanriver.com.tr\/es\/wp-json\/wp\/v2\/product_brand?post=14531"},{"taxonomy":"product_cat","embeddable":true,"href":"https:\/\/tanriver.com.tr\/es\/wp-json\/wp\/v2\/product_cat?post=14531"},{"taxonomy":"product_tag","embeddable":true,"href":"https:\/\/tanriver.com.tr\/es\/wp-json\/wp\/v2\/product_tag?post=14531"}],"curies":[{"name":"wp","href":"https:\/\/api.w.org\/{rel}","templated":true}]}}