{"id":14476,"date":"2020-04-04T11:16:26","date_gmt":"2020-04-04T11:16:26","guid":{"rendered":"http:\/\/tanriver.com.tr\/urun\/compact-taf-evyeli-jet-kurutuculu-el-ve-taban-dezenfektanli-compact-hijyen-bariyeri\/"},"modified":"2020-05-20T08:18:40","modified_gmt":"2020-05-20T08:18:40","slug":"compact-taf-barrera-portatil-de-higiene","status":"publish","type":"product","link":"https:\/\/tanriver.com.tr\/es\/urun\/compact-taf-barrera-portatil-de-higiene\/","title":{"rendered":"COMPACT-TAF Barrera Port\u00e1til de Higiene"},"content":{"rendered":"<p><strong>Barrera de higiene compacta COMPACT-TAF con fregadero, secador instant\u00e1neo, desinfectante para los manos y las suelas.<\/strong><\/p>\n<p>Nuestra m\u00e1quina est\u00e1 dise\u00f1ada como una estaci\u00f3n de higiene integral que incluye lavado de manos, secado de manos, torniquete desinfectante de manos y lavado de suelas de zapatos.\u00a0 El fregadero funciona con el sensor, y la estaci\u00f3n de desinfecci\u00f3n de manos ofrece procesos de lavado, secado y desinfecci\u00f3n juntos a trav\u00e9s de sensores sin la necesidad de ning\u00fan contacto f\u00edsico.<\/p>\n<p>Las <strong>\u00a0barreras de higiene de acero inoxidable Tanr\u0131ver <\/strong>\u00a0altamente \u00fatiles, f\u00e1ciles de mantener, r\u00e1pidas y rentables ofrecen soluciones adecuadas para las empresas que desean cumplir con altos est\u00e1ndares de higiene.<\/p>\n<p><strong>\u00bfQu\u00e9 hace la barrera de higiene compacta COMPACT-TAF, con fregadero, secador instant\u00e1neo, desinfectante para manos y suelas?<\/strong><\/p>\n<p>Esta barrera de higiene tiene la ventaja de hacer que el saneamiento sea obligatorio porque se sit\u00faa en lugares donde hay transiciones frecuentes, en las entradas y salidas del taller para garantizar lograr la higiene personal.<\/p>\n<p>En instalaciones de producci\u00f3n de alta capacidad, sin permitir que el personal pierda tiempo y espere en la fila; Todos los pasos de saneamiento se completan sin contacto del pie como la limpieza de las sueltas, lavado de manos, desinfecci\u00f3n de manos, y gracias al secador instant\u00e1neo. Por lo tanto, se mantiene la higiene garantizando la m\u00e1xima esterilizaci\u00f3n de los empleados en un tiempo \u00f3ptimo.<\/p>\n<h1><strong>\u00a0COMPACT-TAF <\/strong>\u00a0\u00a0\u00a0<strong>\u00a0C\u00f3mo funciona y caracter\u00edsticas <\/strong><\/h1>\n<p>El torniquete desinfectante de manos no funcionar\u00e1 sin lavarse las manos. Al lavarse las manos, se inyecta JAB\u00d3N L\u00cdQUIDO en el agua durante 3 segundos, despu\u00e9s de 3 segundos, el agua de enjuague fluye autom\u00e1ticamente. De esta manera, las manos deben lavarse con JAB\u00d3N y luego desinfectarse.<\/p>\n<p>Las suelas se limpian con una mezcla del agua y productos qu\u00edmicos rociada a cepillos de 1000 mm, hay una atajea de 40 mm debajo de la m\u00e1quina y debe conectarse al desag\u00fce de la instalaci\u00f3n.<\/p>\n<p>La estaci\u00f3n de higiene compacta combina todos los componentes necesarios en t\u00e9rminos de higiene personal para cualquier persona que entre en el \u00e1rea de producci\u00f3n.<\/p>\n<p>&nbsp;<\/p>\n<p><strong>Beneficios destacados del producto<\/strong><\/p>\n<ul>\n<li>Las manos se lavan con jab\u00f3n s\u00ed o s\u00ed, no se realiza ning\u00fan tratamiento sin jab\u00f3n.<\/li>\n<li>Lavarse las suelas de los pies, lavarse las manos, desinfectarse&#8230; Todo en un solo paso.<\/li>\n<li>Proporciona saneamiento r\u00e1pido y eficiente en las instalaciones y ahorra tiempo en f\u00e1bricas de alta capacidad.<\/li>\n<li>El sensor funciona de forma controlada, los procesos de lavado de manos, secado y desinfecci\u00f3n se llevan a cabo sin tocar la mano.<\/li>\n<li>Simult\u00e1neamente se obtiene una desinfecci\u00f3n de manos obligatoria y la duraci\u00f3n de repeler del desinfectante de manos se puede programar opcionalmente.<\/li>\n<li>Est\u00e1 abierto a la direcci\u00f3n de salida y existe una cerradura de torniquete que se puede ajustar opcionalmente.<\/li>\n<li>La duraci\u00f3n de permiso del paso del torniquete se puede ajustar.<\/li>\n<li>El producto tiene una estructura superficial de calidad e higiene gracias al acero inoxidable satinado.<\/li>\n<li>El riesgo de infecci\u00f3n y contaminaci\u00f3n se minimiza.<\/li>\n<li>La dosis qu\u00edmica ajustable tambi\u00e9n est\u00e1 disponible.<\/li>\n<li>Ofrece procesos de lavado, secado y desinfecci\u00f3n juntos a trav\u00e9s de sensores sin necesidad de contacto f\u00edsico con las manos, eliminando el riesgo de contaminaci\u00f3n.<\/li>\n<\/ul>\n","protected":false},"excerpt":{"rendered":"<p>Makinemiz El y\u0131kama, El kurutma ve El Dezenfektan Turnikesi, ayakkab\u0131 taban y\u0131kamay\u0131 da i\u00e7erisinde bar\u0131nd\u0131ran kapsaml\u0131 bir hijyen istasyonu olarak tasarlanm\u0131\u015ft\u0131r. \u00a0Evye sens\u00f6rle \u00e7al\u0131\u015f\u0131r, el dezenfeksiyonu istasyonu da hi\u00e7bir fiziksel temasa gerek duymadan sens\u00f6rler arac\u0131l\u0131\u011f\u0131 ile y\u0131kama, kurutma ve dezenfekte i\u015flemlerini bir arada sunar.<\/p>\n<p>Son derece kullan\u0131\u015fl\u0131, bak\u0131m\u0131 kolay, personelin h\u0131zl\u0131 ilerlemesini sa\u011flayan, uygun maliyetli <strong>Tanr\u0131ver paslanmaz \u00e7elik hijyen bariyerleri<\/strong>, y\u00fcksek hijyen standartlar\u0131na uyum sa\u011flamak isteyen i\u015fletmelere uygun \u00e7\u00f6z\u00fcmler sunmaktad\u0131r.<\/p>\n","protected":false},"featured_media":4081,"template":"","meta":[],"product_brand":[],"product_cat":[120],"product_tag":[],"class_list":{"0":"post-14476","1":"product","2":"type-product","3":"status-publish","4":"has-post-thumbnail","6":"product_cat-barreras-de-higiene","8":"first","9":"instock","10":"shipping-taxable","11":"purchasable","12":"product-type-simple"},"_links":{"self":[{"href":"https:\/\/tanriver.com.tr\/es\/wp-json\/wp\/v2\/product\/14476","targetHints":{"allow":["GET"]}}],"collection":[{"href":"https:\/\/tanriver.com.tr\/es\/wp-json\/wp\/v2\/product"}],"about":[{"href":"https:\/\/tanriver.com.tr\/es\/wp-json\/wp\/v2\/types\/product"}],"wp:featuredmedia":[{"embeddable":true,"href":"https:\/\/tanriver.com.tr\/es\/wp-json\/wp\/v2\/media\/4081"}],"wp:attachment":[{"href":"https:\/\/tanriver.com.tr\/es\/wp-json\/wp\/v2\/media?parent=14476"}],"wp:term":[{"taxonomy":"product_brand","embeddable":true,"href":"https:\/\/tanriver.com.tr\/es\/wp-json\/wp\/v2\/product_brand?post=14476"},{"taxonomy":"product_cat","embeddable":true,"href":"https:\/\/tanriver.com.tr\/es\/wp-json\/wp\/v2\/product_cat?post=14476"},{"taxonomy":"product_tag","embeddable":true,"href":"https:\/\/tanriver.com.tr\/es\/wp-json\/wp\/v2\/product_tag?post=14476"}],"curies":[{"name":"wp","href":"https:\/\/api.w.org\/{rel}","templated":true}]}}