{"id":14429,"date":"2020-04-04T11:12:36","date_gmt":"2020-04-04T11:12:36","guid":{"rendered":"http:\/\/tanriver.com.tr\/urun\/fircali-evyeli-paspasli-el-dezenfektan-turnikeli-hijyen-hatti\/"},"modified":"2020-05-20T08:20:16","modified_gmt":"2020-05-20T08:20:16","slug":"febset-desinfectante-de-manos-lavado-de-zapatos-fregadero-linea-de-higiene-para-torniquetes","status":"publish","type":"product","link":"https:\/\/tanriver.com.tr\/es\/urun\/febset-desinfectante-de-manos-lavado-de-zapatos-fregadero-linea-de-higiene-para-torniquetes\/","title":{"rendered":"FEBSET desinfectante de manos, lavado de zapatos, fregadero, l\u00ednea de higiene para torniquetes"},"content":{"rendered":"<h2>FEBSET L\u00ednea de higiene de torniquete desinfectante para manos con fregadero cepillado<\/h2>\n<p>En esta l\u00ednea higi\u00e9nica, que se produce completamente de acero inoxidable de alta calidad, se ofrecen juntos limpieza de suelas de pies, lavado de manos y desinfecci\u00f3n de manos. Tambi\u00e9n hay un fregadero con sensor de rodilla, dispensador de jab\u00f3n l\u00edquido, soporte para toallas de papel y cubos de basura.<\/p>\n<p>Por lo tanto, puede lavarse las manos y realizar el proceso de desinfecci\u00f3n y luego usar la funci\u00f3n de secador instant\u00e1neo. Tambi\u00e9n hay una estera de higiene rizada. Por lo tanto, antes de pasar al sistema de cepillo, aumenta la seguridad de la limpieza de la suela y disminuye la contaminaci\u00f3n.<\/p>\n<h3>\u00bfQu\u00e9 hace la l\u00ednea de higiene del torniquete desinfectante para manos FEBSET con cepillo,\u00a0 fregadero y fregona?<\/h3>\n<p>Es un sistema que resuelve las necesidades de higiene del personal colectivamente en una sola m\u00e1quina en las entradas y salidas de las f\u00e1bricas e instalaciones. Las estaciones de higiene est\u00e1n dise\u00f1adas espec\u00edficamente para plantas en la industria de procesamiento de alimentos e instalaciones a gran escala que funcionan en m\u00faltiples turnos simult\u00e1neamente.<\/p>\n<p>Es un producto extremadamente duradero y resistente al desgaste que proporciona saneamiento efectivo y mantenimiento de la higiene a las instalaciones pobladas con pasos de higiene ofrecidos juntos.<\/p>\n<h3>Modo de Operaci\u00f3n y Caracter\u00edsticas<\/h3>\n<p>Barrera de higiene FEBSET es una barrera de higiene cepillada que hace obligatorio lavarse las manos. El fregadero tiene un sensor de rodilla, el agua comienza a fluir autom\u00e1ticamente cuando la persona llega al fregadero, no hay necesidad de contactar el fregadero.<\/p>\n<p>Inmediatamente despu\u00e9s de lavarse las manos, \u00e9stas se secan r\u00e1pidamente con el secador instant\u00e1neo\/ servilleta del papel al lado del fregadero. No hay necesidad de contactar en ning\u00fan punto del secador de manos bastante higi\u00e9nico.<\/p>\n<p>Al pasar al torniquete de higiene desinfectante, los cepillos para lavar las suelas de los pies comienzan a funcionar. La parte inferior de los zapatos se lava rociando una mezcla higi\u00e9nica de productos qu\u00edmicos y agua.<\/p>\n<p>El desinfectante se roc\u00eda cuando se ponen las manos en los compartimentos desinfectantes en la barrera de higiene. El desinfectante no se roc\u00eda y el torniquete no se funciona sin poner ambas manos en el mecanismo. Por lo tanto, ambas manos del personal estar\u00e1n obligatoriamente desinfectadas. Despu\u00e9s de completar todos estos procesos, se abre un torniquete y se pasa a la secci\u00f3n de fabricaci\u00f3n.<\/p>\n<p>Esta l\u00ednea higi\u00e9nica, que se puede combinar con nuestros otros equipos de higiene si quiera, proporciona un saneamiento absoluto y le ahorra tiempo.<\/p>\n<p><strong>Desinfecci\u00f3n de manos<\/strong><br \/>\nGracias a la unidad de desinfecci\u00f3n de manos, el desinfectante se aplica autom\u00e1ticamente a la dosis determinada, de modo que solo las personas cuyas manos se limpian adecuadamente pueden ingresar en \u00e1reas de producci\u00f3n sensibles.<\/p>\n<p>Gracias a los sensores, los productos qu\u00edmicos no se usan en vano ni se pierde tiempo. Despu\u00e9s de lavarse las manos con jab\u00f3n, \u00e9stas se desinfectan en la c\u00e1mara de desinfecci\u00f3n. El torniquete se libera solo despu\u00e9s de completar la desinfecci\u00f3n de las manos.<\/p>\n<h3>Beneficios destacados del producto<\/h3>\n<ul>\n<li>Lavarse las suelas y las manos y desinfect\u00e1rselas&#8230; Todo en un solo paso.<\/li>\n<li>Proporciona saneamiento r\u00e1pido y eficiente en las instalaciones y ahorra tiempo en la entrada a las f\u00e1bricas.<\/li>\n<li>El sensor funciona de forma controlada, los procesos de lavado, secado y desinfecci\u00f3n de manos se llevan a cabo sin ning\u00fan contacto.<\/li>\n<li>Ofrecemos dos opciones siendo primera el servilleta de papel con su cubo de basura y el secador instant\u00e1neo.<\/li>\n<li>Con los cepillos penetrando profundamente en las suelas de los zapatos, la contaminaci\u00f3n est\u00e1 en un nivel m\u00ednimo y se proporciona una limpieza a fondo.<\/li>\n<li>Simult\u00e1neamente se ofrece una desinfecci\u00f3n de manos obligatoria, y el tiempo de pulverizaci\u00f3n del desinfectante de manos se puede programar opcionalmente.<\/li>\n<li>Est\u00e1 abierto a la direcci\u00f3n de salida y existe una cerradura de torniquete que se puede ajustar opcionalmente.<\/li>\n<li>La duraci\u00f3n de permiso del paso del torniquete se puede ajustar.<\/li>\n<li>El producto tiene una estructura superficial de calidad e higiene gracias al acero inoxidable satinado.<\/li>\n<li>El riesgo de infecci\u00f3n y contaminaci\u00f3n se minimiza.<\/li>\n<li>La dosis qu\u00edmica ajustable tambi\u00e9n est\u00e1 disponible.<\/li>\n<li>Ofrece procesos de lavado, secado y desinfecci\u00f3n juntos a trav\u00e9s de sensores sin necesidad de contacto f\u00edsico con las manos, eliminando el riesgo de contaminaci\u00f3n.<\/li>\n<\/ul>\n<p><strong>\u00a0Las l\u00edneas de higiene de Tanriver, <\/strong>\u00a0garantizan la mejor higiene posible del personal en una amplia variedad de industrias, especialmente en los puntos de entrada y salida de producci\u00f3n, que son muy importantes en el procesamiento de alimentos.<\/p>\n","protected":false},"excerpt":{"rendered":"<p>En esta l\u00ednea higi\u00e9nica, que se produce completamente de acero inoxidable de alta calidad, se ofrecen juntos limpieza de suelas de pies, lavado de manos y desinfecci\u00f3n de manos. Tambi\u00e9n hay un fregadero con sensor de rodilla, dispensador de jab\u00f3n l\u00edquido, soporte para toallas de papel y cubos de basura.<\/p>\n","protected":false},"featured_media":5086,"template":"","meta":[],"product_brand":[],"product_cat":[120],"product_tag":[],"class_list":{"0":"post-14429","1":"product","2":"type-product","3":"status-publish","4":"has-post-thumbnail","6":"product_cat-barreras-de-higiene","8":"first","9":"instock","10":"shipping-taxable","11":"purchasable","12":"product-type-simple"},"_links":{"self":[{"href":"https:\/\/tanriver.com.tr\/es\/wp-json\/wp\/v2\/product\/14429","targetHints":{"allow":["GET"]}}],"collection":[{"href":"https:\/\/tanriver.com.tr\/es\/wp-json\/wp\/v2\/product"}],"about":[{"href":"https:\/\/tanriver.com.tr\/es\/wp-json\/wp\/v2\/types\/product"}],"wp:featuredmedia":[{"embeddable":true,"href":"https:\/\/tanriver.com.tr\/es\/wp-json\/wp\/v2\/media\/5086"}],"wp:attachment":[{"href":"https:\/\/tanriver.com.tr\/es\/wp-json\/wp\/v2\/media?parent=14429"}],"wp:term":[{"taxonomy":"product_brand","embeddable":true,"href":"https:\/\/tanriver.com.tr\/es\/wp-json\/wp\/v2\/product_brand?post=14429"},{"taxonomy":"product_cat","embeddable":true,"href":"https:\/\/tanriver.com.tr\/es\/wp-json\/wp\/v2\/product_cat?post=14429"},{"taxonomy":"product_tag","embeddable":true,"href":"https:\/\/tanriver.com.tr\/es\/wp-json\/wp\/v2\/product_tag?post=14429"}],"curies":[{"name":"wp","href":"https:\/\/api.w.org\/{rel}","templated":true}]}}