{"id":14413,"date":"2020-04-04T11:11:50","date_gmt":"2020-04-04T08:11:50","guid":{"rendered":"http:\/\/tanriver.com.tr\/urun\/evyeli-paspasli-el-dezenfektan-turnikeli-hijyen-hatti\/"},"modified":"2023-03-14T10:55:41","modified_gmt":"2023-03-14T07:55:41","slug":"evyeli-paspasli-el-dezenfektan-turnikeli-hijyen-hatti","status":"publish","type":"product","link":"https:\/\/tanriver.com.tr\/es\/urun\/evyeli-paspasli-el-dezenfektan-turnikeli-hijyen-hatti\/","title":{"rendered":"EPSET Evyeli Paspasl\u0131 El Dezenfektan Turnikeli Hijyen Hatt\u0131"},"content":{"rendered":"<p><strong>Evyeli Paspasl\u0131 El Dezenfektan Turnikeli Hijyen Hatt\u0131 Ne \u0130\u015fe Yarar?<\/strong><br \/>\nEvyeli, paspasl\u0131 ve dezenfektan turnikeli hijyen hatt\u0131m\u0131z, HACCP, BRC, IFS ve NSF&#8217;nin hijyen standartlar\u0131n\u0131 etkin bir \u015fekilde kar\u015f\u0131layan b\u00fct\u00fcnsel bir el y\u0131kama ve dezenfeksiyon sa\u011flar. Temizleme i\u015flemi, sabunla kapsaml\u0131 el y\u0131kama ve el dezenfeksiyonu i\u00e7erir. Hassas \u00fcretim alanlar\u0131na ge\u00e7i\u015f i\u00e7in sadece el dezenfeksiyonu i\u015flemi tamamlanan personellere sonra turnike ile izin verilmesini sa\u011flar. Otomatik el sabunu ve dezenfektan dispenseri ile Tanr\u0131ver el hijyeni kontrol \u00e7\u00f6z\u00fcmleri kullan\u0131\u015fl\u0131 ve uygun maliyetli bir hizmet sunar.<\/p>\n<p><strong>\u00c7al\u0131\u015fma \u015eekli ve \u00d6zellikleri<\/strong><br \/>\nDiz seviyesinde bulunan sens\u00f6rler ile aktive olan evye ile suyun bo\u015fa akmas\u0131 \u00f6nlenir , b\u00f6ylece mekanik veya fotoselli musluklarda ya\u015fanan ar\u0131za sorunlar\u0131ndan da ka\u00e7\u0131n\u0131l\u0131r. Evye \u00f6n\u00fcnde duruldu\u011funda ve sens\u00f6r ki\u015fiyi alg\u0131lad\u0131\u011f\u0131nda su akar, \u00e7ekildi\u011finde durur, bu y\u00fczden en g\u00fcvenilir sistemdir.<\/p>\n<p>Tamamen paslanmaz \u00e7elikle \u00fcretilmi\u015f Hijyen turnikemizdeki ayak tabanlar\u0131n\u0131n temizlenmesini sa\u011flayan sol\u00fcsyonlu paspas bulunmaktad\u0131r. Bu paspas\u0131n ayak havuzu k\u0131sm\u0131nda otomatik olarak havuz sol\u00fcsyonu dolumu ve tahliyesi yap\u0131lmaktad\u0131r. B\u00f6ylece ayak havuzu kendini d\u00fczenli temizleyebilir. Manuel olarak bir operat\u00f6r taraf\u0131ndan doldurma ya da bo\u015faltma gibi i\u015flemler yap\u0131lmas\u0131na gerek kalmaz. Sol\u00fcsyon Su ve Kimyasal\u0131n otomatik olarak haz\u0131rlanmas\u0131 ile birlikte dozaj iste\u011fe g\u00f6re belirlenebilir.<\/p>\n<p><strong>El Dezenfeksiyonu ve El Y\u0131kama<\/strong><br \/>\nEl dezenfeksiyonu \u00fcnitesi sayesinde belirlenen dozajda dezenfektan otomatik olarak uygulan\u0131r, b\u00f6ylece hassas \u00fcretim alanlar\u0131na sadece elleri d\u00fczg\u00fcn bir \u015fekilde temizlenmi\u015f ki\u015filerin girilebilmesine izin verilir. \u00c7ift el zorunlu dezenfekte b\u00f6lgesi sayesinde ayn\u0131 anda iki elin de dezenfekte edilmesi bir zorunluluk haline gelir ve maksimum hijyen sa\u011flan\u0131r.<\/p>\n<p>Hijyen hatt\u0131nda yer alan evye, s\u0131v\u0131 sabunluk dispenseri, ka\u011f\u0131t havluluk ve \u00e7\u00f6p kutusu personelin istedi\u011fi \u015fekilde ellerini y\u0131kamas\u0131na izin vererek el sanitasyonunu garantiler.<\/p>\n<p>Turnike \u0130malathaneden Sosyal Alan y\u00f6n\u00fcne serbest d\u00f6nmekte olup tercihe g\u00f6re kapal\u0131 tutulabilir. \u201cElektrik kesintileri\u201d ve \u201cAC\u0130L\u201d durumlarda turnike her iki y\u00f6ne serbest ge\u00e7i\u015f imk\u00e2n\u0131 sa\u011flar.<\/p>\n<p><strong>\u00dcr\u00fcn\u00fcn \u00d6ne \u00c7\u0131kan Faydalar\u0131<\/strong><\/p>\n<ul>\n<li>Ayak tabanlar\u0131n\u0131n temizlenmesi, ellerin y\u0131kanmas\u0131, dezenfekte edilmesi bir ad\u0131mda ger\u00e7ekle\u015fir.<\/li>\n<li>El y\u0131kamak i\u00e7in evye, havluluk ve \u00e7\u00f6p kutusu yerle\u015ftirilmi\u015ftir.<\/li>\n<li>Standart MEKAN\u0130K sabunluk sunulur, Fotoselli Sabunluk opsiyonel tercih edilebilir.<\/li>\n<li>Tesiste h\u0131zl\u0131 ve verimli bir \u015fekilde sanitasyon sa\u011flar.<\/li>\n<li>\u0130\u00e7erisinde kimyasal Sol\u00fcsyon bulunan K\u0131v\u0131rc\u0131k paspas ile ayak taban\u0131 temizli\u011fi derinlemesine sa\u011flan\u0131r.<\/li>\n<li>Ayak havuzu kimyasal sol\u00fcsyonu otomatik olarak dolum ve bo\u015falt\u0131m yapabilmektedir, b\u00f6ylece i\u015f g\u00fcc\u00fcnden ve zamandan tasarruf sa\u011flan\u0131r, temass\u0131z hijyen ko\u015fullar\u0131 korunur.<\/li>\n<li>E\u015f zamanl\u0131 olarak zorunlu bir 2 el i\u00e7in zorunlu bir el dezenfeksiyonu sa\u011flan\u0131r, ve el dezenfektan\u0131n\u0131n dozu belirlenebilmektedir.<\/li>\n<li>\u00c7\u0131k\u0131\u015f y\u00f6n\u00fcne ve de tercihe g\u00f6re ayarlanabilir turnike kilidi bulunmaktad\u0131r, turnike s\u00fcresi ayarlanabilir.<\/li>\n<li>3 adet turnike kolu paslanmazd\u0131r.<\/li>\n<li>\u00dcr\u00fcn\u00fcm\u00fcz, paslanmaz \u00e7elik sayesinde kaliteli ve hijyenik bir y\u00fczey yap\u0131s\u0131na sahiptir.<\/li>\n<li>Enfeksiyon ve kontaminasyon riski minumuma indirilir.<\/li>\n<li>Yakla\u015f\u0131k makine ebatlar\u0131 900 mm (B) x 1700 mm (E) x 2100 (Y) mm \u015feklindedir ve 160cm uzunlu\u011funda hijyen paspas\u0131 mevcuttur.<\/li>\n<li>Acil ka\u00e7\u0131\u015flar i\u00e7in Acil stop butonu bulunmaktad\u0131r.<\/li>\n<li>Y\u00fcksekli\u011fi ayarlanabilen ergonomik \u00f6zel Paslanmaz rotil Ayaklar bulunmaktad\u0131r.<\/li>\n<li>4mm \u00e7ap\u0131nda paslanmaz \u00c7elik korkuluk mevcuttur.<\/li>\n<\/ul>\n<p><strong>Makine Ebatlar\u0131:<\/strong> 2150mm (uzunluk) x 1050mm (geni\u015flik) x 1700mm (y\u00fckseklik)<\/p>\n<p><strong>Tanr\u0131ver hijyen hatlar\u0131,<\/strong> \u00e7ok \u00e7e\u015fitli end\u00fcstrilerde, \u00f6zellikle g\u0131da i\u015flemede \u00e7ok \u00f6nemli olan \u00fcretim giri\u015f ve \u00e7\u0131k\u0131\u015f noktalar\u0131nda personel hijyenini en iyi \u015fekilde garanti eder.<\/p>\n","protected":false},"excerpt":{"rendered":"<p>Evyeli ve ayakkab\u0131 \/terlik\/ saba taban\u0131 temizlemek i\u00e7in sol\u00fcsyonlu k\u0131v\u0131rc\u0131k paspas ile el dezenfeksiyonu, el y\u0131kama ve de ayakkab\u0131 temizli\u011fi bu makinede bir arada sunulmaktad\u0131r. Ayn\u0131 zamanda dizden sens\u00f6rl\u00fc evye, s\u0131v\u0131 sabunluk dispenseri, ka\u011f\u0131t havluluk, \u00e7\u00f6p kovas\u0131 par\u00e7alar\u0131 ve son a\u015fama olarak da el dezenfektan turnikesi toplam bir set halinde bulunmaktad\u0131r.<\/p>\n<p><strong>Not: Ekipmanlar\u0131m\u0131z hortum ve bas\u0131n\u00e7l\u0131 su ile y\u0131kanmamal\u0131d\u0131r.<\/strong><\/p>\n[html_block id=\"18410\"]\n","protected":false},"featured_media":5076,"template":"","meta":[],"product_brand":[],"product_cat":[120],"product_tag":[],"class_list":{"0":"post-14413","1":"product","2":"type-product","3":"status-publish","4":"has-post-thumbnail","6":"product_cat-barreras-de-higiene","8":"first","9":"instock","10":"shipping-taxable","11":"purchasable","12":"product-type-simple"},"_links":{"self":[{"href":"https:\/\/tanriver.com.tr\/es\/wp-json\/wp\/v2\/product\/14413","targetHints":{"allow":["GET"]}}],"collection":[{"href":"https:\/\/tanriver.com.tr\/es\/wp-json\/wp\/v2\/product"}],"about":[{"href":"https:\/\/tanriver.com.tr\/es\/wp-json\/wp\/v2\/types\/product"}],"wp:featuredmedia":[{"embeddable":true,"href":"https:\/\/tanriver.com.tr\/es\/wp-json\/wp\/v2\/media\/5076"}],"wp:attachment":[{"href":"https:\/\/tanriver.com.tr\/es\/wp-json\/wp\/v2\/media?parent=14413"}],"wp:term":[{"taxonomy":"product_brand","embeddable":true,"href":"https:\/\/tanriver.com.tr\/es\/wp-json\/wp\/v2\/product_brand?post=14413"},{"taxonomy":"product_cat","embeddable":true,"href":"https:\/\/tanriver.com.tr\/es\/wp-json\/wp\/v2\/product_cat?post=14413"},{"taxonomy":"product_tag","embeddable":true,"href":"https:\/\/tanriver.com.tr\/es\/wp-json\/wp\/v2\/product_tag?post=14413"}],"curies":[{"name":"wp","href":"https:\/\/api.w.org\/{rel}","templated":true}]}}