{"id":15276,"date":"2020-04-25T09:56:17","date_gmt":"2020-04-25T09:56:17","guid":{"rendered":"http:\/\/tanriver.com.tr\/references\/"},"modified":"2020-05-19T23:30:29","modified_gmt":"2020-05-19T23:30:29","slug":"references","status":"publish","type":"page","link":"https:\/\/tanriver.com.tr\/es\/references\/","title":{"rendered":"Referencias"},"content":{"rendered":"<div class=\"wpb-content-wrapper\"><p>[vc_row][vc_column][vc_empty_space height=\u00bb200px\u00bb woodmart_hide_large=\u00bb0&#8243; woodmart_hide_medium=\u00bb0&#8243; woodmart_hide_small=\u00bb0&#8243; woodmart_hide_extra_small=\u00bb0&#8243;][\/vc_column][\/vc_row][vc_row][vc_column]\n\t\t<div id=\"wd-5ea843531ef9f\" class=\"title-wrapper wd-wpb wd-set-mb reset-last-child  wd-rs-5ea843531ef9f wd-title-color-primary wd-title-style-underlined-2 text-center  wd-underline-colored\">\n\t\t\t\n\t\t\t<div class=\"liner-continer\">\n\t\t\t\t<h4 class=\"woodmart-title-container title  wd-font-weight- wd-fontsize-l\" >Nos prefirieron<\/h4>\n\t\t\t\t\t\t\t<\/div>\n\t\t\t\n\t\t\t\t\t\t\t<div class=\"title-after_title reset-last-child  wd-fontsize-xs\">salud, comida, de instalaciones tur\u00edsticas a instituciones educativas  muchas marcas de renombre, cada una de las cuales ha alcanzado un alto est\u00e1ndar de calidad en su industria  utiliza tecnolog\u00edas Tanr\u0131ver.<\/div>\n\t\t\t\n\t\t\t\n\t\t<\/div>\n\t\t\n\t\t[\/vc_column][\/vc_row][vc_row][vc_column][vc_gallery type=\u00bbimage_grid\u00bb images=\u00bb10817,10826,10835,10844,10853,10862,10871,10880,10889,10898,10907,10916,10925,10934,10943,10952,10961,10970,10979,10988,10997,11006,11015,11024,11033,11042,11051,11060,11069,11078,11087,11096,11105,11114,11123,11132,11141,11150,11159,11168,11177,11186,11195,11204,11213,11222,11231,11240,11249,11258,11267,11276,11285,11294,11303,11312,11321,11330,11339,11348,11357,11366,11375,11384,11393,11402,11411,11420,11429,11438,11447,11456,11465,11474,11483,11492,11501,11510,11519,11528,11537,11546,11555,11564,11573,11582,11591,11600,11609,11618,11627,11636,11645,11654,11663,11672,11681,11690,11699,11708,11717,11726,11735,11744,11753,11762,11771,11780,11789,11798,11807,11816,11825,11834,11843,11852,11861,11870,11879,11888,11897,11906,11915,11924,11933,11942,11951,11960,11969,11978,11987,11996,12005,12014,12023,12032,12041,12050,12059,12068,12077,12086,12095,12104,12113,12122,12131,12140,12149,12158,12167,12176,12185,12194,12203,12212,12221,12230,12239,12248,12257,12266,12275,12284,12293,12302,12311,12320,12329,12338,12347,12356,12365,12374,12383,12392,12401,12410,12419,12428,12437,12446,12455,12464,12473,12482,12491,12500,12509,12518,12527,12536,12545,12554,12563,12572,12581,12590,12599,12608,12617,12626,12635,12644,12653,12662,12671,12680,12689,12698,12707,12716,12725,12734,12743,12752,12761,12770,12779,12788,12797,12806,12815,12824,12833,12842,12851,12860,12869,12878,12887,12896,12905,12914,12923,12932,12941,12950,12959,12968,12977,12986,12995,13004,13013,13022,13031,13040,13049,13058,13067,13076,13085,13094,13103,13112,13121,13130,13139,13148,13157,13166,13175,13184,13193,13202,13211,13220,13229,13238,13247,13256,13265,13274,13283,13292,13301,13310,13319,13328,13337,13346,13355,13364,13373,13382,13391,13400,13409,13418,13427,13436,13445,13454,13463,13472,13481,13490,13499,13508,13517,13526,13535,13544,13553,13562,13571,13580,13589,13598,13607,13616,13625,13634,13643,13652,13661,13670,13679,13688,13697,13706,13715,13724,13733,13742,13751,13760,13769,13778,13787,13796,13805,13814,13823,13832,13841,13850,13859,13868,13877,13886,13895,13904,13913,13922,13931,13940,13949,13958,13967,13976,13985,13994,14003,14012,14021,14030,14039,14048,14057,14066,14075,14084,14093&#8243; img_size=\u00bb100&#215;100&#8243; onclick=\u00bb\u00bb][\/vc_column][\/vc_row]<\/p>\n<\/div>","protected":false},"excerpt":{"rendered":"<p>[vc_row][vc_column][vc_empty_space height=\u00bb200px\u00bb woodmart_hide_large=\u00bb0&#8243; woodmart_hide_medium=\u00bb0&#8243; woodmart_hide_small=\u00bb0&#8243; woodmart_hide_extra_small=\u00bb0&#8243;][\/vc_column][\/vc_row][vc_row][vc_column][\/vc_column][\/vc_row][vc_row][vc_column][vc_gallery type=\u00bbimage_grid\u00bb images=\u00bb10817,10826,10835,10844,10853,10862,10871,10880,10889,10898,10907,10916,10925,10934,10943,10952,10961,10970,10979,10988,10997,11006,11015,11024,11033,11042,11051,11060,11069,11078,11087,11096,11105,11114,11123,11132,11141,11150,11159,11168,11177,11186,11195,11204,11213,11222,11231,11240,11249,11258,11267,11276,11285,11294,11303,11312,11321,11330,11339,11348,11357,11366,11375,11384,11393,11402,11411,11420,11429,11438,11447,11456,11465,11474,11483,11492,11501,11510,11519,11528,11537,11546,11555,11564,11573,11582,11591,11600,11609,11618,11627,11636,11645,11654,11663,11672,11681,11690,11699,11708,11717,11726,11735,11744,11753,11762,11771,11780,11789,11798,11807,11816,11825,11834,11843,11852,11861,11870,11879,11888,11897,11906,11915,11924,11933,11942,11951,11960,11969,11978,11987,11996,12005,12014,12023,12032,12041,12050,12059,12068,12077,12086,12095,12104,12113,12122,12131,12140,12149,12158,12167,12176,12185,12194,12203,12212,12221,12230,12239,12248,12257,12266,12275,12284,12293,12302,12311,12320,12329,12338,12347,12356,12365,12374,12383,12392,12401,12410,12419,12428,12437,12446,12455,12464,12473,12482,12491,12500,12509,12518,12527,12536,12545,12554,12563,12572,12581,12590,12599,12608,12617,12626,12635,12644,12653,12662,12671,12680,12689,12698,12707,12716,12725,12734,12743,12752,12761,12770,12779,12788,12797,12806,12815,12824,12833,12842,12851,12860,12869,12878,12887,12896,12905,12914,12923,12932,12941,12950,12959,12968,12977,12986,12995,13004,13013,13022,13031,13040,13049,13058,13067,13076,13085,13094,13103,13112,13121,13130,13139,13148,13157,13166,13175,13184,13193,13202,13211,13220,13229,13238,13247,13256,13265,13274,13283,13292,13301,13310,13319,13328,13337,13346,13355,13364,13373,13382,13391,13400,13409,13418,13427,13436,13445,13454,13463,13472,13481,13490,13499,13508,13517,13526,13535,13544,13553,13562,13571,13580,13589,13598,13607,13616,13625,13634,13643,13652,13661,13670,13679,13688,13697,13706,13715,13724,13733,13742,13751,13760,13769,13778,13787,13796,13805,13814,13823,13832,13841,13850,13859,13868,13877,13886,13895,13904,13913,13922,13931,13940,13949,13958,13967,13976,13985,13994,14003,14012,14021,14030,14039,14048,14057,14066,14075,14084,14093&#8243; img_size=\u00bb100&#215;100&#8243; onclick=\u00bb\u00bb][\/vc_column][\/vc_row]<\/p>\n","protected":false},"author":1,"featured_media":0,"parent":0,"menu_order":0,"comment_status":"closed","ping_status":"closed","template":"","meta":{"footnotes":""},"class_list":["post-15276","page","type-page","status-publish","hentry"],"_links":{"self":[{"href":"https:\/\/tanriver.com.tr\/es\/wp-json\/wp\/v2\/pages\/15276","targetHints":{"allow":["GET"]}}],"collection":[{"href":"https:\/\/tanriver.com.tr\/es\/wp-json\/wp\/v2\/pages"}],"about":[{"href":"https:\/\/tanriver.com.tr\/es\/wp-json\/wp\/v2\/types\/page"}],"author":[{"embeddable":true,"href":"https:\/\/tanriver.com.tr\/es\/wp-json\/wp\/v2\/users\/1"}],"replies":[{"embeddable":true,"href":"https:\/\/tanriver.com.tr\/es\/wp-json\/wp\/v2\/comments?post=15276"}],"version-history":[{"count":0,"href":"https:\/\/tanriver.com.tr\/es\/wp-json\/wp\/v2\/pages\/15276\/revisions"}],"wp:attachment":[{"href":"https:\/\/tanriver.com.tr\/es\/wp-json\/wp\/v2\/media?parent=15276"}],"curies":[{"name":"wp","href":"https:\/\/api.w.org\/{rel}","templated":true}]}}