{"id":15184,"date":"2020-04-25T09:44:48","date_gmt":"2020-04-25T09:44:48","guid":{"rendered":"http:\/\/tanriver.com.tr\/sobre-nosotros\/our-quality-policy\/"},"modified":"2020-05-19T23:24:11","modified_gmt":"2020-05-19T23:24:11","slug":"nuestra-politica-de-calidad","status":"publish","type":"page","link":"https:\/\/tanriver.com.tr\/es\/sobre-nosotros\/nuestra-politica-de-calidad\/","title":{"rendered":"Nuestra politica de calidad"},"content":{"rendered":"<div class=\"wpb-content-wrapper\"><p>[vc_row][vc_column width=\u00bb1\/4&#8243;][vc_wp_custommenu nav_menu=\u00bb61&#8243;][\/vc_column][vc_column width=\u00bb3\/4&#8243;][vc_column_text text_larger=\u00bbno\u00bb]Nuestras politicas de calidad; Proporcionar equipos de calidad garantizando el control de calidad de todos los pasos en los procesos comerciales en el marco del Enfoque de Calidad de Grado. servicio de calidad, socios comerciales de calidad est\u00e1n trabajando con estudios conjuntos.<\/p>\n<p>Desde el primer d\u00eda, hemos estado trabajando con proveedores que cumplen con los est\u00e1ndares de calidad de nuestros equipos durante el proceso de producci\u00f3n. Siempre damos prioridad a la calidad en nuestro principio de suministro de equipos, instalaci\u00f3n de equipos y servicio de extremo a extremo.<\/p>\n<p>Equipo de higiene Tanriver, \u201cAn\u00e1lisis de Riesgo y Puntos Cr\u00edticos de Control\u201d Cumple con los criterios HACCP y BRC. cumple con los requisitos del sistema de seguridad que determinan las reglas de higiene requeridas para la producci\u00f3n de alimentos saludables.<\/p>\n<p>Al mismo tiempo, la producci\u00f3n de alimentos, Proporciona equipos compatibles con el Sistema de gesti\u00f3n de seguridad alimentaria ISO 22000, que especifica las reglas y precauciones que se deben seguir durante el procesamiento, la conservaci\u00f3n y la distribuci\u00f3n.[\/vc_column_text][\/vc_column][\/vc_row]<\/p>\n<\/div>","protected":false},"excerpt":{"rendered":"<p>[vc_row][vc_column width=\u00bb1\/4&#8243;][vc_wp_custommenu nav_menu=\u00bb61&#8243;][\/vc_column][vc_column width=\u00bb3\/4&#8243;][vc_column_text text_larger=\u00bbno\u00bb]Nuestras politicas de calidad; Proporcionar equipos de calidad garantizando el control de calidad de todos los<\/p>\n","protected":false},"author":1,"featured_media":0,"parent":14882,"menu_order":0,"comment_status":"closed","ping_status":"closed","template":"","meta":{"footnotes":""},"class_list":["post-15184","page","type-page","status-publish","hentry"],"_links":{"self":[{"href":"https:\/\/tanriver.com.tr\/es\/wp-json\/wp\/v2\/pages\/15184","targetHints":{"allow":["GET"]}}],"collection":[{"href":"https:\/\/tanriver.com.tr\/es\/wp-json\/wp\/v2\/pages"}],"about":[{"href":"https:\/\/tanriver.com.tr\/es\/wp-json\/wp\/v2\/types\/page"}],"author":[{"embeddable":true,"href":"https:\/\/tanriver.com.tr\/es\/wp-json\/wp\/v2\/users\/1"}],"replies":[{"embeddable":true,"href":"https:\/\/tanriver.com.tr\/es\/wp-json\/wp\/v2\/comments?post=15184"}],"version-history":[{"count":0,"href":"https:\/\/tanriver.com.tr\/es\/wp-json\/wp\/v2\/pages\/15184\/revisions"}],"up":[{"embeddable":true,"href":"https:\/\/tanriver.com.tr\/es\/wp-json\/wp\/v2\/pages\/14882"}],"wp:attachment":[{"href":"https:\/\/tanriver.com.tr\/es\/wp-json\/wp\/v2\/media?parent=15184"}],"curies":[{"name":"wp","href":"https:\/\/api.w.org\/{rel}","templated":true}]}}