{"id":14882,"date":"2017-09-22T13:16:43","date_gmt":"2017-09-22T13:16:43","guid":{"rendered":"http:\/\/tanriver.com.tr\/hakkimizda\/"},"modified":"2020-05-19T23:22:11","modified_gmt":"2020-05-19T23:22:11","slug":"sobre-nosotros","status":"publish","type":"page","link":"https:\/\/tanriver.com.tr\/es\/sobre-nosotros\/","title":{"rendered":"sobre nosotros"},"content":{"rendered":"<div class=\"wpb-content-wrapper\"><p>[vc_row][vc_column][vc_empty_space height=\u00bb120px\u00bb woodmart_hide_large=\u00bb0&#8243; woodmart_hide_medium=\u00bb0&#8243; woodmart_hide_small=\u00bb1&#8243; woodmart_hide_extra_small=\u00bb1&#8243;][\/vc_column][\/vc_row][vc_row full_width=\u00bbstretch_row\u00bb content_placement=\u00bbmiddle\u00bb css=\u00bb.vc_custom_1589658253808{margin-bottom: 8vh !important;padding-top: 4vh !important;padding-bottom: 4vh !important;background-image: url(http:\/\/tanriver.com.tr\/wp-content\/uploads\/2020\/04\/digita-app-row-bg-1.jpg?id=3060) !important;background-position: center !important;background-repeat: no-repeat !important;background-size: cover !important;}\u00bb mobile_bg_img_hidden=\u00bbno\u00bb tablet_bg_img_hidden=\u00bbno\u00bb woodmart_parallax=\u00bb0&#8243; woodmart_gradient_switch=\u00bbno\u00bb row_reverse_mobile=\u00bb0&#8243; row_reverse_tablet=\u00bb0&#8243; woodmart_disable_overflow=\u00bb0&#8243;][vc_column width=\u00bb1\/2&#8243; css=\u00bb.vc_custom_1509706006043{padding-top: 0px !important;}\u00bb][vc_empty_space height=\u00bb4vh\u00bb woodmart_hide_large=\u00bb1&#8243; woodmart_hide_medium=\u00bb1&#8243;][vc_single_image image=\u00bb3073&#8243; img_size=\u00bbfull\u00bb alignment=\u00bbcenter\u00bb css=\u00bb.vc_custom_1586179812541{margin-bottom: -12vh !important;}\u00bb parallax_scroll=\u00bbno\u00bb][vc_empty_space height=\u00bb13vh\u00bb woodmart_hide_large=\u00bb1&#8243; woodmart_hide_medium=\u00bb1&#8243;][\/vc_column][vc_column width=\u00bb1\/2&#8243; woodmart_color_scheme=\u00bblight\u00bb css=\u00bb.vc_custom_1509705894158{padding-top: 4vh !important;padding-bottom: 4vh !important;}\u00bb]\n\t\t<div id=\"wd-5ec469ffd9d9c\" class=\"title-wrapper wd-wpb wd-set-mb reset-last-child  wd-rs-5ec469ffd9d9c wd-title-color-default wd-title-style-default text-left vc_custom_1589930529460 wd-underline-colored\">\n\t\t\t\n\t\t\t<div class=\"liner-continer\">\n\t\t\t\t<h4 class=\"woodmart-title-container title  wd-font-weight-400 wd-fontsize-l\" >M\u00e1s de 50 pa\u00edses en 3 continentes<\/h4>\n\t\t\t\t\t\t\t<\/div>\n\t\t\t\n\t\t\t\t\t\t\t<div class=\"title-after_title reset-last-child  wd-fontsize-xs\">Producimos altos est\u00e1ndares de tecnolog\u00edas de higiene para m\u00e1s de 2000 empresas que se preocupan por la salud y la higiene humana. Ofrecemos soluciones adecuadas no solo en empresas altamente sensibles como la salud y la alimentaci\u00f3n, sino tambi\u00e9n en todos los sectores, desde la construcci\u00f3n hasta la electr\u00f3nica.<\/div>\n\t\t\t\n\t\t\t\n\t\t<\/div>\n\t\t\n\t\t[\/vc_column][\/vc_row][vc_row][vc_column width=\u00bb1\/4&#8243;][vc_wp_custommenu nav_menu=\u00bb61&#8243;][\/vc_column][vc_column width=\u00bb3\/4&#8243;][vc_column_text text_larger=\u00bbno\u00bb]<strong>Nuestro viaje de marca local a global <\/strong><br \/>\nComo una peque\u00f1a empresa local hace a\u00f1os, mientras est\u00e1bamos viendo las necesidades del pa\u00eds en t\u00e9rminos de equipos de higiene y suministro de productos a las empresas, ahora producimos equipos de transici\u00f3n de higiene de valor agregado y calidad comprobada en todo el mundo.<\/p>\n<p>Desde el primer d\u00eda que comenzamos la producci\u00f3n, nos hemos convertido en un jugador global al dar los pasos correctos y crecer en l\u00ednea con las tendencias de la industria. Llevamos 20 a\u00f1os llevando equipos de higiene de la m\u00e1s alta calidad del mundo a empresas en nuestro pa\u00eds y estamos orgullosos de producir nuestra propia tecnolog\u00eda de higiene. Gracias a nuestra oportunidad de producci\u00f3n 100% nacional, ofrecemos ventajas de producci\u00f3n y entrega r\u00e1pidas en trabajos y producciones basadas en proyectos fuera de los est\u00e1ndares, al llevar a cabo un trabajo de dise\u00f1o de proyecto especial para su f\u00e1brica o instalaci\u00f3n. Nuestra extensa red de repuestos y servicio, y nuestra atenci\u00f3n al cliente r\u00e1pida y f\u00e1cilmente accesible que ofrecemos en plazos flexibles marcan la diferencia.<\/p>\n<p>Nuestro equipo de higiene no s\u00f3lo en Turqu\u00eda sino tambi\u00e9n en 3 continentes &#8211; Am\u00e9rica, \u00c1frica del Sur, Malasia, Pakist\u00e1n, Alemania, Azerbaiy\u00e1n, T\u00fanez, Libia, Arabia Saudita, Egipto, Albania y muchos m\u00e1s &#8211; se utilizan todos los d\u00edas en m\u00e1s de 50 pa\u00edses. Probamos nuestro \u00e9xito en nuestro campo al proporcionar servicios a muchas empresas l\u00edderes, especialmente a los sectores de alimentos, farmac\u00e9utico y de servicios. Gracias a la confianza de las empresas en nosotros y en nuestra marca, seguimos siendo la primera compa\u00f1\u00eda que viene a la mente cuando es necesario. Se nos prefiere repetidamente para la instalaci\u00f3n de l\u00edneas de saneamiento.<\/p>\n<p><strong>Les valoramos<\/strong><br \/>\nAl establecer relaciones a largo plazo con nuestros socios comerciales y partes interesadas, podemos dar pasos s\u00f3lidos hacia el futuro. En este marco, no solo ofrecemos a nuestros socios soluciones especiales que abordan eficazmente los problemas que necesitan a diario, sino que tambi\u00e9n les ayudamos a cumplir con los est\u00e1ndares de calidad requeridos y garantizar la eficiencia. Porque valoramos a nuestros clientes y los sectores en los que operan y conocemos sus necesidades especiales.<\/p>\n<p><strong>Nuestro objetivo,<\/strong><br \/>\nComo una de las empresas l\u00edderes mundiales en el sector de equipos de higiene; Desarrollar nuestra incomparable experiencia en productos, aplicaciones y servicios, ofrecer soluciones especiales y de alta calidad a cada cliente, para continuar nuestra actividad que hemos llevado a cabo con \u00e9xito durante 20 a\u00f1os.[\/vc_column_text][\/vc_column][\/vc_row][vc_row][vc_column][vc_empty_space height=\u00bb10px\u00bb woodmart_hide_large=\u00bb0&#8243; woodmart_hide_medium=\u00bb0&#8243; woodmart_hide_small=\u00bb0&#8243; woodmart_hide_extra_small=\u00bb0&#8243;][\/vc_column][\/vc_row][vc_row full_width=\u00bbstretch_row\u00bb content_placement=\u00bbmiddle\u00bb row_reverse_mobile=\u00bb1&#8243; css=\u00bb.vc_custom_1535036272673{background-color: #fafafa !important;}\u00bb][vc_column woodmart_text_align=\u00bbcenter\u00bb css=\u00bb.vc_custom_1535036116201{padding-top: 0px !important;padding-bottom: 0px !important;}\u00bb offset=\u00bbvc_col-md-6&#8243;][vc_empty_space height=\u00bb8vh\u00bb woodmart_hide_extra_small=\u00bb1&#8243;]\n\t\t<div id=\"wd-5ec469cec68aa\" class=\"title-wrapper wd-wpb wd-set-mb reset-last-child  wd-rs-5ec469cec68aa wd-title-color-default wd-title-style-default text-center vc_custom_1589930463326 wd-underline-colored\">\n\t\t\t\t\t\t\t\n\t\t\t\t<div class=\"title-subtitle  subtitle-color-default font-default subtitle-style-default wd-font-weight-300 wd-fontsize-xs\">EN TODO EL MUND<\/div>\n\t\t\t\n\t\t\t<div class=\"liner-continer\">\n\t\t\t\t<h4 class=\"woodmart-title-container title  wd-font-weight-600 wd-fontsize-l\" >Mantenemos su higiene de forma segura durante 20 a\u00f1os.<\/h4>\n\t\t\t\t\t\t\t<\/div>\n\t\t\t\n\t\t\t\t\t\t\t<div class=\"title-after_title reset-last-child  wd-fontsize-xs\">M\u00e1s de 50 pa\u00edses en 3 continentes. Producimos altos est\u00e1ndares de tecnolog\u00edas de higiene para m\u00e1s de 2000 empresas que se preocupan por la salud y la higiene humana.<\/div>\n\t\t\t\n\t\t\t\n\t\t<\/div>\n\t\t\n\t\t[vc_empty_space height=\u00bb8vh\u00bb woodmart_hide_small=\u00bb1&#8243;][\/vc_column][vc_column css=\u00bb.vc_custom_1586255794004{padding-top: 8vh !important;padding-bottom: 8vh !important;background-image: url(http:\/\/tanriver.com.tr\/wp-content\/uploads\/2020\/04\/video-bg-vector-1.png?id=3365) !important;background-position: center !important;background-repeat: no-repeat !important;background-size: contain !important;}\u00bb offset=\u00bbvc_col-md-6&#8243; mobile_bg_img_hidden=\u00bbno\u00bb tablet_bg_img_hidden=\u00bbno\u00bb woodmart_parallax=\u00bb0&#8243; woodmart_sticky_column=\u00bbfalse\u00bb parallax_scroll=\u00bbno\u00bb mobile_reset_margin=\u00bbno\u00bb tablet_reset_margin=\u00bbno\u00bb][vc_row_inner][vc_column_inner css=\u00bb.vc_custom_1535036665869{padding-top: 0px !important;}\u00bb offset=\u00bbvc_col-lg-offset-1 vc_col-lg-10 vc_col-md-12&#8243;][vc_video link=\u00bbhttps:\/\/vimeo.com\/418823804&#8243; align=\u00bbcenter\u00bb poster_image=\u00bb3379&#8243; image_poster_switch=\u00bbyes\u00bb img_size=\u00bbfull\u00bb css=\u00bb.vc_custom_1589537739609{margin-bottom: 0px !important;}\u00bb][\/vc_column_inner][\/vc_row_inner][\/vc_column][\/vc_row]<\/p>\n<\/div>","protected":false},"excerpt":{"rendered":"<p>[vc_row][vc_column][vc_empty_space height=\u00bb120px\u00bb woodmart_hide_large=\u00bb0&#8243; woodmart_hide_medium=\u00bb0&#8243; woodmart_hide_small=\u00bb1&#8243; woodmart_hide_extra_small=\u00bb1&#8243;][\/vc_column][\/vc_row][vc_row full_width=\u00bbstretch_row\u00bb content_placement=\u00bbmiddle\u00bb css=\u00bb.vc_custom_1589658253808{margin-bottom: 8vh !important;padding-top: 4vh !important;padding-bottom: 4vh !important;background-image: url(http:\/\/tanriver.com.tr\/wp-content\/uploads\/2020\/04\/digita-app-row-bg-1.jpg?id=3060) !important;background-position: center !important;background-repeat: no-repeat<\/p>\n","protected":false},"author":1,"featured_media":0,"parent":0,"menu_order":0,"comment_status":"closed","ping_status":"closed","template":"","meta":{"footnotes":""},"class_list":["post-14882","page","type-page","status-publish","hentry"],"_links":{"self":[{"href":"https:\/\/tanriver.com.tr\/es\/wp-json\/wp\/v2\/pages\/14882","targetHints":{"allow":["GET"]}}],"collection":[{"href":"https:\/\/tanriver.com.tr\/es\/wp-json\/wp\/v2\/pages"}],"about":[{"href":"https:\/\/tanriver.com.tr\/es\/wp-json\/wp\/v2\/types\/page"}],"author":[{"embeddable":true,"href":"https:\/\/tanriver.com.tr\/es\/wp-json\/wp\/v2\/users\/1"}],"replies":[{"embeddable":true,"href":"https:\/\/tanriver.com.tr\/es\/wp-json\/wp\/v2\/comments?post=14882"}],"version-history":[{"count":0,"href":"https:\/\/tanriver.com.tr\/es\/wp-json\/wp\/v2\/pages\/14882\/revisions"}],"wp:attachment":[{"href":"https:\/\/tanriver.com.tr\/es\/wp-json\/wp\/v2\/media?parent=14882"}],"curies":[{"name":"wp","href":"https:\/\/api.w.org\/{rel}","templated":true}]}}