{"id":14603,"date":"2021-04-04T11:47:13","date_gmt":"2020-04-04T08:47:13","guid":{"rendered":"http:\/\/tanriver.com.tr\/urun\/el-dezenfektanli-ve-taban-yikamali-hijyen-bariyeri\/"},"modified":"2023-03-14T20:49:30","modified_gmt":"2023-03-14T17:49:30","slug":"sa-et-70-hand-disinfectant-and-sole-washing-hygiene-barrier","status":"publish","type":"product","link":"https:\/\/tanriver.com.tr\/en\/urun\/sa-et-70-hand-disinfectant-and-sole-washing-hygiene-barrier\/","title":{"rendered":"SA ET 70 Hand Disinfectant and Sole Washing Hygiene Barrier"},"content":{"rendered":"<p style=\"font-weight: 400;\"><strong><u>Mode of Operation and Features<\/u><\/strong><\/p>\n<p style=\"font-weight: 400;\">To prevent the bristles from breaking off, the brushes should be placed on the rotating roller approximately 8 cm. installed deep. Thanks to the Integrated Dosing Pump, a solution consisting of a mixture of water and chemical cleaning agent is sprayed on the brushes during operation. You can also control the density of the cleaning agent through the nozzles.<\/p>\n<p style=\"font-weight: 400;\">The working time of the brushes can be adjusted manually from the program to 01 to 10 seconds or longer depending on preference. Special Sensors at the starting points initiate the working process. This model has about 100 cm long brushes. The rotating brushes are automatically actuated by sensors. The next step is hand disinfection and the last step is to provide free passage from the turnstile.<\/p>\n<p style=\"font-weight: 400;\">Turnike sistemi ve otomatik i\u015fleyen s\u00fcre\u00e7 sayesinde personeller s\u0131ra beklemeden \u0130malathaneye seri bir \u015fekilde giri\u015f yaparlar. Sistemin \u00fczerinde bulunan f\u0131r\u00e7alar uzun \u00f6m\u00fcrl\u00fc olup k\u0131r\u0131lmaya\/d\u00f6k\u00fclmeye kar\u015f\u0131 dayan\u0131kl\u0131d\u0131r.<\/p>\n<p style=\"font-weight: 400;\"><strong>\u00a0<\/strong><\/p>\n<p style=\"font-weight: 400;\"><strong><u>El Dezenfeksiyonu<\/u><\/strong><\/p>\n<p style=\"font-weight: 400;\">Hijyen bariyeri makinemiz ayr\u0131ca El dezenfektanl\u0131 turnike sistemi ile donat\u0131lm\u0131\u015ft\u0131r. Ayakkab\u0131 taban temizli\u011fi yan\u0131 s\u0131ra ellerinizi dezenfekte edebilirsiniz. B\u00f6ylece elleri dezenfekte etmek bir zorunluluk haline gelir ve uygun \u015fekilde dezenfekte sa\u011flamam\u0131\u015f ki\u015filerin kontrols\u00fcz ge\u00e7i\u015fine sistemsel olarak izin verilmez.<\/p>\n<p style=\"font-weight: 400;\">El dezenfeksiyonu \u00fcnitesi sayesinde belirlenen dozajda dezenfektan otomatik olarak uygulan\u0131r, b\u00f6ylece hassas \u00fcretim alanlar\u0131na sadece elleri d\u00fczg\u00fcn bir \u015fekilde temizlenmi\u015f ki\u015filerin girilebilmesine izin verilir.<\/p>\n<p style=\"font-weight: 400;\">Turnike \u0130malathaneden Sosyal Alan y\u00f6n\u00fcne \u00e7\u0131k\u0131\u015fta serbest d\u00f6nmekte olup tercihe g\u00f6re kapal\u0131 tutulabilir. \u201cElektrik kesintileri\u201d ve \u201cAC\u0130L\u201d durumlarda turnike her iki y\u00f6ne serbest ge\u00e7i\u015f imk\u00e2n\u0131 sa\u011flayacakt\u0131r.<\/p>\n<p style=\"font-weight: 400;\"><strong>\u00a0<\/strong><\/p>\n<p style=\"font-weight: 400;\"><strong>\u00dcr\u00fcn\u00fcn \u00d6ne \u00c7\u0131kan Faydalar\u0131<\/strong><\/p>\n<ul>\n<li style=\"font-weight: 400;\">Ayakkab\u0131\/\u00c7izme tabanlar\u0131n\u0131 temizleyen f\u0131r\u00e7alar\u0131n \u00e7al\u0131\u015fma s\u00fcreleri iste\u011fe g\u00f6re ayarlanabilmektedir.<\/li>\n<li style=\"font-weight: 400;\">F\u0131r\u00e7alar ek bir alete ihtiya\u00e7 duyulmadan kolayca \u00e7\u0131kar\u0131l\u0131p tak\u0131labilir.<\/li>\n<li style=\"font-weight: 400;\">Tabanlara derinlemesine i\u015fleyen \u00f6zel f\u0131r\u00e7alama sistemi ile tabanlar garantili \u015fekilde temizlenir.<\/li>\n<li style=\"font-weight: 400;\">Derinlemesine monte edilmi\u015f f\u0131r\u00e7a k\u0131llar\u0131 sayesinde uzun kullan\u0131m \u00f6mr\u00fc sunulmaktad\u0131r.<\/li>\n<li style=\"font-weight: 400;\">E\u015f zamanl\u0131 olarak zorunlu bir el dezenfeksiyonu sa\u011flan\u0131r, sistem tek elle \u00e7al\u0131\u015fmad\u0131\u011f\u0131 i\u00e7in mutlak dezenfektan sa\u011flar<\/li>\n<li style=\"font-weight: 400;\">El dezenfekte s\u00fcresi ayarlanabilmektedir.<\/li>\n<li style=\"font-weight: 400;\">D\u0131\u015far\u0131dan elle manuel m\u00fcdahaleye izin vermeyen sistem, g\u00fcvenli bir dezenfeksiyonu garanti eder.<\/li>\n<li style=\"font-weight: 400;\">Elektrik kesintileri ve \u201cAC\u0130L STOP\u201d butonun devreye girmesi gibi acil durumlarda turnike her iki y\u00f6ne serbest ge\u00e7i\u015f imk\u00e2n\u0131 sa\u011flar.<\/li>\n<li style=\"font-weight: 400;\">\u00c7\u0131k\u0131\u015f y\u00f6n\u00fcn\u00fc tercihe g\u00f6re a\u00e7\u0131k veya kilitleme imk\u00e2n\u0131 bulunmaktad\u0131r.<\/li>\n<li style=\"font-weight: 400;\">\u00dcr\u00fcn\u00fcm\u00fcz, Paslanmaz \u00c7elik \u00f6zel Satineli y\u00fczeyi sayesinde kaliteli ve hijyenik bir y\u00fczey yap\u0131s\u0131na sahiptir.<\/li>\n<\/ul>\n<p style=\"font-weight: 400;\"><strong>Tanr\u0131ver hijyen bariyerleri,<\/strong>\u00a0\u00e7ok \u00e7e\u015fitli end\u00fcstrilerde, \u00f6zellikle g\u0131da i\u015flemede \u00e7ok \u00f6nemli olan \u00fcretim giri\u015f ve \u00e7\u0131k\u0131\u015f noktalar\u0131nda personel hijyenini en iyi \u015fekilde garanti eder.<\/p>\n","protected":false},"excerpt":{"rendered":"<p style=\"font-weight: 400;\"><strong><u>SA ET 70 Hygiene Barrier with Turnstile and Floor Washing What is it good for?<\/u><\/strong><\/p>\n<p style=\"font-weight: 400;\">Shoe\/Saba Slipper soles provide a deep cleaning and sanitation by means of 2 horizontally mounted and reciprocating Brushes. Hygiene, which is a necessity to be maintained in the workshop, is maintained at a high level.<\/p>\n<p style=\"font-weight: 400;\">It is designed to provide a high degree of safety, with the mandatory passing of all hygienic checks by personnel, for the best cleaning of the soles of shoes.<\/p>\n[html_block id=\"18465\"]\n","protected":false},"featured_media":5728,"template":"","meta":[],"product_brand":[],"product_cat":[86],"product_tag":[158],"class_list":{"0":"post-14603","1":"product","2":"type-product","3":"status-publish","4":"has-post-thumbnail","6":"product_cat-hygiene-barriers","7":"product_tag-sanitta-en","9":"first","10":"instock","11":"shipping-taxable","12":"purchasable","13":"product-type-simple"},"_links":{"self":[{"href":"https:\/\/tanriver.com.tr\/en\/wp-json\/wp\/v2\/product\/14603","targetHints":{"allow":["GET"]}}],"collection":[{"href":"https:\/\/tanriver.com.tr\/en\/wp-json\/wp\/v2\/product"}],"about":[{"href":"https:\/\/tanriver.com.tr\/en\/wp-json\/wp\/v2\/types\/product"}],"wp:featuredmedia":[{"embeddable":true,"href":"https:\/\/tanriver.com.tr\/en\/wp-json\/wp\/v2\/media\/5728"}],"wp:attachment":[{"href":"https:\/\/tanriver.com.tr\/en\/wp-json\/wp\/v2\/media?parent=14603"}],"wp:term":[{"taxonomy":"product_brand","embeddable":true,"href":"https:\/\/tanriver.com.tr\/en\/wp-json\/wp\/v2\/product_brand?post=14603"},{"taxonomy":"product_cat","embeddable":true,"href":"https:\/\/tanriver.com.tr\/en\/wp-json\/wp\/v2\/product_cat?post=14603"},{"taxonomy":"product_tag","embeddable":true,"href":"https:\/\/tanriver.com.tr\/en\/wp-json\/wp\/v2\/product_tag?post=14603"}],"curies":[{"name":"wp","href":"https:\/\/api.w.org\/{rel}","templated":true}]}}