{"id":14765,"date":"2020-05-05T14:28:40","date_gmt":"2020-05-05T11:28:40","guid":{"rendered":"http:\/\/tanriver.com.tr\/urun\/z-kagit-havlu-cop-kovasi\/"},"modified":"2020-05-28T23:18:15","modified_gmt":"2020-05-28T20:18:15","slug":"z-kagit-havlu-cop-kovasi","status":"publish","type":"product","link":"https:\/\/tanriver.com.tr\/de\/urun\/z-kagit-havlu-cop-kovasi\/","title":{"rendered":"Z Ka\u011f\u0131t Havluluk &#038; \u00c7\u00f6p Kovas\u0131"},"content":{"rendered":"<p><strong>Kalite<\/strong>: 304\/430 Kalite Paslanmaz \u00c7elik<br \/>\n<strong>\u00d6l\u00e7\u00fc<\/strong>: 105x26x10 cm<br \/>\n<strong>Montaj \u015eekli<\/strong>: S\u0131va \u00dcst\u00fc<\/p>\n","protected":false},"excerpt":{"rendered":"<p>304 paslanmaz \u00e7elik<br \/>\nDuvara monte<br \/>\n400 ka\u011f\u0131t kapasitesi<br \/>\nZ katlama kombi set i\u00e7in tam bir set sunmaktad\u0131r<\/p>\n","protected":false},"featured_media":9931,"template":"","meta":[],"product_brand":[],"product_cat":[115],"product_tag":[],"class_list":{"0":"post-14765","1":"product","2":"type-product","3":"status-publish","4":"has-post-thumbnail","6":"product_cat-sonstige-produkte","8":"first","9":"instock","10":"shipping-taxable","11":"purchasable","12":"product-type-simple"},"_links":{"self":[{"href":"https:\/\/tanriver.com.tr\/de\/wp-json\/wp\/v2\/product\/14765","targetHints":{"allow":["GET"]}}],"collection":[{"href":"https:\/\/tanriver.com.tr\/de\/wp-json\/wp\/v2\/product"}],"about":[{"href":"https:\/\/tanriver.com.tr\/de\/wp-json\/wp\/v2\/types\/product"}],"wp:featuredmedia":[{"embeddable":true,"href":"https:\/\/tanriver.com.tr\/de\/wp-json\/wp\/v2\/media\/9931"}],"wp:attachment":[{"href":"https:\/\/tanriver.com.tr\/de\/wp-json\/wp\/v2\/media?parent=14765"}],"wp:term":[{"taxonomy":"product_brand","embeddable":true,"href":"https:\/\/tanriver.com.tr\/de\/wp-json\/wp\/v2\/product_brand?post=14765"},{"taxonomy":"product_cat","embeddable":true,"href":"https:\/\/tanriver.com.tr\/de\/wp-json\/wp\/v2\/product_cat?post=14765"},{"taxonomy":"product_tag","embeddable":true,"href":"https:\/\/tanriver.com.tr\/de\/wp-json\/wp\/v2\/product_tag?post=14765"}],"curies":[{"name":"wp","href":"https:\/\/api.w.org\/{rel}","templated":true}]}}