{"id":14671,"date":"2020-04-04T11:54:40","date_gmt":"2020-04-04T08:54:40","guid":{"rendered":"http:\/\/tanriver.com.tr\/urun\/sanitta-sa-epe-evyeli-paspasli-el-dezenfektan-turnikeli-hijyen-hatti\/"},"modified":"2023-03-14T11:00:40","modified_gmt":"2023-03-14T08:00:40","slug":"sanitta-sa-epe-evyeli-paspasli-el-dezenfektan-turnikeli-hijyen-hatti","status":"publish","type":"product","link":"https:\/\/tanriver.com.tr\/de\/urun\/sanitta-sa-epe-evyeli-paspasli-el-dezenfektan-turnikeli-hijyen-hatti\/","title":{"rendered":"SA EPE Evyeli Paspasl\u0131 El Dezenfektan Turnikeli Hijyen Hatt\u0131"},"content":{"rendered":"<div class=\"wpb-content-wrapper\"><p>[vc_row][vc_column][vc_column_text text_larger=&#8220;no&#8220;]<\/p>\n<h2 class=\"h3\">Teknik \u00d6zellikleri<\/h2>\n<ul class=\"uk-list technicList\">\n<li><i class=\"uk-icon-caret-right\"><\/i>\u00a0\u00a0Yakla\u015f\u0131k Ebatlar\u0131: 2100mm (uzunluk) x 1100mm (geni\u015flik) x 1750mm (y\u00fckseklik)<\/li>\n<li><i class=\"uk-icon-caret-right\"><\/i>\u00a0\u00a001 adet diz hizas\u0131 sens\u00f6rl\u00fc el y\u0131kama evyesi<\/li>\n<li><i class=\"uk-icon-caret-right\"><\/i>\u00a0\u00a01.5mm ve 4.0 mm sa\u00e7 kal\u0131nl\u0131\u011f\u0131<\/li>\n<li><i class=\"uk-icon-caret-right\"><\/i>\u00a0\u00a04 noktadan dezenfektan p\u00fcsk\u00fcrtme<\/li>\n<li><i class=\"uk-icon-caret-right\"><\/i>\u00a0\u00a0Acil stop butonu<\/li>\n<li><i class=\"uk-icon-caret-right\"><\/i>\u00a0\u00a0Ayak havuzu i\u00e7in hijyenik paspas<\/li>\n<li><i class=\"uk-icon-caret-right\"><\/i>\u00a0\u00a0Ayarlanabilir paslanmaz ayaklar<\/li>\n<li><i class=\"uk-icon-caret-right\"><\/i>\u00a0\u00a0\u00c7ift el zorunlu dezenfektan b\u00f6lmeleri<\/li>\n<li><i class=\"uk-icon-caret-right\"><\/i>\u00a0\u00a0Fotoselli s\u0131v\u0131 sabunluk<\/li>\n<li><i class=\"uk-icon-caret-right\"><\/i>\u00a0\u00a0G\u00fc\u00e7l\u00fc \u015fase,izole kaynakl\u0131,end\u00fcstriyel tasar\u0131m<\/li>\n<li><i class=\"uk-icon-caret-right\"><\/i>\u00a0\u00a0Havuz i\u00e7i otomatik sol\u00fcsyon ve su dozajlama<\/li>\n<li><i class=\"uk-icon-caret-right\"><\/i>\u00a0\u00a0IP 65 koruma s\u0131n\u0131f\u0131<\/li>\n<li><i class=\"uk-icon-caret-right\"><\/i>\u00a0\u00a0Komple 304 kalite satineli paslanmaz malzeme<\/li>\n<li><i class=\"uk-icon-caret-right\"><\/i>\u00a0\u00a0Opsiyonlu d\u00fc\u015fen kol turnikesi<\/li>\n<li><i class=\"uk-icon-caret-right\"><\/i>\u00a0\u00a0Otomatik kirli su tahliye sistemi<\/li>\n<li><i class=\"uk-icon-caret-right\"><\/i>\u00a0\u00a0Paslanmaz 3 adet b\u00fck\u00fcml\u00fc turnike kolu, \u00f6zel tasar\u0131m.<\/li>\n<li><i class=\"uk-icon-caret-right\"><\/i>\u00a0\u00a0Paslanmaz \u00e7elik barlar(korkuluk)<\/li>\n<li><i class=\"uk-icon-caret-right\"><\/i>\u00a0\u00a0Siemens logolu PLC kontrol sistemi<\/li>\n<li><i class=\"uk-icon-caret-right\"><\/i>\u00a0\u00a0Tetikleme sistemli y\u00fczde y\u00fcz hijyen zorunlulu\u011fu<\/li>\n<li><i class=\"uk-icon-caret-right\"><\/i>\u00a0\u00a0Ye\u015fil ve k\u0131rm\u0131z\u0131 led sinyal lambalar\u0131<\/li>\n<li><i class=\"uk-icon-caret-right\"><\/i>\u00a0\u00a0Z ka\u011f\u0131t havluluk \u00e7\u00f6p kovas\u0131 kombinasyonu<\/li>\n<li><i class=\"uk-icon-caret-right\"><\/i>\u00a0\u00a0Zaman ayarl\u0131 p\u00fcsk\u00fcrtme<\/li>\n<\/ul>\n<p><strong>Not: Ekipmanlar\u0131m\u0131z hortum ve bas\u0131n\u00e7l\u0131 su ile y\u0131kanmamal\u0131d\u0131r.<\/strong>[\/vc_column_text][\/vc_column][\/vc_row]<\/p>\n<\/div>","protected":false},"excerpt":{"rendered":"<p>Dizden sens\u00f6rl\u00fc evye, ka\u011f\u0131t havluluk ve \u00e7\u00f6p kovas\u0131, s\u0131v\u0131 sabunluk dispenseri, el dezenfektanl\u0131 \u00f6zel turnike, k\u0131v\u0131rc\u0131k hijyen paspas\u0131, kimyasal dozajlama. Komple 304 kaliteli paslanmaz \u00c7ift el zorunlu dezenfektan b\u00f6lmeleri Yakla\u015f\u0131k ebatlar\u0131: 2100mm (uzunluk) x 1100mm (geni\u015flik) x 1750mm (y\u00fckseklik). Koruyucu \u00e7elik barlar(korkuluk) Elektrik panosu Acil stop butonu PLC kontrol sistemi Zorunlu el y\u0131kama<\/p>\n<p><strong>Not: Ekipmanlar\u0131m\u0131z hortum ve bas\u0131n\u00e7l\u0131 su ile y\u0131kanmamal\u0131d\u0131r.<\/strong><\/p>\n[html_block id=\"18410\"]\n","protected":false},"featured_media":10348,"template":"","meta":[],"product_brand":[],"product_cat":[123],"product_tag":[168,160],"class_list":{"0":"post-14671","1":"product","2":"type-product","3":"status-publish","4":"has-post-thumbnail","6":"product_cat-hygiene-schleussen","7":"product_tag-hijyen-bariyeri-de","8":"product_tag-sanitta-de","10":"first","11":"instock","12":"shipping-taxable","13":"purchasable","14":"product-type-simple"},"_links":{"self":[{"href":"https:\/\/tanriver.com.tr\/de\/wp-json\/wp\/v2\/product\/14671","targetHints":{"allow":["GET"]}}],"collection":[{"href":"https:\/\/tanriver.com.tr\/de\/wp-json\/wp\/v2\/product"}],"about":[{"href":"https:\/\/tanriver.com.tr\/de\/wp-json\/wp\/v2\/types\/product"}],"wp:featuredmedia":[{"embeddable":true,"href":"https:\/\/tanriver.com.tr\/de\/wp-json\/wp\/v2\/media\/10348"}],"wp:attachment":[{"href":"https:\/\/tanriver.com.tr\/de\/wp-json\/wp\/v2\/media?parent=14671"}],"wp:term":[{"taxonomy":"product_brand","embeddable":true,"href":"https:\/\/tanriver.com.tr\/de\/wp-json\/wp\/v2\/product_brand?post=14671"},{"taxonomy":"product_cat","embeddable":true,"href":"https:\/\/tanriver.com.tr\/de\/wp-json\/wp\/v2\/product_cat?post=14671"},{"taxonomy":"product_tag","embeddable":true,"href":"https:\/\/tanriver.com.tr\/de\/wp-json\/wp\/v2\/product_tag?post=14671"}],"curies":[{"name":"wp","href":"https:\/\/api.w.org\/{rel}","templated":true}]}}