{"id":14545,"date":"2020-04-04T11:35:48","date_gmt":"2020-04-04T08:35:48","guid":{"rendered":"http:\/\/tanriver.com.tr\/urun\/cizme-kurutma\/"},"modified":"2020-05-28T23:16:02","modified_gmt":"2020-05-28T20:16:02","slug":"cizme-kurutma","status":"publish","type":"product","link":"https:\/\/tanriver.com.tr\/de\/urun\/cizme-kurutma\/","title":{"rendered":"\u00c7izme Kurutma Makinesi"},"content":{"rendered":"<p style=\"font-weight: 400;\">Hepimiz maksimum seviyede bir hijyenin \u00f6nemini ve bunun ya\u015famlar\u0131m\u0131z \u00fczerindeki etkisini biliyoruz. Tanr\u0131ver hijyen ekipmanlar\u0131 \u00e7ok \u00e7e\u015fitli end\u00fcstrilerde, \u00f6zellikle g\u0131da i\u015flemelerinde \u00e7ok \u00f6nemli olan \u00fcretim giri\u015f ve \u00e7\u0131k\u0131\u015f noktalar\u0131nda maksimum personel ve tesis hijyenini garanti eder.<\/p>\n<p style=\"font-weight: 400;\">G\u0131da Sanayi ve \u0130\u00e7ecek Sekt\u00f6r\u00fcnde \u00e7al\u0131\u015fma alanlar\u0131na giri\u015f \u00e7\u0131k\u0131\u015f yap\u0131l\u0131rken personel taraf\u0131ndan i\u015f ayakkab\u0131s\u0131 olarak terlik veya \u00e7izme kullan\u0131lmaktad\u0131r. Bu \u00e7izme veya terlikler 100% Su ge\u00e7irmez \u00f6zellikleri olmad\u0131\u011f\u0131 i\u00e7in zaman zaman personelin ayaklar\u0131n\u0131n \u0131slanmas\u0131na neden olmaktad\u0131r. Bu duruma ba\u011fl\u0131 olarak \u00f6zellikle k\u0131\u015f mevsiminde gribal rahats\u0131zl\u0131klarda art\u0131\u015f g\u00f6r\u00fclebilmektedir. Yaz aylar\u0131nda ise ayaklar\u0131n terlemesi sonucu mantar ve benzeri hastal\u0131klara sebep olmaktad\u0131r. Dolay\u0131s\u0131yla personellerin performans\u0131nda d\u00fc\u015f\u00fc\u015f hatta bazen eksik i\u015fg\u00fcc\u00fc ile \u00e7al\u0131\u015fmak zorunda kalmak gibi sonu\u00e7larla kar\u015f\u0131la\u015f\u0131lmaktad\u0131r. Bu rahats\u0131zl\u0131klar\u0131 ve istenmeyen durumlar\u0131 \u00f6nlemek ve \u00c7izme&amp;Ayakkab\u0131lar\u0131 kuru ve temiz tutmak kritik bir \u00f6neme sahiptir.\u00a0<strong>Tanr\u0131ver Hijyen Ekipmanlar\u0131<\/strong>\u00a0olarak m\u00fc\u015fterilerimize\u00a0<strong>\u00c7izme Kurutma Makineleri<\/strong>\u00a0tedari\u011fi sa\u011flayarak i\u015fyerindeki olas\u0131 hastal\u0131klar\u0131n, istenmeyen kokular\u0131n \u00f6nlenmesini sa\u011fl\u0131yor ve tesis hijyeninin korunmas\u0131na destek veriyoruz.<\/p>\n<p style=\"font-weight: 400;\"><strong>\u00c7al\u0131\u015fma \u015eekli ve \u00d6zellikleri<\/strong><\/p>\n<p style=\"font-weight: 400;\">\u00c7izme Kurutma Makinelerimiz, her t\u00fcrl\u00fc i\u015f ayakkab\u0131s\u0131n\u0131n depolanmas\u0131, kurutulmas\u0131 ve sanitasyonu i\u00e7in, nemi etkin bir \u015fekilde azalt\u0131r. B\u00f6ylece ayakkab\u0131n\u0131n kullan\u0131ma haz\u0131r hale gelmesi i\u00e7in pratik ve sistematik bir \u015fekilde nemi ve ho\u015f olmayan kokular\u0131 ortadan kald\u0131r\u0131r.<\/p>\n<p style=\"font-weight: 400;\">\u00c7izme Kurutma Makinesi duvara veya ayakl\u0131 zemine sabit se\u00e7enekleri bulunmaktad\u0131r, termostatl\u0131 ve zamanlay\u0131c\u0131 ile \u00f6zel s\u0131cak hava \u00fcfleme pimlerine sahiptir. \u00c7izmeleri kurutmak i\u00e7in, kurutma program\u0131 s\u00fcresi tercihe g\u00f6re ayarlanabilmekte, sistem otomatik devreye girip, durmaktad\u0131r.<\/p>\n<p style=\"font-weight: 400;\">Ozon Dezenfeksiyonu; Opisyonel olarak sunulan ozon jenerat\u00f6r\u00fc vas\u0131tas\u0131yla kurutma havas\u0131 ozonla zenginle\u015ftirilir. Elde edilen Ozon kar\u0131\u015f\u0131m\u0131 mikroplar\u0131, mantarlar\u0131 ve mikroorganizmalar\u0131 g\u00fcvenli bir \u015fekilde \u00f6ld\u00fcr\u00fcr.<\/p>\n<p style=\"font-weight: 400;\">\u00dcfleyici Valfler yaln\u0131zca \u00e7izme tak\u0131ld\u0131\u011f\u0131nda s\u0131cak hava \u00fcflenmesini sa\u011flar. B\u00f6ylece, s\u0131cak havan\u0131n bo\u015f yere sal\u0131nmas\u0131 ve ortam\u0131n gereksiz yere \u0131s\u0131nmas\u0131 \u00f6nlenir.<\/p>\n<p style=\"font-weight: 400;\"><strong>\u00dcr\u00fcn\u00fcn \u00d6ne \u00c7\u0131kan Faydalar\u0131<\/strong><\/p>\n<ul>\n<li style=\"font-weight: 400;\">G\u0131da ve i\u00e7ecek i\u015fleme end\u00fcstrisinde kontaminasyon riskini minimuma d\u00fc\u015f\u00fcr\u00fcr, hijyenin\u00a0 ve Personelin sa\u011fl\u0131\u011f\u0131n\u0131n korunmas\u0131n\u0131 sa\u011flar.<\/li>\n<li style=\"font-weight: 400;\">HACCP, ISO\u2019nun talep etti\u011fi y\u00fcksek kalite gereksinimlerine ve standartlar\u0131na uygundur.<\/li>\n<li style=\"font-weight: 400;\">\u0130stihdam da s\u00fcreklillik sa\u011flar ve ihtiya\u00e7lar\u0131n\u0131za h\u0131zl\u0131 bir \u015fekilde \u00e7\u00f6z\u00fcm \u00fcretir.<\/li>\n<li style=\"font-weight: 400;\">Y\u00fcksek i\u015flevli, son teknoloji \u00fcr\u00fcn\u00fcd\u00fcr ve kullan\u0131m\u0131 kolay bir ekipmand\u0131r.<\/li>\n<li style=\"font-weight: 400;\">Duvara veya Zemine monte edilebilme se\u00e7enekleri mevcuttur.<\/li>\n<li style=\"font-weight: 400;\">\u00c7izmeleri kuruturken bir yandan depolama yeri imkan\u0131 da sa\u011flar.<\/li>\n<li style=\"font-weight: 400;\">Satine Paslanmaz \u00e7elik konstr\u00fcksiyon sayesinde hijyenik bir y\u00fczeye sahiptir, mikroplar\u0131 bar\u0131nd\u0131rmaz.<\/li>\n<li style=\"font-weight: 400;\">15 \u00c7ift-Tek y\u00f6n, 20 \u00c7ift-tek y\u00f6n, 30 \u00c7ift-iki y\u00f6n, 50 \u00e7ift \u2013tek y\u00f6n modelleri de mevcuttur<\/li>\n<\/ul>\n<p>&nbsp;<\/p>\n<p><strong>50\u2019li \u00e7ift taraf<\/strong><br \/>\n<strong>Ebatlar:<\/strong> 1750mm (uzunluk) x 500mm (geni\u015flik) x 1900mm (y\u00fckseklik)<\/p>\n<p><strong>50\u2019li tek taraf<\/strong><br \/>\n<strong>Ebatlar:<\/strong> 2000mm (uzunluk) x 500mm (geni\u015flik) x 1900mm (y\u00fckseklik)<\/p>\n<p><strong>30\u2019lu tek taraf<\/strong><br \/>\n<strong>Ebatlar:<\/strong> 1450mm (uzunluk) x 500mm (geni\u015flik) x 1900mm (y\u00fckseklik)<\/p>\n","protected":false},"excerpt":{"rendered":"<p style=\"font-weight: 400;\">Hepimiz maksimum seviyede bir hijyenin \u00f6nemini ve bunun ya\u015famlar\u0131m\u0131z \u00fczerindeki etkisini biliyoruz. Tanr\u0131ver hijyen ekipmanlar\u0131 \u00e7ok \u00e7e\u015fitli end\u00fcstrilerde, \u00f6zellikle g\u0131da i\u015flemelerinde \u00e7ok \u00f6nemli olan \u00fcretim giri\u015f ve \u00e7\u0131k\u0131\u015f noktalar\u0131nda maksimum personel ve tesis hijyenini garanti eder.<\/p>\n<p style=\"font-weight: 400;\">G\u0131da Sanayi ve \u0130\u00e7ecek Sekt\u00f6r\u00fcnde \u00e7al\u0131\u015fma alanlar\u0131na giri\u015f \u00e7\u0131k\u0131\u015f yap\u0131l\u0131rken personel taraf\u0131ndan i\u015f ayakkab\u0131s\u0131 olarak terlik veya \u00e7izme kullan\u0131lmaktad\u0131r. Bu \u00e7izme veya terlikler 100% Su ge\u00e7irmez \u00f6zellikleri olmad\u0131\u011f\u0131 i\u00e7in zaman zaman personelin ayaklar\u0131n\u0131n \u0131slanmas\u0131na neden olmaktad\u0131r. Bu duruma ba\u011fl\u0131 olarak \u00f6zellikle k\u0131\u015f mevsiminde gribal rahats\u0131zl\u0131klarda art\u0131\u015f g\u00f6r\u00fclebilmektedir. Yaz aylar\u0131nda ise ayaklar\u0131n terlemesi sonucu mantar ve benzeri hastal\u0131klara sebep olmaktad\u0131r. Dolay\u0131s\u0131yla personellerin performans\u0131nda d\u00fc\u015f\u00fc\u015f hatta bazen eksik i\u015fg\u00fcc\u00fc ile \u00e7al\u0131\u015fmak zorunda kalmak gibi sonu\u00e7larla kar\u015f\u0131la\u015f\u0131lmaktad\u0131r. Bu rahats\u0131zl\u0131klar\u0131 ve istenmeyen durumlar\u0131 \u00f6nlemek ve \u00c7izme&amp;Ayakkab\u0131lar\u0131 kuru ve temiz tutmak kritik bir \u00f6neme sahiptir.\u00a0<strong>Tanr\u0131ver Hijyen Ekipmanlar\u0131<\/strong>\u00a0olarak m\u00fc\u015fterilerimize\u00a0<strong>\u00c7izme Kurutma Makineleri<\/strong>\u00a0tedari\u011fi sa\u011flayarak i\u015fyerindeki olas\u0131 hastal\u0131klar\u0131n, istenmeyen kokular\u0131n \u00f6nlenmesini sa\u011fl\u0131yor ve tesis hijyeninin korunmas\u0131na destek veriyoruz.<\/p>\n","protected":false},"featured_media":5254,"template":"","meta":[],"product_brand":[],"product_cat":[154],"product_tag":[],"class_list":{"0":"post-14545","1":"product","2":"type-product","3":"status-publish","4":"has-post-thumbnail","6":"product_cat-stiefel-trockner","8":"first","9":"instock","10":"shipping-taxable","11":"purchasable","12":"product-type-simple"},"_links":{"self":[{"href":"https:\/\/tanriver.com.tr\/de\/wp-json\/wp\/v2\/product\/14545","targetHints":{"allow":["GET"]}}],"collection":[{"href":"https:\/\/tanriver.com.tr\/de\/wp-json\/wp\/v2\/product"}],"about":[{"href":"https:\/\/tanriver.com.tr\/de\/wp-json\/wp\/v2\/types\/product"}],"wp:featuredmedia":[{"embeddable":true,"href":"https:\/\/tanriver.com.tr\/de\/wp-json\/wp\/v2\/media\/5254"}],"wp:attachment":[{"href":"https:\/\/tanriver.com.tr\/de\/wp-json\/wp\/v2\/media?parent=14545"}],"wp:term":[{"taxonomy":"product_brand","embeddable":true,"href":"https:\/\/tanriver.com.tr\/de\/wp-json\/wp\/v2\/product_brand?post=14545"},{"taxonomy":"product_cat","embeddable":true,"href":"https:\/\/tanriver.com.tr\/de\/wp-json\/wp\/v2\/product_cat?post=14545"},{"taxonomy":"product_tag","embeddable":true,"href":"https:\/\/tanriver.com.tr\/de\/wp-json\/wp\/v2\/product_tag?post=14545"}],"curies":[{"name":"wp","href":"https:\/\/api.w.org\/{rel}","templated":true}]}}