{"id":14512,"date":"2020-04-04T11:20:07","date_gmt":"2020-04-04T11:20:07","guid":{"rendered":"http:\/\/tanriver.com.tr\/urun\/yte-3-uc-musluklu-dizden-sensorlu-yalak-tipi-evye\/"},"modified":"2020-05-19T21:14:36","modified_gmt":"2020-05-19T21:14:36","slug":"yte-3-handwashrinnen-mit-knie-sensor-bedienung-fuer-3-personnen","status":"publish","type":"product","link":"https:\/\/tanriver.com.tr\/de\/urun\/yte-3-handwashrinnen-mit-knie-sensor-bedienung-fuer-3-personnen\/","title":{"rendered":"YTE 3 Handwashrinnen mit Knie Sensor bedienung f\u00fcr 3 personnen"},"content":{"rendered":"<p>Unsere Handwaschbecken sind hochhygienisch und bieten Energieeinsparungen und Rentabilit\u00e4t. Beim H\u00e4ndewaschen flie\u00dft Wasser automatisch nur im Stehen vor der Sp\u00fcle; so wird Wasser Abfall verhindert und H\u00e4nde werden Dank Sensoren ber\u00fchrungslos gewaschen, wodurch das Kontaminationsrisiko reduziert wird.<\/p>\n<p>Unsere Handwaschbecken bieten effiziente H\u00e4ndewaschen, spart Zeit und Wasser, und maximale Handhygiene. Der Wandauslass Wasserhahn ist verchromt, komplett aus Edelstahl, einschlie\u00dflich des Spritzschutzr\u00fcckens. Es wird unseren Kunden als hervorragende L\u00f6sung f\u00fcr Industrieanlagen angeboten, die hohen Hygienestandards entsprechen wollen.<\/p>\n<p>Tanr\u0131ver Handwaschbecken haben eine breite Palette von Funktionen und Zubeh\u00f6r. Je nach Anzahl der Mitarbeiter k\u00f6nnen Sie zwischen Modellen mit einer gro\u00dfen<\/p>\n<p>Anzahl von Wasserh\u00e4hnen w\u00e4hlen. Dies erm\u00f6glicht es einer gro\u00dfen Anzahl von Benutzern, ihre H\u00e4nde gleichzeitig zu waschen und erlaubt schnellen einlas in die Produktion. Unsere Handwaschbecken k\u00f6nnen je nach Bedarf am Boden oder an die Wand montiert werden.<\/p>\n<p>Unsere ergonomisch geformten Waschbecken bieten maximale Hygiene. Um unangenehme Ger\u00fcche zu vermeiden, ist am Abfluss ein Siphon angebracht.<\/p>\n<p><strong>\u00a0<\/strong><strong>Produktvorteile<\/strong><\/p>\n<ul>\n<li>Die Anzahl der Wasserh\u00e4hne kann je nach Bedarf Pr\u00e4ferenz (maximal 5 Wasserh\u00e4hne.)<\/li>\n<li>Verf\u00fcgbar als Wand oder Boden montieren.<\/li>\n<li>Wasserabf\u00e4lle werden durch sensorische Bewegungswahrnehmung verhindert.<\/li>\n<li>Seife oder Desinfektionsmittel k\u00f6nnen der Handwaschbecken als optional Hinzugef\u00fcgt werden.<\/li>\n<li>Das Handwaschbeckenecken hat einen R\u00fcckgrat um Spritzwasser zu verhindern.<\/li>\n<li>Unser Produkt hat eine hochwertige und hygienische Oberfl\u00e4chenstruktur dank satiniertem Edelstahl.<\/li>\n<li>Keine Handber\u00fchrung an dem Handwachbecken w\u00e4hrend dem Handwaschen, dadurch Minimum Infektions &#8211; und ontaminationsrisiko.<\/li>\n<\/ul>\n<p>&nbsp;<\/p>\n","protected":false},"excerpt":{"rendered":"<p>Unsere Handwaschbecken sind hochhygienisch und bieten Energieeinsparungen und Rentabilit\u00e4t. Beim H\u00e4ndewaschen flie\u00dft Wasser automatisch nur im Stehen vor der Sp\u00fcle; so wird Wasser Abfall verhindert und H\u00e4nde werden Dank Sensoren ber\u00fchrungslos gewaschen, wodurch das Kontaminationsrisiko reduziert wird.<\/p>\n","protected":false},"featured_media":5227,"template":"","meta":[],"product_brand":[],"product_cat":[135],"product_tag":[],"class_list":{"0":"post-14512","1":"product","2":"type-product","3":"status-publish","4":"has-post-thumbnail","6":"product_cat-edelstahl-hand-waschbecken","8":"first","9":"instock","10":"shipping-taxable","11":"purchasable","12":"product-type-simple"},"_links":{"self":[{"href":"https:\/\/tanriver.com.tr\/de\/wp-json\/wp\/v2\/product\/14512","targetHints":{"allow":["GET"]}}],"collection":[{"href":"https:\/\/tanriver.com.tr\/de\/wp-json\/wp\/v2\/product"}],"about":[{"href":"https:\/\/tanriver.com.tr\/de\/wp-json\/wp\/v2\/types\/product"}],"wp:featuredmedia":[{"embeddable":true,"href":"https:\/\/tanriver.com.tr\/de\/wp-json\/wp\/v2\/media\/5227"}],"wp:attachment":[{"href":"https:\/\/tanriver.com.tr\/de\/wp-json\/wp\/v2\/media?parent=14512"}],"wp:term":[{"taxonomy":"product_brand","embeddable":true,"href":"https:\/\/tanriver.com.tr\/de\/wp-json\/wp\/v2\/product_brand?post=14512"},{"taxonomy":"product_cat","embeddable":true,"href":"https:\/\/tanriver.com.tr\/de\/wp-json\/wp\/v2\/product_cat?post=14512"},{"taxonomy":"product_tag","embeddable":true,"href":"https:\/\/tanriver.com.tr\/de\/wp-json\/wp\/v2\/product_tag?post=14512"}],"curies":[{"name":"wp","href":"https:\/\/api.w.org\/{rel}","templated":true}]}}