{"id":14484,"date":"2020-04-04T11:17:22","date_gmt":"2020-04-04T08:17:22","guid":{"rendered":"http:\/\/tanriver.com.tr\/urun\/portatif-hijyen-bariyeri\/"},"modified":"2023-03-14T11:10:36","modified_gmt":"2023-03-14T08:10:36","slug":"portatif-hijyen-bariyeri","status":"publish","type":"product","link":"https:\/\/tanriver.com.tr\/de\/urun\/portatif-hijyen-bariyeri\/","title":{"rendered":"Portatif Hijyen Bariyeri"},"content":{"rendered":"<p><strong>Portatif Hijyen Bariyeri Ne \u0130\u015fe Yarar?<\/strong><br \/>\nTanr\u0131ver Portatif Hijyen Bariyeri \u00f6zellikle dar mekanlarda, ka\u00e7\u0131\u015f ve acil durum yollar\u0131nda kullan\u0131lmak \u00fczere tasarlanm\u0131\u015ft\u0131r. Geleneksel turnikelerin acil durumalarda ge\u00e7i\u015fe izin vermedi\u011fi yerlerde pratik bir \u00e7\u00f6z\u00fcm olarak kullan\u0131labilir. Ayn\u0131 zamanda iki el kontroll\u00fc dezenfeksiyon i\u015flemi sa\u011flar ve ayak taban\u0131n\u0131n ge\u00e7i\u015f s\u0131ras\u0131nda temizlenmesi i\u00e7in k\u0131v\u0131rc\u0131k kuru hijyen paspas\u0131 ile hijyenin korunmas\u0131na destek olur.<\/p>\n<h2>\u00c7al\u0131\u015fma \u015eekli ve \u00d6zellikleri<\/h2>\n<p>Cihaz\u0131 \u00e7al\u0131\u015ft\u0131rmak i\u00e7in sadece 220Volt elektri\u011fe ihtiya\u00e7 vard\u0131r, bu gereklili\u011fi sa\u011flad\u0131ktan sonra istedi\u011finiz ve ihtiya\u00e7 duydu\u011funuz her alana ta\u015f\u0131yabilir ve kolayl\u0131kla kullanabilirsiniz.<\/p>\n<p>Ayakkab\u0131 tabanlar\u0131 kuru k\u0131v\u0131rc\u0131k hijyen paspas\u0131yla sadece kaba temizlenmektedir. El dezenfeksiyonu i\u00e7in 2 el ayn\u0131 anda Makinenin \u00f6n y\u00fcz\u00fcnde buluna 2 ayr\u0131 hazneye sokulur, eller sens\u00f6rler taraf\u0131ndan alg\u0131land\u0131\u011f\u0131 anda sol\u00fcsyon p\u00fcsk\u00fcrt\u00fcl\u00fcr. \u0130\u015flemin yap\u0131ld\u0131\u011f\u0131n\u0131 ve tamamlad\u0131\u011f\u0131n\u0131 g\u00f6steren K\u0131rm\u0131z\u0131\/Ye\u015fil LED ikaz lambalar\u0131 bulunmaktad\u0131r. Ki\u015finin el dezenfeksiyon i\u015flemi sonras\u0131nda turnikede ge\u00e7i\u015f izni verilir.<\/p>\n<p><strong>\u00dcr\u00fcn\u00fcn \u00d6ne \u00c7\u0131kan Faydalar\u0131<\/strong><\/p>\n<ul>\n<li>Ayakkab\u0131 tabanlar\u0131n\u0131n temizlenmesi i\u00e7in kuru k\u0131v\u0131rc\u0131k paspaste ve ellerin dezenfekte edilmesi bir arada ger\u00e7ekle\u015fir.<\/li>\n<li>K\u0131v\u0131rc\u0131k Kuru Hijyen Paspas\u0131 kolayl\u0131kla de\u011fi\u015ftirilebilir.<\/li>\n<li>Tesiste ihtiya\u00e7 duyulan her t\u00fcrl\u00fc lokasyonda h\u0131zl\u0131 ve verimli bir \u015fekilde hijyen sa\u011flar. Kolay ta\u015f\u0131nabilir ve istenilen yere kurulabilir.<\/li>\n<li>E\u015f zamanl\u0131 olarak zorunlu bir 2 el i\u00e7in zorunlu birel dezenfeksiyonu sa\u011flan\u0131r, ve el dezenfektan s\u00fcresi ayarlanabilir.<\/li>\n<li>Tek elle ge\u00e7i\u015fe vermez.<\/li>\n<li>\u00c7\u0131k\u0131\u015f y\u00f6n\u00fcne ve de tercihe g\u00f6re ayarlanabilir turnike kilidi bulunmaktad\u0131r, turnike s\u00fcresi ayarlanabilir.<\/li>\n<li>Yakla\u015f\u0131k ebatlar 960mm (uzunluk) x 960mm (geni\u015flik) x 1500mm (y\u00fckseklik)<\/li>\n<li>4mm \u00e7ap\u0131nda paslanmaz \u00c7elik korkuluk mevcuttur.<\/li>\n<li>Acil ka\u00e7\u0131\u015flar i\u00e7in Acil stop butonu bulunmaktad\u0131r.<\/li>\n<li>Y\u00fcksekli\u011fi ayarlanabilen ergonomik \u00f6zel Paslanmaz Rotil Ayaklar bulunmaktad\u0131r.<\/li>\n<li>Cihaz\u0131n bir taraf\u0131nda Dezenfektan bidonluklar\u0131 i\u00e7in paslanmaz ta\u015f\u0131ma plakas\u0131 bulunmaktad\u0131r.<\/li>\n<\/ul>\n","protected":false},"excerpt":{"rendered":"<p>Kolay kurulum ve ta\u015f\u0131nabilirli\u011fi sayesinde \u00e7ok kullan\u0131\u015fl\u0131 pratik bir makinedir. Giri\u015f turnikesi olman\u0131n yan\u0131 s\u0131ra iki el i\u00e7in dezenfeksiyon sunar. Portatif hijyen bariyeri ihtiya\u00e7 duyulan mekanlarda kolayca kullan\u0131labilir.<\/p>\n<p><strong>Not: Ekipmanlar\u0131m\u0131z hortum ve bas\u0131n\u00e7l\u0131 su ile y\u0131kanmamal\u0131d\u0131r.<\/strong><\/p>\n[html_block id=\"18410\"]\n","protected":false},"featured_media":5091,"template":"","meta":[],"product_brand":[],"product_cat":[123],"product_tag":[],"class_list":{"0":"post-14484","1":"product","2":"type-product","3":"status-publish","4":"has-post-thumbnail","6":"product_cat-hygiene-schleussen","8":"first","9":"instock","10":"shipping-taxable","11":"purchasable","12":"product-type-simple"},"_links":{"self":[{"href":"https:\/\/tanriver.com.tr\/de\/wp-json\/wp\/v2\/product\/14484","targetHints":{"allow":["GET"]}}],"collection":[{"href":"https:\/\/tanriver.com.tr\/de\/wp-json\/wp\/v2\/product"}],"about":[{"href":"https:\/\/tanriver.com.tr\/de\/wp-json\/wp\/v2\/types\/product"}],"wp:featuredmedia":[{"embeddable":true,"href":"https:\/\/tanriver.com.tr\/de\/wp-json\/wp\/v2\/media\/5091"}],"wp:attachment":[{"href":"https:\/\/tanriver.com.tr\/de\/wp-json\/wp\/v2\/media?parent=14484"}],"wp:term":[{"taxonomy":"product_brand","embeddable":true,"href":"https:\/\/tanriver.com.tr\/de\/wp-json\/wp\/v2\/product_brand?post=14484"},{"taxonomy":"product_cat","embeddable":true,"href":"https:\/\/tanriver.com.tr\/de\/wp-json\/wp\/v2\/product_cat?post=14484"},{"taxonomy":"product_tag","embeddable":true,"href":"https:\/\/tanriver.com.tr\/de\/wp-json\/wp\/v2\/product_tag?post=14484"}],"curies":[{"name":"wp","href":"https:\/\/api.w.org\/{rel}","templated":true}]}}