{"id":14468,"date":"2020-04-04T11:16:26","date_gmt":"2020-04-04T08:16:26","guid":{"rendered":"http:\/\/tanriver.com.tr\/urun\/compact-taf-evyeli-jet-kurutuculu-el-ve-taban-dezenfektanli-compact-hijyen-bariyeri\/"},"modified":"2023-03-14T11:17:01","modified_gmt":"2023-03-14T08:17:01","slug":"compact-taf-evyeli-jet-kurutuculu-el-ve-taban-dezenfektanli-compact-hijyen-bariyeri","status":"publish","type":"product","link":"https:\/\/tanriver.com.tr\/de\/urun\/compact-taf-evyeli-jet-kurutuculu-el-ve-taban-dezenfektanli-compact-hijyen-bariyeri\/","title":{"rendered":"COMPACT-TAF Evyeli, Jet Kurutuculu, El ve Taban Dezenfektanl\u0131 Compact Hijyen Bariyeri"},"content":{"rendered":"<h2>COMPACT-TAF Evyeli, Jet Kurutuculu, El ve Taban Dezenfektanl\u0131 Compact Hijyen Bariyeri Ne \u0130\u015fe Yarar?<\/h2>\n<p>Bu hijyen bariyeri, ki\u015fisel temizli\u011finin yap\u0131ld\u0131\u011f\u0131ndan emin olmak i\u00e7in tesis i\u00e7erisinde s\u0131k\u00e7a ge\u00e7i\u015f yap\u0131lan yerlere, imalathane giri\u015flerine ve \u00e7\u0131k\u0131\u015flar\u0131na yerle\u015ftirilerek, sanitasyonun zorunlu hale getirilmesi avantaj\u0131na sahiptir.<\/p>\n<p>Y\u00fcksek kapasiteli \u00fcretim tesislerinde personellerin zaman kaybetmesine ve de s\u0131rada beklemesine izin vermeden; ayak taban\u0131 temizli\u011fi, el y\u0131kama, el dezenfeksiyonu ve jet kurutucu ile temass\u0131z bir \u015fekilde t\u00fcm sanitasyon ad\u0131mlar\u0131 tamamlan\u0131r. B\u00f6ylece optimum s\u00fcrede maksimum \u00e7al\u0131\u015fan\u0131n strelizasyonu sa\u011flanarak hijyen korunur.<\/p>\n<h2>COMPACT-TAF \u00c7al\u0131\u015fma \u015eekli ve \u00d6zellikleri<\/h2>\n<p>Eller y\u0131kanmadan el dezenfektan turnikesi \u00e7al\u0131\u015fmamakta ve turnike a\u00e7\u0131lmamaktad\u0131r. Eller y\u0131kan\u0131rken 3 saniye s\u00fcre ile Suyun i\u00e7erisine SIVI SABUN enjekte edilmektedir, 3 saniye sonra otomatik olarak durulama suyu akmaktad\u0131r. Bu \u015fekilde eller MUTLAKA SABUN ile y\u0131kanmakta sonra da dezenfekte edilmektedir.<\/p>\n<p>Ayakkab\u0131 altlar\u0131 1000mm\u2019lik f\u0131r\u00e7alara p\u00fcsk\u00fcrt\u00fclen su ve kimyasaldan olu\u015fan kar\u0131\u015f\u0131m ile temizlenmektedir, makinenin alt\u0131nda 40mm lik gider borusu bulunmakta olup i\u015fletme giderine aktar\u0131lmas\u0131 gerekmektedir.<\/p>\n<p>Kompakt hijyen istasyonu, \u00fcretim alan\u0131na girecek bir ki\u015finin ki\u015fisel hijyeni a\u00e7\u0131s\u0131ndan gerek duydu\u011fu t\u00fcm bile\u015fenleri bir araya getirir.<\/p>\n<p><strong>El Dezenfeksiyonu<\/strong><\/p>\n<p>El dezenfeksiyonu \u00fcnitesi sayesinde belirlenen dozajda dezenfektan otomatik olarak uygulan\u0131r, b\u00f6ylece hassas \u00fcretim alanlar\u0131na sadece elleri d\u00fczg\u00fcn bir \u015fekilde temizlenmi\u015f ki\u015filerin girilebilmesine izin verilir.<\/p>\n<p>Sens\u00f6rler sayesinde kimyasallar bo\u015f yere kullan\u0131lmaz veya zaman harcanmaz. Sabun ile ellerinizi y\u0131kad\u0131ktan sonra, eller dezenfeksiyon silindirlerinde dezenfekte edilir. Turnike sadece el dezenfeksiyonu tamamland\u0131ktan sonra serbest b\u0131rak\u0131l\u0131r.<\/p>\n<p><strong>\u00dcr\u00fcn\u00fcn \u00d6ne \u00c7\u0131kan Faydalar\u0131<\/strong><\/p>\n<ul>\n<li>Eller %100 Sabunla y\u0131kanmaktad\u0131r, sabunsuz i\u015flem ger\u00e7ekle\u015fmez.<\/li>\n<li>Ayak tabanlar\u0131n\u0131n y\u0131kanmas\u0131, ellerin y\u0131kanmas\u0131, dezenfekte edilmesi bir ad\u0131mda ger\u00e7ekle\u015fir.<\/li>\n<li>Tesiste h\u0131zl\u0131 ve verimli bir \u015fekilde sanitasyon sa\u011flar, y\u00fcksek kapasiteli imalathanelere zaman kazand\u0131r\u0131r.<\/li>\n<li>Sens\u00f6r kontroll\u00fc \u00e7al\u0131\u015f\u0131r, elle temas kurmadan el y\u0131kama, kurutma ve dezenefekte i\u015flemleri ger\u00e7ekle\u015ftirilir.<\/li>\n<li>E\u015f zamanl\u0131 olarak zorunlu bir el dezenfeksiyonu sa\u011flan\u0131r, ve el dezenfektan\u0131n\u0131n p\u00fcsk\u00fcrtme s\u00fcresi iste\u011fe ba\u011fl\u0131 programlanabilmektedir.<\/li>\n<li>\u00c7\u0131k\u0131\u015f y\u00f6n\u00fcne a\u00e7\u0131k olup, de tercihe g\u00f6re ayarlanabilir turnike kilidi bulunmaktad\u0131r.<\/li>\n<li>Turnike ge\u00e7i\u015f izin s\u00fcresi ayarlanabilir.<\/li>\n<li>\u00dcr\u00fcn\u00fcm\u00fcz, satineli paslanmaz \u00e7elik sayesinde kaliteli ve hijyenik bir y\u00fczey yap\u0131s\u0131na sahiptir.<\/li>\n<li>Enfeksiyon ve kontaminasyon riski minumuma indirilir.<\/li>\n<li>Ayarlanabilir kimyasal dozajlama imkan\u0131 bulunmaktad\u0131r.<\/li>\n<li>Ellerle hi\u00e7bir fiziksel temasa gerek duymadan sens\u00f6rler arac\u0131l\u0131\u011f\u0131 ile y\u0131kama, kurutma ve dezenfekte i\u015flemlerini bir arada sunar, bula\u015f riskini ortadan kald\u0131r\u0131r.<\/li>\n<\/ul>\n<p><strong>Makine Ebatlar\u0131:<\/strong> 2150mm (uzunluk) x 1000mm (geni\u015flik) x 1950mm (y\u00fckseklik)<\/p>\n<p><strong>Tanr\u0131ver hijyen hatlar\u0131,<\/strong> \u00e7ok \u00e7e\u015fitli end\u00fcstrilerde, \u00f6zellikle g\u0131da i\u015flemede \u00e7ok \u00f6nemli olan \u00fcretim giri\u015f ve \u00e7\u0131k\u0131\u015f noktalar\u0131nda personel hijyenini en iyi \u015fekilde garanti eder.<\/p>\n","protected":false},"excerpt":{"rendered":"<p>Makinemiz El y\u0131kama, El kurutma ve El Dezenfektan Turnikesi, ayakkab\u0131 taban y\u0131kamay\u0131 da i\u00e7erisinde bar\u0131nd\u0131ran kapsaml\u0131 bir hijyen istasyonu olarak tasarlanm\u0131\u015ft\u0131r. \u00a0Evye sens\u00f6rle \u00e7al\u0131\u015f\u0131r, el dezenfeksiyonu istasyonu da hi\u00e7bir fiziksel temasa gerek duymadan sens\u00f6rler arac\u0131l\u0131\u011f\u0131 ile y\u0131kama, kurutma ve dezenfekte i\u015flemlerini bir arada sunar.<\/p>\n<p>Son derece kullan\u0131\u015fl\u0131, bak\u0131m\u0131 kolay, personelin h\u0131zl\u0131 ilerlemesini sa\u011flayan, uygun maliyetli <strong>Tanr\u0131ver paslanmaz \u00e7elik hijyen bariyerleri<\/strong>, y\u00fcksek hijyen standartlar\u0131na uyum sa\u011flamak isteyen i\u015fletmelere uygun \u00e7\u00f6z\u00fcmler sunmaktad\u0131r.<\/p>\n<p><strong>Not : Ekipmanlar\u0131m\u0131z hortum ve bas\u0131n\u00e7l\u0131 su ile y\u0131kanmamal\u0131d\u0131r.<\/strong><\/p>\n[html_block id=\"18410\"]\n","protected":false},"featured_media":4077,"template":"","meta":[],"product_brand":[],"product_cat":[123],"product_tag":[],"class_list":{"0":"post-14468","1":"product","2":"type-product","3":"status-publish","4":"has-post-thumbnail","6":"product_cat-hygiene-schleussen","8":"first","9":"instock","10":"shipping-taxable","11":"purchasable","12":"product-type-simple"},"_links":{"self":[{"href":"https:\/\/tanriver.com.tr\/de\/wp-json\/wp\/v2\/product\/14468","targetHints":{"allow":["GET"]}}],"collection":[{"href":"https:\/\/tanriver.com.tr\/de\/wp-json\/wp\/v2\/product"}],"about":[{"href":"https:\/\/tanriver.com.tr\/de\/wp-json\/wp\/v2\/types\/product"}],"wp:featuredmedia":[{"embeddable":true,"href":"https:\/\/tanriver.com.tr\/de\/wp-json\/wp\/v2\/media\/4077"}],"wp:attachment":[{"href":"https:\/\/tanriver.com.tr\/de\/wp-json\/wp\/v2\/media?parent=14468"}],"wp:term":[{"taxonomy":"product_brand","embeddable":true,"href":"https:\/\/tanriver.com.tr\/de\/wp-json\/wp\/v2\/product_brand?post=14468"},{"taxonomy":"product_cat","embeddable":true,"href":"https:\/\/tanriver.com.tr\/de\/wp-json\/wp\/v2\/product_cat?post=14468"},{"taxonomy":"product_tag","embeddable":true,"href":"https:\/\/tanriver.com.tr\/de\/wp-json\/wp\/v2\/product_tag?post=14468"}],"curies":[{"name":"wp","href":"https:\/\/api.w.org\/{rel}","templated":true}]}}