{"id":14452,"date":"2020-04-04T11:15:23","date_gmt":"2020-04-04T11:15:23","guid":{"rendered":"http:\/\/tanriver.com.tr\/urun\/eko-edt-ty-100-el-dezenfektan-turnikeli-ve-taban-yikamali-hijyen-bariyeri\/"},"modified":"2020-05-19T21:18:06","modified_gmt":"2020-05-19T21:18:06","slug":"eko-edt-ty-100-handdesinfektion-mit-drehkreuz-und-sohlenreinigung","status":"publish","type":"product","link":"https:\/\/tanriver.com.tr\/de\/urun\/eko-edt-ty-100-handdesinfektion-mit-drehkreuz-und-sohlenreinigung\/","title":{"rendered":"EKO-EDT-TY-100 Handdesinfektion mit drehkreuz und Sohlenreinigung"},"content":{"rendered":"<p><strong>Was macht die Hygieneschleuse EKO EDT TY-100.<\/strong><\/p>\n<p>Diese Schleuse sorgt mit 2 horizontal montierten und rotierenden B\u00fcrsten f\u00fcr tiefe Reinigung und Hygiene an Schuh &#8211; \/ slipper-Sohlen. Hygiene, die innerhalb der Produktion gesch\u00fctzt werden muss, wird auf hohem Niveau gehalten. Es bietet ein hohes Ma\u00df an Sicherheit, indem das Personal verpflichtet wird, alle hygienischen stufen zu unterziehen, um die beste Reinigung der Schuhsohlen sowohl Hand Desinfektion zu gew\u00e4hrleisten.<\/p>\n<p><strong>Arbeitsstil und Eigenschaften<\/strong><\/p>\n<ul>\n<li>Die drehzeiten der B\u00fcrsten, die die Schuh &#8211; \/Schuhsohlen reinigen, k\u00f6nnen je nach<\/li>\n<li>Wunsch angepasst werden.<br \/>\nam Ende des Arbeitstages k\u00f6nnen die B\u00fcrsten k\u00f6nnen f\u00fcr generelle Reinigung ohne<\/li>\n<li>zus\u00e4tzliches Werkzeug einfach demontiert und wieder montiert werden.<br \/>\nDas spezielle B\u00fcrstensystem garantiert das die Sohlen tief gereinigt werden.<\/li>\n<li>Lange Lebensdauer wird Dank der tief montierten B\u00fcrstenborsten angeboten.<\/li>\n<\/ul>\n<p><strong>Tanr\u0131ver<\/strong><strong> Hygieneschleusen<\/strong> garantieren die Hygiene des Personals mit einer<\/p>\n<p>vielzahl von Branchen, insbesondere an Ein-und Ausgangstellen der Produktion, die f\u00fcr die<\/p>\n<p style=\"font-weight: 400;\">\u00a0 Lebensmittelverarbeitung von entscheidender Bedeutung sind.<\/p>\n","protected":false},"excerpt":{"rendered":"<p style=\"font-weight: 400;\">Diese Schleuse sorgt mit 2 horizontal montierten und rotierenden B\u00fcrsten f\u00fcr tiefe Reinigung und Hygiene an Schuh &#8211; \/ slipper-Sohlen. Hygiene, die innerhalb der Produktion gesch\u00fctzt werden muss, wird auf hohem Niveau gehalten. Es bietet ein hohes Ma\u00df an Sicherheit, indem das Personal verpflichtet wird, alle hygienischen stufen zu unterziehen, um die beste Reinigung der Schuhsohlen sowohl Hand Desinfektion zu gew\u00e4hrleisten.<\/p>\n","protected":false},"featured_media":4104,"template":"","meta":[],"product_brand":[],"product_cat":[123],"product_tag":[],"class_list":{"0":"post-14452","1":"product","2":"type-product","3":"status-publish","4":"has-post-thumbnail","6":"product_cat-hygiene-schleussen","8":"first","9":"instock","10":"shipping-taxable","11":"purchasable","12":"product-type-simple"},"_links":{"self":[{"href":"https:\/\/tanriver.com.tr\/de\/wp-json\/wp\/v2\/product\/14452","targetHints":{"allow":["GET"]}}],"collection":[{"href":"https:\/\/tanriver.com.tr\/de\/wp-json\/wp\/v2\/product"}],"about":[{"href":"https:\/\/tanriver.com.tr\/de\/wp-json\/wp\/v2\/types\/product"}],"wp:featuredmedia":[{"embeddable":true,"href":"https:\/\/tanriver.com.tr\/de\/wp-json\/wp\/v2\/media\/4104"}],"wp:attachment":[{"href":"https:\/\/tanriver.com.tr\/de\/wp-json\/wp\/v2\/media?parent=14452"}],"wp:term":[{"taxonomy":"product_brand","embeddable":true,"href":"https:\/\/tanriver.com.tr\/de\/wp-json\/wp\/v2\/product_brand?post=14452"},{"taxonomy":"product_cat","embeddable":true,"href":"https:\/\/tanriver.com.tr\/de\/wp-json\/wp\/v2\/product_cat?post=14452"},{"taxonomy":"product_tag","embeddable":true,"href":"https:\/\/tanriver.com.tr\/de\/wp-json\/wp\/v2\/product_tag?post=14452"}],"curies":[{"name":"wp","href":"https:\/\/api.w.org\/{rel}","templated":true}]}}