{"id":14436,"date":"2020-04-04T11:14:02","date_gmt":"2020-04-04T08:14:02","guid":{"rendered":"http:\/\/tanriver.com.tr\/urun\/edt-ty-100-el-dezenfektan-turnikeli-ve-taban-yikamali-hijyen-bariyeri\/"},"modified":"2023-03-14T10:48:40","modified_gmt":"2023-03-14T07:48:40","slug":"edt-ty-100-el-dezenfektan-turnikeli-ve-taban-yikamali-hijyen-bariyeri","status":"publish","type":"product","link":"https:\/\/tanriver.com.tr\/de\/urun\/edt-ty-100-el-dezenfektan-turnikeli-ve-taban-yikamali-hijyen-bariyeri\/","title":{"rendered":"EDT-TY-100 El Dezenfektan Turnikeli ve Taban Y\u0131kamal\u0131 Hijyen Bariyeri"},"content":{"rendered":"<p><strong><u>\u00c7al\u0131\u015fma \u015eekli ve \u00d6zellikleri<\/u><\/strong><br \/>\nF\u0131r\u00e7a k\u0131llar\u0131n\u0131n yerlerinden kopmalar\u0131n\u0131 \u00f6nlemek i\u00e7in f\u0131r\u00e7alar d\u00f6nen silindir \u00fczerine yakla\u015f\u0131k 8cm. derinli\u011fine monte edilir. F\u0131r\u00e7alara \u00e7al\u0131\u015fma s\u0131ras\u0131nda Entegreli Dozaj Pompas\u0131 sayesinde Su ve Kimyevi temizlik maddesi kar\u0131\u015f\u0131m\u0131ndan olu\u015fan sol\u00fcsyon p\u00fcsk\u00fcrt\u00fcl\u00fcr. Temizleme maddesinin yo\u011funluk derecesini de nozullar arac\u0131l\u0131\u011f\u0131 ile kontrol edebilirsiniz.<\/p>\n<p>F\u0131r\u00e7alar\u0131n \u00e7al\u0131\u015fma s\u00fcresi tercihe g\u00f6re programdan man\u00fcel olarak 01 ila 10 saniye aras\u0131nda veya daha uzun s\u00fcrelere ayarlanabilir. \u00c7al\u0131\u015fma i\u015flemini ba\u015flang\u0131\u00e7 noktalar\u0131ndaki \u00f6zel Sens\u00f6rler ba\u015flat\u0131r. Bu modelimiz yakla\u015f\u0131k 100cm uzunlu\u011funda f\u0131r\u00e7alara sahiptir. D\u00f6nen f\u0131r\u00e7alar otomatik olarak sens\u00f6rler taraf\u0131ndan harekete ge\u00e7irilir. Bir sonraki ad\u0131m el dezenfeksiyonu ve son ad\u0131m ise turnikeden serbest ge\u00e7i\u015f sa\u011flanmas\u0131d\u0131r.<\/p>\n<p>Turnike sistemi ve otomatik i\u015fleyen s\u00fcre\u00e7 sayesinde personeller s\u0131ra beklemeden \u0130malathaneye seri bir \u015fekilde giri\u015f yaparlar. Sistemin \u00fczerinde bulunan f\u0131r\u00e7alar uzun \u00f6m\u00fcrl\u00fc olup k\u0131r\u0131lmaya\/d\u00f6k\u00fclmeye kar\u015f\u0131 dayan\u0131kl\u0131d\u0131r.<\/p>\n<p><strong><u>El Dezenfeksiyonu<\/u><\/strong><br \/>\nHijyen bariyeri makinemiz ayr\u0131ca El dezenfektanl\u0131 turnike sistemi ile donat\u0131lm\u0131\u015ft\u0131r. Ayakkab\u0131 taban temizli\u011fi yan\u0131 s\u0131ra ellerinizi dezenfekte edebilirsiniz. B\u00f6ylece elleri dezenfekte etmek bir zorunluluk haline gelir ve uygun \u015fekilde dezenfekte sa\u011flamam\u0131\u015f ki\u015filerin kontrols\u00fcz ge\u00e7i\u015fine sistemsel olarak izin verilmez.<\/p>\n<p>El dezenfeksiyonu \u00fcnitesi sayesinde belirlenen dozajda dezenfektan otomatik olarak uygulan\u0131r, b\u00f6ylece hassas \u00fcretim alanlar\u0131na sadece elleri d\u00fczg\u00fcn bir \u015fekilde temizlenmi\u015f ki\u015filerin girilebilmesine izin verilir.<\/p>\n<p>Turnike \u0130malathaneden Sosyal Alan y\u00f6n\u00fcne \u00e7\u0131k\u0131\u015fta serbest d\u00f6nmekte olup tercihe g\u00f6re kapal\u0131 tutulabilir. \u201cElektrik kesintileri\u201d ve \u201cAC\u0130L\u201d durumlarda turnike her iki y\u00f6ne serbest ge\u00e7i\u015f imk\u00e2n\u0131 sa\u011flayacakt\u0131r.<\/p>\n<p><strong>\u00dcr\u00fcn\u00fcn \u00d6ne \u00c7\u0131kan Faydalar\u0131<\/strong><\/p>\n<ul>\n<li>Ayakkab\u0131\/\u00c7izme tabanlar\u0131n\u0131 temizleyen f\u0131r\u00e7alar\u0131n \u00e7al\u0131\u015fma s\u00fcreleri iste\u011fe g\u00f6re ayarlanabilmektedir.<\/li>\n<li>F\u0131r\u00e7alar ek bir alete ihtiya\u00e7 duyulmadan kolayca \u00e7\u0131kar\u0131l\u0131p tak\u0131labilir.<\/li>\n<li>Tabanlara derinlemesine i\u015fleyen \u00f6zel f\u0131r\u00e7alama sistemi ile tabanlar garantili \u015fekilde temizlenir.<\/li>\n<li>Derinlemesine monte edilmi\u015f f\u0131r\u00e7a k\u0131llar\u0131 sayesinde uzun kullan\u0131m \u00f6mr\u00fc sunulmaktad\u0131r.<\/li>\n<li>E\u015f zamanl\u0131 olarak zorunlu bir el dezenfeksiyonu sa\u011flan\u0131r, sistem tek elle \u00e7al\u0131\u015fmad\u0131\u011f\u0131 i\u00e7in mutlak dezenfektan sa\u011flar<\/li>\n<li>El dezenfekte s\u00fcresi ayarlanabilmektedir.<\/li>\n<li>D\u0131\u015far\u0131dan elle manuel m\u00fcdahaleye izin vermeyen sistem, g\u00fcvenli bir dezenfeksiyonu garanti eder.<\/li>\n<li>Elektrik kesintileri ve \u201cAC\u0130L STOP\u201d butonun devreye girmesi gibi acil durumlarda turnike her iki y\u00f6ne serbest ge\u00e7i\u015f imk\u00e2n\u0131 sa\u011flar.<\/li>\n<li>\u00c7\u0131k\u0131\u015f y\u00f6n\u00fcn\u00fc tercihe g\u00f6re a\u00e7\u0131k veya kilitleme imk\u00e2n\u0131 bulunmaktad\u0131r.<\/li>\n<li>\u00dcr\u00fcn\u00fcm\u00fcz, Paslanmaz \u00c7elik \u00f6zel Satineli y\u00fczeyi sayesinde kaliteli ve hijyenik bir y\u00fczey yap\u0131s\u0131na sahiptir.<\/li>\n<\/ul>\n<p><strong>Makine Ebatlar\u0131:<\/strong> 2150mm (uzunluk) x 1000mm (geni\u015flik) x 1700mm (y\u00fckseklik)<\/p>\n<p><strong>Tanr\u0131ver hijyen bariyerleri,<\/strong>\u00a0\u00e7ok \u00e7e\u015fitli end\u00fcstrilerde, \u00f6zellikle g\u0131da i\u015flemede \u00e7ok \u00f6nemli olan \u00fcretim giri\u015f ve \u00e7\u0131k\u0131\u015f noktalar\u0131nda personel hijyenini en iyi \u015fekilde garanti eder.<\/p>\n","protected":false},"excerpt":{"rendered":"<p style=\"font-weight: 400;\"><strong><u>EDT TY 100 Turnikeli ve Taban Y\u0131kamal\u0131 Hijyen Bariyeri Ne \u0130\u015fe Yarar?<\/u><\/strong><\/p>\n<p style=\"font-weight: 400;\">Ayakkab\u0131\/Saba Terlik tabanlar\u0131, yatay olarak monte edilmi\u015f ve kar\u015f\u0131l\u0131kl\u0131 d\u00f6nen 2 adet F\u0131r\u00e7a arac\u0131l\u0131\u011f\u0131 ile derinlemesine bir temizlik ve sanitasyon sa\u011flar. \u0130malathane i\u00e7erisinde korunmas\u0131 bir zorunluluk olan Hijyen \u00fcst seviyede korunur.<\/p>\n<p style=\"font-weight: 400;\">Ayakkab\u0131 tabanlar\u0131n\u0131n en iyi \u015fekilde temizlenmesi i\u00e7in, personelin t\u00fcm hijyenik kontrollerden zorunlu olarak ge\u00e7irilmesiyle y\u00fcksek derecede g\u00fcvenlik sa\u011flamak i\u00e7in tasarlanm\u0131\u015ft\u0131r.<\/p>\n<p><strong>Not: Ekipmanlar\u0131m\u0131z hortum ve bas\u0131n\u00e7l\u0131 su ile y\u0131kanmamal\u0131d\u0131r.<\/strong><\/p>\n[html_block id=\"18410\"]\n","protected":false},"featured_media":4095,"template":"","meta":[],"product_brand":[],"product_cat":[123],"product_tag":[],"class_list":{"0":"post-14436","1":"product","2":"type-product","3":"status-publish","4":"has-post-thumbnail","6":"product_cat-hygiene-schleussen","8":"first","9":"instock","10":"shipping-taxable","11":"purchasable","12":"product-type-simple"},"_links":{"self":[{"href":"https:\/\/tanriver.com.tr\/de\/wp-json\/wp\/v2\/product\/14436","targetHints":{"allow":["GET"]}}],"collection":[{"href":"https:\/\/tanriver.com.tr\/de\/wp-json\/wp\/v2\/product"}],"about":[{"href":"https:\/\/tanriver.com.tr\/de\/wp-json\/wp\/v2\/types\/product"}],"wp:featuredmedia":[{"embeddable":true,"href":"https:\/\/tanriver.com.tr\/de\/wp-json\/wp\/v2\/media\/4095"}],"wp:attachment":[{"href":"https:\/\/tanriver.com.tr\/de\/wp-json\/wp\/v2\/media?parent=14436"}],"wp:term":[{"taxonomy":"product_brand","embeddable":true,"href":"https:\/\/tanriver.com.tr\/de\/wp-json\/wp\/v2\/product_brand?post=14436"},{"taxonomy":"product_cat","embeddable":true,"href":"https:\/\/tanriver.com.tr\/de\/wp-json\/wp\/v2\/product_cat?post=14436"},{"taxonomy":"product_tag","embeddable":true,"href":"https:\/\/tanriver.com.tr\/de\/wp-json\/wp\/v2\/product_tag?post=14436"}],"curies":[{"name":"wp","href":"https:\/\/api.w.org\/{rel}","templated":true}]}}