{"id":14421,"date":"2020-04-04T11:12:36","date_gmt":"2020-04-04T08:12:36","guid":{"rendered":"http:\/\/tanriver.com.tr\/urun\/fircali-evyeli-paspasli-el-dezenfektan-turnikeli-hijyen-hatti\/"},"modified":"2023-03-14T10:56:27","modified_gmt":"2023-03-14T07:56:27","slug":"fircali-evyeli-paspasli-el-dezenfektan-turnikeli-hijyen-hatti","status":"publish","type":"product","link":"https:\/\/tanriver.com.tr\/de\/urun\/fircali-evyeli-paspasli-el-dezenfektan-turnikeli-hijyen-hatti\/","title":{"rendered":"FEBSET F\u0131r\u00e7al\u0131 Evyeli Paspasl\u0131 El Dezenfektan Turnikeli Hijyen Hatt\u0131"},"content":{"rendered":"<h2>FEBSET F\u0131r\u00e7al\u0131 Evyeli Paspasl\u0131 El Dezenfektan Turnikeli Hijyen Hatt\u0131 Ne \u0130\u015fe Yarar?<\/h2>\n<p>\u0130malathanelere ve tesislere giri\u015f ve \u00e7\u0131k\u0131\u015flarda personelin hijyen ihtiyac\u0131n\u0131 toplu olarak tek bir makinede \u00e7\u00f6zen bir sistemdir. Hijyen istasyonlar\u0131, \u00f6zellikle g\u0131da i\u015fleme end\u00fcstrisindeki tesisler ve ayn\u0131 anda \u00e7ok say\u0131da vardiyada \u00e7al\u0131\u015fan b\u00fcy\u00fck \u00f6l\u00e7ekli tesisler i\u00e7in tasarlanm\u0131\u015ft\u0131r.<\/p>\n<p>Bir arada sunulan hijyen ad\u0131mlar\u0131 ile kalabal\u0131k n\u00fcfuslu tesislere etkili sanitasyon ve hijyen korumas\u0131 sunarken bir yandan zamandan tasarruf edilmesini sa\u011flayan son derece uzun \u00f6m\u00fcrl\u00fc ve a\u015f\u0131nmaya dayan\u0131kl\u0131 bir \u00fcr\u00fcnd\u00fcr.<\/p>\n<h2>\u00c7al\u0131\u015fma \u015eekli ve \u00d6zellikleri<\/h2>\n<p>FEBSET hijyen bariyeri El y\u0131kama mecburiyeti olan f\u0131r\u00e7al\u0131 bir hijyen bariyeridir. Evyesi dizden sens\u00f6rl\u00fcd\u00fcr, ki\u015fi evye ba\u015f\u0131na geldi\u011fi zaman otomatik olarak su akmaya ba\u015flar, evyeye temas edilmesine gerek kalmaz.<\/p>\n<p>Eller y\u0131kand\u0131ktan hemen sonra evye yan\u0131ndaki Jet kurutucu\/Ka\u011f\u0131t Havlu ile eller an\u0131nda kurutulur. Olduk\u00e7a hijyenik olan el kurutucusunda hi\u00e7bir noktada temas kurman\u0131za gerek kalmaz.<\/p>\n<p>Dezenfektanl\u0131 hijyen turnikesine ge\u00e7i\u015f s\u0131ras\u0131nda ayak taban\u0131 y\u0131kama f\u0131r\u00e7alar\u0131 \u00e7al\u0131\u015fmaya ba\u015flar. Ayakkab\u0131 altlar\u0131 hijyenik kimyasal ve su kar\u0131\u015f\u0131m\u0131 p\u00fcsk\u00fcrt\u00fclerek y\u0131kan\u0131r.<\/p>\n<p>Eller hijyen bariyerindeki dezenfektan b\u00f6lmelerine sokuldu\u011funda dezenfektan p\u00fcsk\u00fcrt\u00fcl\u00fcr. \u0130ki el de mekanizman\u0131n i\u00e7ine sokulmadan dezefektan p\u00fcsk\u00fcrt\u00fclmez ve turnike a\u00e7\u0131lmaz. B\u00f6ylece personelin iki eli de zorunlu olarak dezenfekte edilir. T\u00fcm bu i\u015flemler tamamland\u0131ktan sonra turnike a\u00e7\u0131larak imalat k\u0131sm\u0131na ge\u00e7i\u015f sa\u011flan\u0131r.<\/p>\n<p>\u0130ste\u011fe g\u00f6re di\u011fer hijyen ekipmanlar\u0131m\u0131z ile \u015fekillenebilen bu hijyen hatt\u0131m\u0131z mutlak sanitasyon sa\u011flar ve size zaman kazand\u0131r\u0131r.<\/p>\n<p><strong>El Dezenfeksiyonu<\/strong><\/p>\n<p>El dezenfeksiyonu \u00fcnitesi sayesinde belirlenen dozajda dezenfektan otomatik olarak uygulan\u0131r, b\u00f6ylece hassas \u00fcretim alanlar\u0131na sadece elleri d\u00fczg\u00fcn bir \u015fekilde temizlenmi\u015f ki\u015filerin girilebilmesine izin verilir.<\/p>\n<p>Sens\u00f6rler sayesinde kimyasallar bo\u015f yere kullan\u0131lmaz veya zaman harcanmaz. Sabun ile ellerinizi y\u0131kad\u0131ktan sonra eller, dezenfeksiyon b\u00f6lmesinde dezenfekte edilir. Turnike sadece el dezenfeksiyonu tamamland\u0131ktan sonra serbest b\u0131rak\u0131l\u0131r.<\/p>\n<p><strong>\u00dcr\u00fcn\u00fcn \u00d6ne \u00c7\u0131kan Faydalar\u0131<\/strong><\/p>\n<ul>\n<li>Ayak tabanlar\u0131n\u0131n y\u0131kanmas\u0131, ellerin y\u0131kanmas\u0131, dezenfekte edilmesi bir ad\u0131mda ger\u00e7ekle\u015fir.<\/li>\n<li>Tesiste h\u0131zl\u0131 ve verimli bir \u015fekilde sanitasyon sa\u011flar, imalathanelere giri\u015fte zaman kazand\u0131r\u0131r.<\/li>\n<li>Sens\u00f6r kontroll\u00fc \u00e7al\u0131\u015f\u0131r, hi\u00e7bir \u015fekilde elle temas kurmadan el y\u0131kama, kurutma ve dezenefekte i\u015flemleri ger\u00e7ekle\u015ftirilir.<\/li>\n<li>Ka\u011f\u0131t havlu ve ka\u011f\u0131t havlu at\u0131k sepeti veya tercihe g\u00f6re Jet El kurutucu olarak 2 farkl\u0131 \u015fekilde sunulur.<\/li>\n<li>Ayakkab\u0131 Tabanlar\u0131na derinlemesine n\u00fcfus eden f\u0131r\u00e7alar ile kontiminasyon minimum seviyededir, derinlemesine temizlik sa\u011flan\u0131r.<\/li>\n<li>E\u015f zamanl\u0131 olarak zorunlu bir el dezenfeksiyonu sa\u011flan\u0131r, ve el dezenfektan\u0131n\u0131n p\u00fcsk\u00fcrtme s\u00fcresi iste\u011fe ba\u011fl\u0131 programlanabilmektedir.<\/li>\n<li>\u00c7\u0131k\u0131\u015f y\u00f6n\u00fcne a\u00e7\u0131k olup, de tercihe g\u00f6re ayarlanabilir turnike kilidi bulunmaktad\u0131r.<\/li>\n<li>Turnike ge\u00e7i\u015f izin s\u00fcresi ayarlanabilir.<\/li>\n<li>\u00dcr\u00fcn\u00fcm\u00fcz, satineli paslanmaz \u00e7elik sayesinde kaliteli ve hijyenik bir y\u00fczey yap\u0131s\u0131na sahiptir.<\/li>\n<li>Enfeksiyon ve kontaminasyon riski minumuma indirilir.<\/li>\n<li>Ayarlanabilir kimyasal dozajlama imkan\u0131 bulunmaktad\u0131r.<\/li>\n<li>Ellerle hi\u00e7bir fiziksel temasa gerek duymadan sens\u00f6rler arac\u0131l\u0131\u011f\u0131 ile y\u0131kama, kurutma ve dezenfekte i\u015flemlerini bir arada sunar, bula\u015f riskini ortadan kald\u0131r\u0131r.<\/li>\n<\/ul>\n<p>&nbsp;<\/p>\n<p><strong>Tanr\u0131ver hijyen hatlar\u0131,<\/strong> \u00e7ok \u00e7e\u015fitli end\u00fcstrilerde, \u00f6zellikle g\u0131da i\u015flemede \u00e7ok \u00f6nemli olan \u00fcretim giri\u015f ve \u00e7\u0131k\u0131\u015f noktalar\u0131nda personel hijyenini en iyi \u015fekilde garanti eder.<\/p>\n","protected":false},"excerpt":{"rendered":"<p>Tamamen kaliteli paslanmaz \u00e7elikten \u00fcretti\u011fimiz bu hijyen hatt\u0131m\u0131z i\u00e7erisinde ayak taban\u0131 temizleme, el y\u0131kama ve el dezenfeksiyonu i\u015flemleri bir arada sunulmaktad\u0131r. Ayn\u0131 zamanda dizden sens\u00f6rl\u00fc evye, s\u0131v\u0131 sabunluk dispenseri, ka\u011f\u0131t havluluk ve \u00e7\u00f6p kovas\u0131 par\u00e7alar\u0131 da bulunmaktad\u0131r.<\/p>\n<p>B\u00f6ylece ellerinizi hem y\u0131kayabilir hem dezenfekte i\u015flemini ger\u00e7ekle\u015ftirebilir ve ard\u0131ndan Jet kurutucu \u00f6zelli\u011finden yararlanabilirsiniz. Ayn\u0131 zamanda k\u0131v\u0131rc\u0131k hijyen paspas\u0131 da bulunmaktad\u0131r. B\u00f6ylece F\u0131r\u00e7a sistemine girmeden \u00f6nce kabas\u0131n\u0131 alarak ayak taban\u0131 temizli\u011finin g\u00fcvenli\u011fi art\u0131r\u0131l\u0131r kontiminazsyon azal\u0131r.<\/p>\n<p><strong>Not: Ekipmanlar\u0131m\u0131z hortum ve bas\u0131n\u00e7l\u0131 su ile y\u0131kanmamal\u0131d\u0131r.<\/strong><\/p>\n[html_block id=\"18410\"]\n","protected":false},"featured_media":5082,"template":"","meta":[],"product_brand":[],"product_cat":[123],"product_tag":[],"class_list":{"0":"post-14421","1":"product","2":"type-product","3":"status-publish","4":"has-post-thumbnail","6":"product_cat-hygiene-schleussen","8":"first","9":"instock","10":"shipping-taxable","11":"purchasable","12":"product-type-simple"},"_links":{"self":[{"href":"https:\/\/tanriver.com.tr\/de\/wp-json\/wp\/v2\/product\/14421","targetHints":{"allow":["GET"]}}],"collection":[{"href":"https:\/\/tanriver.com.tr\/de\/wp-json\/wp\/v2\/product"}],"about":[{"href":"https:\/\/tanriver.com.tr\/de\/wp-json\/wp\/v2\/types\/product"}],"wp:featuredmedia":[{"embeddable":true,"href":"https:\/\/tanriver.com.tr\/de\/wp-json\/wp\/v2\/media\/5082"}],"wp:attachment":[{"href":"https:\/\/tanriver.com.tr\/de\/wp-json\/wp\/v2\/media?parent=14421"}],"wp:term":[{"taxonomy":"product_brand","embeddable":true,"href":"https:\/\/tanriver.com.tr\/de\/wp-json\/wp\/v2\/product_brand?post=14421"},{"taxonomy":"product_cat","embeddable":true,"href":"https:\/\/tanriver.com.tr\/de\/wp-json\/wp\/v2\/product_cat?post=14421"},{"taxonomy":"product_tag","embeddable":true,"href":"https:\/\/tanriver.com.tr\/de\/wp-json\/wp\/v2\/product_tag?post=14421"}],"curies":[{"name":"wp","href":"https:\/\/api.w.org\/{rel}","templated":true}]}}