{"id":14341,"date":"2020-04-04T11:37:25","date_gmt":"2020-04-04T08:37:25","guid":{"rendered":"http:\/\/tanriver.com.tr\/urun\/tek-yon-kor-turnike\/"},"modified":"2021-08-12T16:20:22","modified_gmt":"2021-08-12T13:20:22","slug":"tek-yon-kor-turnike","status":"publish","type":"product","link":"https:\/\/tanriver.com.tr\/de\/urun\/tek-yon-kor-turnike\/","title":{"rendered":"Tek Y\u00f6n K\u00f6r Turnike"},"content":{"rendered":"<p><strong>Tek Y\u00f6n K\u00f6r Turnike Ne \u0130\u015fe Yarar?<\/strong><br \/>\nTurnikenin as\u0131l amac\u0131 giri\u015fleri ve \u00e7\u0131k\u0131\u015flar\u0131 kontrol etmek ve ka\u00e7ak ge\u00e7i\u015fleri \u00f6nlemektir. Turnike \u00e7e\u015fitli kart okuma sistemleri ve otomatik giyotin kap\u0131lar ile entegre edilebilir. Yere veya duvara monte edilecek \u015fekilde sunulur, \u00a0\u00fcr\u00fcn hemen \u00e7al\u0131\u015fmaya haz\u0131r halde teslim edilir, kolay ve h\u0131zl\u0131 kurulum imkan\u0131 sunar.<\/p>\n<p><strong>\u00c7al\u0131\u015fma \u015eekli ve \u00d6zellikleri<\/strong><br \/>\nTamamen paslanmaz \u00e7elikten \u00fcretilmi\u015f olan turnike sistemleri, tercihe g\u00f6re YARI OTOMAT\u0130K D\u00dc\u015eENKOL se\u00e7ene\u011fine de sahiptir. Enerji kesintisi veya yang\u0131n, deprem gibi acil durum sinyali verildi\u011finde, turnike kolu otomatik olarak 90 derece katlan\u0131r ve tesisteki personelin seri bir \u015fekilde tahliye edilmesini sa\u011flar.<\/p>\n<p>Temelde yasal mecburiyet gere\u011fi elektrik kesintisinde turnike her iki y\u00f6ne de serbest ge\u00e7i\u015fe izin vermektedir. M\u00fc\u015fterinin yaz\u0131l\u0131 bildirimi ve resmi imzas\u0131 olmadan aksi bir sistem taraf\u0131m\u0131zca bir se\u00e7enek olarak sunulamaz. Ayr\u0131ca acil durumlar i\u00e7in ekstra bir kontak giri\u015fi bulunmaktad\u0131r.<\/p>\n<p>Acil durum konta\u011f\u0131 devre d\u0131\u015f\u0131 olmadan bir ki\u015fi kolu kald\u0131rsa bile b\u0131rakt\u0131\u011f\u0131nda tekrar d\u00fc\u015fecektir. Dolay\u0131s\u0131 ile acil mod devre d\u0131\u015f\u0131 kalmadan yani tehlike ge\u00e7meden, turnike hi\u00e7bir \u015fekilde kilitlenmez. Acil durum modu kald\u0131r\u0131ld\u0131\u011f\u0131nda veya enerji tekrar y\u00fcklendi\u011finde, turnike kolunun g\u00f6revli ki\u015fi taraf\u0131ndan manuel olarak kald\u0131r\u0131lmas\u0131 sonras\u0131nda kilitli konuma ge\u00e7er.<\/p>\n<p><strong>\u00dcr\u00fcn\u00fcn \u00d6ne \u00c7\u0131kan Faydalar\u0131<\/strong><\/p>\n<ul>\n<li>Bir alanda hem giri\u015f hem \u00e7\u0131k\u0131\u015f kontrol\u00fcn\u00fc sa\u011flar.<\/li>\n<li>Ka\u00e7ak ge\u00e7i\u015fleri \u00f6nleyici bir sistemdir, opsiyonlu olarak d\u00fc\u015febilen kola sahiptir.<\/li>\n<li>\u00c7\u0131k\u0131\u015f y\u00f6n\u00fcne ve kilide \u00fczerindeki switcher\u2019lar ile m\u00fcdahale edilebilir.<\/li>\n<li>Makine Ebatlar\u0131 400mm (B) x 900 mm (E) x 1400 mm (Y) \u015feklindedir ve 1.5mm ve 0.4 mm sa\u00e7 kal\u0131nl\u0131\u011f\u0131na sahiptir.<\/li>\n<li>Paslanmaz 3 adet b\u00fck\u00fcml\u00fc turnike kolu \u00f6zel olarak tasarlanm\u0131\u015ft\u0131r, d\u00fc\u015fen kol turnikesi tercihe g\u00f6re ayarlanabilir. (Siemens logolu PLC kontrol sistemi)<\/li>\n<li>Acil ka\u00e7\u0131\u015flar i\u00e7in Acil stop butonu bulunmaktad\u0131r.<\/li>\n<li>Acil durumlarda aktif olacak bir zil eklenebilir.<\/li>\n<li>G\u00fc\u00e7l\u00fc \u015fase ve izole kaynakl\u0131 end\u00fcstriyel tasar\u0131m\u0131 sayesinde uzun \u00f6m\u00fcrl\u00fc bir \u00fcr\u00fcnd\u00fcr ve y\u00fcksek performansa sahiptir.<\/li>\n<li>IP 65 koruma s\u0131n\u0131f\u0131 standartlar\u0131n\u0131 yerine getirir.<\/li>\n<li>Yere veya duvara monte etmeye elveri\u015flidir.<\/li>\n<\/ul>\n","protected":false},"excerpt":{"rendered":"<p>Tek y\u00f6n turnikeler genellikle ka\u00e7ak giri\u015fleri engellemek i\u00e7in kullan\u0131l\u0131r. Turnikenin hangi y\u00f6nde a\u00e7\u0131laca\u011f\u0131 veya kilitlenece\u011fi mekanizma \u00fczerindeki switch&#8217;ler ile kolayca ayarlanabilir. \u0130ste\u011fe g\u00f6re ge\u00e7i\u015f izni alg\u0131land\u0131\u011f\u0131n\u0131 bildiren bir zil (buzzer) eklenebilir.<\/p>\n<p><strong>Not: Ekipmanlar\u0131m\u0131z hortum ve bas\u0131n\u00e7l\u0131 su ile y\u0131kanmamal\u0131d\u0131r.<\/strong><\/p>\n","protected":false},"featured_media":5712,"template":"","meta":[],"product_brand":[],"product_cat":[128],"product_tag":[],"class_list":{"0":"post-14341","1":"product","2":"type-product","3":"status-publish","4":"has-post-thumbnail","6":"product_cat-ubergangsdrehkreuz","8":"first","9":"instock","10":"shipping-taxable","11":"purchasable","12":"product-type-simple"},"_links":{"self":[{"href":"https:\/\/tanriver.com.tr\/de\/wp-json\/wp\/v2\/product\/14341","targetHints":{"allow":["GET"]}}],"collection":[{"href":"https:\/\/tanriver.com.tr\/de\/wp-json\/wp\/v2\/product"}],"about":[{"href":"https:\/\/tanriver.com.tr\/de\/wp-json\/wp\/v2\/types\/product"}],"wp:featuredmedia":[{"embeddable":true,"href":"https:\/\/tanriver.com.tr\/de\/wp-json\/wp\/v2\/media\/5712"}],"wp:attachment":[{"href":"https:\/\/tanriver.com.tr\/de\/wp-json\/wp\/v2\/media?parent=14341"}],"wp:term":[{"taxonomy":"product_brand","embeddable":true,"href":"https:\/\/tanriver.com.tr\/de\/wp-json\/wp\/v2\/product_brand?post=14341"},{"taxonomy":"product_cat","embeddable":true,"href":"https:\/\/tanriver.com.tr\/de\/wp-json\/wp\/v2\/product_cat?post=14341"},{"taxonomy":"product_tag","embeddable":true,"href":"https:\/\/tanriver.com.tr\/de\/wp-json\/wp\/v2\/product_tag?post=14341"}],"curies":[{"name":"wp","href":"https:\/\/api.w.org\/{rel}","templated":true}]}}