{"id":15221,"date":"2020-04-25T09:39:08","date_gmt":"2020-04-25T09:39:08","guid":{"rendered":"http:\/\/tanriver.com.tr\/cookie-policy\/"},"modified":"2020-06-05T21:05:34","modified_gmt":"2020-06-05T18:05:34","slug":"cookie-policy","status":"publish","type":"page","link":"https:\/\/tanriver.com.tr\/de\/cookie-policy\/","title":{"rendered":"Cookie Policy"},"content":{"rendered":"<p>Bu \u00c7erez Politikas\u0131 (\u201cPolitika\u201d) Tanr\u0131ver M\u00fcmessillik Tic. Ltd. \u015eti. taraf\u0131ndan y\u00fcr\u00fct\u00fclen ve internet \u00fczerinden eri\u015filen ve kullan\u0131lan platformlar ve internet siteleri i\u00e7in ge\u00e7erlidir.<\/p>\n<ol>\n<li><strong>\u00c7erezler (Tan\u0131mlama Bilgileri) <\/strong><\/li>\n<\/ol>\n<p>Tan\u0131mlama Bilgileri ya da ba\u015fka bir deyi\u015fle \u2018\u00c7erezler\u2019 internet sitesinin d\u00fczg\u00fcn bi\u00e7imde \u00e7al\u0131\u015fmas\u0131, kullan\u0131c\u0131 deneyiminin iyile\u015ftirilmesi, sitenin geli\u015ftirilmesi ve optimize edilmesi, daha uygun, ilgi alan\u0131na uygun hale getirilmi\u015f i\u00e7erik ve reklam sunma, ziyaret\u00e7iler ve m\u00fc\u015fteriler i\u00e7in ilgi \u00e7ekici ve ki\u015fiselle\u015ftirilmi\u015f bir internet sitesi\/uygulama ve reklam portf\u00f6y\u00fc sunmak ve trafik istatistikleri olu\u015fturmak amac\u0131yla bilgisayar, tablet veya telefon gibi cihazlara yerle\u015ftirilen k\u00fc\u00e7\u00fck metin par\u00e7ac\u0131klar\u0131d\u0131r.<\/p>\n<ol>\n<li><strong>\u00c7erezler ve Kullan\u0131m\u0131 <\/strong><\/li>\n<\/ol>\n<p>\u00c7erezlerin i\u00e7eri\u011fi sunucu taraf\u0131nda belirlenir ve site ziyaret edildi\u011finde kullan\u0131c\u0131lar\u0131n cihazlar\u0131na yerle\u015ftirilen tan\u0131mlama bilgileri sunucu taraf\u0131ndan kullan\u0131labilir. \u00c7erezler, web sitesine kullan\u0131c\u0131n\u0131n tekrar ziyaret etti\u011fini belirten internet kullan\u0131c\u0131s\u0131n\u0131n kimlik kart\u0131 olarak d\u00fc\u015f\u00fcn\u00fclebilir.<\/p>\n<p>\u00c7erezler, \u2018oturum\u2019 \u00e7erezleri ve \u2018kal\u0131c\u0131\u2019 \u00e7erezleri olarak iki grupta s\u0131n\u0131fland\u0131r\u0131l\u0131r. Oturum \u00e7erezleri web sitesinden ayr\u0131lana kadar tutulan ge\u00e7ici \u00e7erezler olup kullan\u0131c\u0131n\u0131n sayfalar aras\u0131nda gezdi\u011fi s\u0131rada web sitesi taraf\u0131ndan hat\u0131rlanarak kullan\u0131lan bilgileri i\u00e7erir. Kal\u0131c\u0131 \u00e7erezler kullan\u0131c\u0131n\u0131n web sitesinden ayr\u0131ld\u0131ktan sonra bile kullan\u0131c\u0131n\u0131n cihaz\u0131nda saklanan \u00e7erezlerdir. Bu t\u00fcr \u00e7erezler web sitesinin kullan\u0131c\u0131 taraf\u0131ndan tekrar ziyaret edilmesi halinde kullan\u0131c\u0131n\u0131n web sunucusu taraf\u0131ndan hat\u0131rlanmas\u0131n\u0131 sa\u011flar ve kullan\u0131c\u0131y\u0131 tan\u0131mlay\u0131c\u0131 bilgileri i\u00e7ermez.<\/p>\n<p>Ayr\u0131ca \u00e7erezler i\u015flevlerine g\u00f6re de analitik, 3. \u015fah\u0131s \u00e7erezleri, zorunlu \u00e7erezler, ticari \u00e7erezler olarak s\u0131n\u0131fland\u0131r\u0131labilir. Tanr\u0131ver M\u00fcmessillik Tic. Ltd. \u015eti. olarak genellikle anonim nitelikte olan ve internet sitesinin d\u00fczg\u00fcn \u015fekilde \u00e7al\u0131\u015fabilmesi, kullan\u0131c\u0131lar\u0131n sitede gezinme ve \u00f6zelliklerden yararlanmas\u0131n\u0131 sa\u011flamak amac\u0131yla \u00e7erezler kullanmakla birlikte niteli\u011fi gere\u011fi kullan\u0131c\u0131 ki\u015fisel bilgilerini de bar\u0131nd\u0131rabilen analitik \u00e7erezler de kullanmaktad\u0131r.<\/p>\n<ol>\n<li><strong>Internet Taray\u0131c\u0131s\u0131nda \u00c7erez Ayarlar\u0131n\u0131 D\u00fczenleme <\/strong><\/li>\n<\/ol>\n<p>Bir \u00e7ok taray\u0131c\u0131, \u00e7erezleri otomatik olarak kabul etse de siz kabul etmek zorunda de\u011filsiniz. Kullan\u0131c\u0131lar web taray\u0131c\u0131lar\u0131 ayarlar\u0131ndan \u00e7erezleri kald\u0131rabilir. Bu ayarlar\u0131n yeri kulland\u0131\u011f\u0131n\u0131z web taray\u0131c\u0131s\u0131na g\u00f6re de\u011fi\u015fmektedir. Web taray\u0131c\u0131n\u0131zdaki &#8222;Yard\u0131m&#8220; komutlar\u0131n\u0131 kullanarak ilgili ayarlar\u0131n yerini bulabilirsiniz.<\/p>\n<p>Tanr\u0131ver M\u00fcmessillik Tic. Ltd. \u015eti. web sitesini kullanarak \u00e7erezlerin Politika kapsam\u0131nda uyumlu olarak kullan\u0131lmas\u0131na onay vermi\u015f olursunuz. Elektronik cihaz\u0131n\u0131zda \u00e7erez uygulamalar\u0131m\u0131z\u0131 kabul etmek istemiyorsan\u0131z \u00e7erez uygulamas\u0131n\u0131 reddedebilirsiniz. \u00c7erezleri reddetmeniz durumunda web sitemiz gerekti\u011fi gibi \u00e7al\u0131\u015fmayabilir veya talep etti\u011finiz hizmetlerin sunulmas\u0131 s\u0131ras\u0131nda aksakl\u0131klara neden olabilir.<\/p>\n<ol>\n<li><strong>Analitik Ama\u00e7l\u0131 \u00dc\u00e7\u00fcnc\u00fc \u015eah\u0131s \u00c7erezleri <\/strong><\/li>\n<\/ol>\n<p>Ziyaret\u00e7ilerimize daha iyi hizmet sunmak i\u00e7in sayfa g\u00f6r\u00fcnt\u00fcleme say\u0131s\u0131n\u0131, ziyaret say\u0131s\u0131n\u0131, sitemizde ziyaret\u00e7iler taraf\u0131ndan ger\u00e7ekle\u015ftirilen farkl\u0131 i\u015flemleri, ziyaret\u00e7ilerin co\u011frafi konumlar\u0131n\u0131 ve ziyaret\u00e7ilerin siteye d\u00f6n\u00fc\u015f say\u0131s\u0131n\u0131 \u00f6l\u00e7mekteyiz. Bu ama\u00e7la web analitik yaz\u0131l\u0131m arac\u0131 kullan\u0131yoruz:<\/p>\n<p><strong>Google Analytics Bilgileri<\/strong><\/p>\n<p>Google, Inc. (&#8222;Google&#8220;) taraf\u0131ndan sa\u011flanan bir web analitik hizmeti olan Google Analytics kullan\u0131l\u0131r. Google Analytics, bilgisayar\u0131n\u0131za yerle\u015ftirilen metin dosyalar\u0131 olan \u00e7erezleri, web sitesinin kullan\u0131c\u0131lar\u0131n kullan\u0131m al\u0131\u015fkanl\u0131\u011f\u0131n\u0131 analiz etmesi i\u00e7in kullan\u0131r. \u00c7erezler vas\u0131tas\u0131yla web sitesinin kullan\u0131m\u0131 hakk\u0131nda olu\u015fturulan bilgi, Google taraf\u0131ndan ABD&#8217;deki sunuculara iletilir ve burada depolan\u0131r.<\/p>\n<p>IP anonimle\u015ftirmenin bu web sitesinde etkinle\u015ftirilmi\u015f olmas\u0131 durumunda IP adresiniz, Avrupa Birli\u011finin \u00dcye \u00dclkeleri veya Avrupa Ekonomik Alan\u0131ndaki Anla\u015fman\u0131n di\u011fer taraflar\u0131n\u0131n alan\u0131nda kesilecektir. Sadece ola\u011fan\u00fcst\u00fc durumlarda b\u00fct\u00fcn IP adresi \u00f6ncelikle ABD&#8217;deki Google sunucusuna g\u00f6nderilir ve burada kesilir. IP anonimle\u015ftirme bu web sitesinde aktiftir.<\/p>\n<p>Google, web sitesini kullan\u0131m\u0131n\u0131z\u0131 de\u011ferlendirmek, web sitesi etkinli\u011fi \u00fczerinde raporlar haz\u0131rlamak ve web sitesi etkinli\u011fi ve internet kullan\u0131m\u0131na ili\u015fkin di\u011fer hizmetleri sa\u011flamak amac\u0131yla bu web sitesinin operat\u00f6r\u00fcn\u00fcn ad\u0131na bu bilgileri kullanacakt\u0131r.<\/p>\n<p>Taray\u0131c\u0131n\u0131z\u0131n Google Analytics kapsam\u0131nda iletti\u011fi IP adresi, Google taraf\u0131ndan tutulan herhangi bir di\u011fer veriyle ili\u015fkilendirilmeyecektir. Taray\u0131c\u0131n\u0131z\u0131n ilgili ayarlar\u0131n\u0131 se\u00e7erek \u00e7erezlerin kullan\u0131lmas\u0131n\u0131 reddedebilirsiniz ancak bu durumda, bu web sitesinin t\u00fcm \u00f6zelliklerinden faydalanamayabilece\u011finizi de unutmamal\u0131s\u0131n\u0131z. Ayr\u0131ca, Google Analytics Opt-out Taray\u0131c\u0131 Eklentisini mevcut web taray\u0131c\u0131n\u0131za indirerek, bu noktadan sonra etkin olacak \u015fekilde Google Analytics taraf\u0131ndan takip edilmemeyi de tercih edebilirsiniz:<\/p>\n<p><a href=\"http:\/\/tools.google.com\/dlpage\/gaoptout?hl=en\" rel=\"nofollow noopener\" target=\"_blank\">http:\/\/tools.google.com\/dlpage\/gaoptout?hl=en<\/a><\/p>\n<p><strong>\u00a0<\/strong><\/p>\n","protected":false},"excerpt":{"rendered":"<p>Bu \u00c7erez Politikas\u0131 (\u201cPolitika\u201d) Tanr\u0131ver M\u00fcmessillik Tic. Ltd. \u015eti. taraf\u0131ndan y\u00fcr\u00fct\u00fclen ve internet \u00fczerinden eri\u015filen ve kullan\u0131lan platformlar ve internet<\/p>\n","protected":false},"author":1,"featured_media":0,"parent":0,"menu_order":0,"comment_status":"closed","ping_status":"closed","template":"","meta":{"footnotes":""},"class_list":["post-15221","page","type-page","status-publish","hentry"],"_links":{"self":[{"href":"https:\/\/tanriver.com.tr\/de\/wp-json\/wp\/v2\/pages\/15221","targetHints":{"allow":["GET"]}}],"collection":[{"href":"https:\/\/tanriver.com.tr\/de\/wp-json\/wp\/v2\/pages"}],"about":[{"href":"https:\/\/tanriver.com.tr\/de\/wp-json\/wp\/v2\/types\/page"}],"author":[{"embeddable":true,"href":"https:\/\/tanriver.com.tr\/de\/wp-json\/wp\/v2\/users\/1"}],"replies":[{"embeddable":true,"href":"https:\/\/tanriver.com.tr\/de\/wp-json\/wp\/v2\/comments?post=15221"}],"version-history":[{"count":0,"href":"https:\/\/tanriver.com.tr\/de\/wp-json\/wp\/v2\/pages\/15221\/revisions"}],"wp:attachment":[{"href":"https:\/\/tanriver.com.tr\/de\/wp-json\/wp\/v2\/media?parent=15221"}],"curies":[{"name":"wp","href":"https:\/\/api.w.org\/{rel}","templated":true}]}}