{"id":15180,"date":"2020-04-25T09:44:48","date_gmt":"2020-04-25T09:44:48","guid":{"rendered":"http:\/\/tanriver.com.tr\/ueber-uns\/our-quality-policy\/"},"modified":"2020-05-19T21:51:51","modified_gmt":"2020-05-19T21:51:51","slug":"unsere-qualitaetsrichtlinien","status":"publish","type":"page","link":"https:\/\/tanriver.com.tr\/de\/ueber-uns\/unsere-qualitaetsrichtlinien\/","title":{"rendered":"Unsere Qualit\u00e4tsrichtlinien"},"content":{"rendered":"<div class=\"wpb-content-wrapper\"><p>[vc_row][vc_column width=&#8220;1\/4&#8243;][vc_wp_custommenu nav_menu=&#8220;61&#8243;][\/vc_column][vc_column width=&#8220;3\/4&#8243;][vc_column_text text_larger=&#8220;no&#8220;]Unsere Qualit\u00e4tsrichtlinien Bereitstellung von Qualit\u00e4tsausr\u00fcstung durch Sicherstellung der Qualit\u00e4tskontrolle aller Schritte in Gesch\u00e4ftsprozessen im Rahmen des 360-Grad-Qualit\u00e4tsverst\u00e4ndnisses, Qualit\u00e4tsdienstverst\u00e4ndnis und Qualit\u00e4tsgesch\u00e4ftspartner arbeiten auf der Grundlage gemeinsamer Studien.<\/p>\n<p>Seit dem ersten Tag arbeiten wir mit Herstellerunternehmen zusammen, die Qualit\u00e4tsstandards einhalten und internationale Kriterien im Produktionsprozess unserer Maschienen erf\u00fcllen. Bei unserem Prinzip der Ger\u00e4teversorgung, Ger\u00e4teinstallation vom bein biz zum ende -Service legen wir stets Wert auf Qualit\u00e4t.<\/p>\n<p>Tanriver Hygieneausr\u00fcstungen, Entspricht den HACCP- und BRC-Kriterien, dh \u201eGefahrenanalyse und kritische Kontrollpunkte\u201c, und den Anforderungen des Sicherheitssystems, die die f\u00fcr eine gesunde Lebensmittelproduktion erforderlichen Hygieneregeln festlegen.<\/p>\n<p>Gleichzeitig die Regeln, die bei der Herstellung, Verarbeitung, Konservierung und Verteilung von Lebensmitteln in den Einrichtungen unserer Kunden eingehalten werden m\u00fcssen. und liefert die Ger\u00e4te, die dem ISO 22000-Managementsystem f\u00fcr Lebensmittelsicherheit entsprechen und die Ma\u00dfnahmen angeben.<br \/>\n[\/vc_column_text][\/vc_column][\/vc_row]<\/p>\n<\/div>","protected":false},"excerpt":{"rendered":"<p>[vc_row][vc_column width=&#8220;1\/4&#8243;][vc_wp_custommenu nav_menu=&#8220;61&#8243;][\/vc_column][vc_column width=&#8220;3\/4&#8243;][vc_column_text text_larger=&#8220;no&#8220;]Unsere Qualit\u00e4tsrichtlinien Bereitstellung von Qualit\u00e4tsausr\u00fcstung durch Sicherstellung der Qualit\u00e4tskontrolle aller Schritte in Gesch\u00e4ftsprozessen im Rahmen des<\/p>\n","protected":false},"author":1,"featured_media":0,"parent":14879,"menu_order":0,"comment_status":"closed","ping_status":"closed","template":"","meta":{"footnotes":""},"class_list":["post-15180","page","type-page","status-publish","hentry"],"_links":{"self":[{"href":"https:\/\/tanriver.com.tr\/de\/wp-json\/wp\/v2\/pages\/15180","targetHints":{"allow":["GET"]}}],"collection":[{"href":"https:\/\/tanriver.com.tr\/de\/wp-json\/wp\/v2\/pages"}],"about":[{"href":"https:\/\/tanriver.com.tr\/de\/wp-json\/wp\/v2\/types\/page"}],"author":[{"embeddable":true,"href":"https:\/\/tanriver.com.tr\/de\/wp-json\/wp\/v2\/users\/1"}],"replies":[{"embeddable":true,"href":"https:\/\/tanriver.com.tr\/de\/wp-json\/wp\/v2\/comments?post=15180"}],"version-history":[{"count":0,"href":"https:\/\/tanriver.com.tr\/de\/wp-json\/wp\/v2\/pages\/15180\/revisions"}],"up":[{"embeddable":true,"href":"https:\/\/tanriver.com.tr\/de\/wp-json\/wp\/v2\/pages\/14879"}],"wp:attachment":[{"href":"https:\/\/tanriver.com.tr\/de\/wp-json\/wp\/v2\/media?parent=15180"}],"curies":[{"name":"wp","href":"https:\/\/api.w.org\/{rel}","templated":true}]}}