{"id":14879,"date":"2017-09-22T13:16:43","date_gmt":"2017-09-22T13:16:43","guid":{"rendered":"http:\/\/tanriver.com.tr\/hakkimizda\/"},"modified":"2020-05-18T20:33:15","modified_gmt":"2020-05-18T20:33:15","slug":"ueber-uns","status":"publish","type":"page","link":"https:\/\/tanriver.com.tr\/de\/ueber-uns\/","title":{"rendered":"\u00dcber uns"},"content":{"rendered":"<div class=\"wpb-content-wrapper\"><p>[vc_row][vc_column][vc_empty_space height=&#8220;120px&#8220; woodmart_hide_large=&#8220;0&#8243; woodmart_hide_medium=&#8220;0&#8243; woodmart_hide_small=&#8220;1&#8243; woodmart_hide_extra_small=&#8220;1&#8243;][\/vc_column][\/vc_row][vc_row full_width=&#8220;stretch_row&#8220; content_placement=&#8220;middle&#8220; css=&#8220;.vc_custom_1589658253808{margin-bottom: 8vh !important;padding-top: 4vh !important;padding-bottom: 4vh !important;background-image: url(http:\/\/tanriver.com.tr\/wp-content\/uploads\/2020\/04\/digita-app-row-bg-1.jpg?id=3060) !important;background-position: center !important;background-repeat: no-repeat !important;background-size: cover !important;}&#8220; mobile_bg_img_hidden=&#8220;no&#8220; tablet_bg_img_hidden=&#8220;no&#8220; woodmart_parallax=&#8220;0&#8243; woodmart_gradient_switch=&#8220;no&#8220; row_reverse_mobile=&#8220;0&#8243; row_reverse_tablet=&#8220;0&#8243; woodmart_disable_overflow=&#8220;0&#8243;][vc_column width=&#8220;1\/2&#8243; css=&#8220;.vc_custom_1509706006043{padding-top: 0px !important;}&#8220;][vc_empty_space height=&#8220;4vh&#8220; woodmart_hide_large=&#8220;1&#8243; woodmart_hide_medium=&#8220;1&#8243;][vc_single_image image=&#8220;3073&#8243; img_size=&#8220;full&#8220; alignment=&#8220;center&#8220; css=&#8220;.vc_custom_1586179812541{margin-bottom: -12vh !important;}&#8220; parallax_scroll=&#8220;no&#8220;][vc_empty_space height=&#8220;13vh&#8220; woodmart_hide_large=&#8220;1&#8243; woodmart_hide_medium=&#8220;1&#8243;][\/vc_column][vc_column width=&#8220;1\/2&#8243; woodmart_color_scheme=&#8220;light&#8220; css=&#8220;.vc_custom_1509705894158{padding-top: 4vh !important;padding-bottom: 4vh !important;}&#8220;]\n\t\t<div id=\"wd-5ec2f0a1ebd90\" class=\"title-wrapper wd-wpb wd-set-mb reset-last-child  wd-rs-5ec2f0a1ebd90 wd-title-color-default wd-title-style-default text-left vc_custom_1589833930163 wd-underline-colored\">\n\t\t\t\n\t\t\t<div class=\"liner-continer\">\n\t\t\t\t<h4 class=\"woodmart-title-container title  wd-font-weight-400 wd-fontsize-l\" >In mehr als 50 L\u00e4ndern auf 3 Kontinenten<\/h4>\n\t\t\t\t\t\t\t<\/div>\n\t\t\t\n\t\t\t\t\t\t\t<div class=\"title-after_title reset-last-child  wd-fontsize-xs\">Wir produzieren hohe Standards an hygienetechnologien f\u00fcr mehr als 2000 Unternehmen, die Bedeutung f\u00fcr die menschliche Gesundheit und hygiene geben. Wir bieten passende L\u00f6sungen nicht nur in hochpr\u00e4zisen Bereichen wie Gesundheit und Lebensmittel, sondern in allen Branchen vom verpackungs artikel bis zur Elektronik \u00fcberall wo Hygiene ben\u00f6tigt wird.<\/div>\n\t\t\t\n\t\t\t\n\t\t<\/div>\n\t\t\n\t\t[\/vc_column][\/vc_row][vc_row][vc_column width=&#8220;1\/4&#8243;][vc_wp_custommenu nav_menu=&#8220;61&#8243;][\/vc_column][vc_column width=&#8220;3\/4&#8243;][vc_column_text text_larger=&#8220;no&#8220;]<strong>Unsere Markenreise Von Lokal Nach Global<\/strong><br \/>\nVor Jahren, als kleines lokales Unternehmen, sahen wir die Bed\u00fcrfnisse des Landes nach Hygieneausr\u00fcstung und lieferten Produkte f\u00fcr Unternehmen, Heute produzieren wir Qualit\u00e4t, Mehrwert Hygiene \u00dcbergangstechnik, die sich weltweit bew\u00e4hrt hat.<\/p>\n<p>Seit dem ersten Tag, an dem wir der Produktion begonnen haben, haben wir uns zu einem Global Player entwickelt, in dem wir die richtigen Schritte in Richtung Branchentrends gemacht haben. Seit 20 Jahren bringen wir mit den Unternehmen in unserem Land die Besten Hygiene L\u00f6sungen der Welt zusammen und sind stolz darauf, unsere eigene Hygienetechnologie zu produzieren. Dank unsere 100% inl\u00e4ndischen Produktionsst\u00e4tte bieten wir den Vorteil eine schnellen Produktion und Lieferung, in dem wir Projektplanungsarbeiten f\u00fcr den Standort Ihrer Fabrik oder Ihres Werks in gesch\u00e4fts- und projektbasierten Produktionen au\u00dferhalb der Standards durchf\u00fchren. Unser umfangreiches Ersatzteil- und Serviceangebot zeigt unseren Unterschied in unserem schnellen und leicht zug\u00e4nglichen Kundenbetreuung in flexiblen Zeitzonen.<\/p>\n<p>Unsere Produkte werden nicht nur in der T\u00fcrkei, sondern t\u00e4glich in mehr als 50 L\u00e4ndern, 3 Kontinenten sowie <em>Amerika, S\u00fcdafrika, Malaysia, Pakistan, Deutschland, Aserbaidschan, Tunesien, Libyen, Saudi-Arabien, \u00c4gypten, Albanien<\/em> und mehr als 50 Laender eingesetzt . Wir beweisen unseren Erfolg auf unserem Gebiet, indem wir viele f\u00fchrende Unternehmen, insbesondere im Lebensmittel -, Pharma- und Dienstleistungsbereich, betreuen. Wir sind weiterhin das erste Unternehmen, das Dank des Vertrauens unserer Unternehmen und unserer Marke zum Zeitpunkt der Not in den Sinn kommt. Unsere Produkte werden immer wieder bei der Installation von Sanit\u00e4rleitungen bevorzugt.<\/p>\n<p><strong>Wir sch\u00e4tzen es<br \/>\n<\/strong>Durch den Aufbau langfristiger Beziehungen zu unseren Gesch\u00e4ftspartnern und Stakeholdern k\u00f6nnen wir starke und robuste Schritte in die Zukunft Unternehmen. In diesem Zusammenhang bieten wir nicht nur spezifische L\u00f6sungen, die unsere Gesch\u00e4ftspartner t\u00e4glich effektiv ansprechen, sondern Ihnen auch helfen, die geforderten Qualit\u00e4tsstandards zu erf\u00fcllen und Effizienz zu erzielen. Denn wir erkennen und sch\u00e4tzen unsere Kunden, Ihre spezifischen Bed\u00fcrfnisse und die Branchen, in denen Sie t\u00e4tig sind.<\/p>\n<p><strong>Unser Ziel ist es,<br \/>\n<\/strong>Als eines der weltweit f\u00fchrenden Unternehmen im Bereich Hygieneausr\u00fcstung; Entwicklung unserer un\u00fcbertroffenen Produkt-, Anwendungs- und Servicekompetenz, Bereitstellung spezieller und qualitativ hochwertiger L\u00f6sungen f\u00fcr jeden Kunden, um unsere seit 20 Jahren erfolgreich durchgef\u00fchrte T\u00e4tigkeit fortzusetzen.[\/vc_column_text][\/vc_column][\/vc_row][vc_row][vc_column][vc_empty_space height=&#8220;10px&#8220; woodmart_hide_large=&#8220;0&#8243; woodmart_hide_medium=&#8220;0&#8243; woodmart_hide_small=&#8220;0&#8243; woodmart_hide_extra_small=&#8220;0&#8243;][\/vc_column][\/vc_row][vc_row full_width=&#8220;stretch_row&#8220; content_placement=&#8220;middle&#8220; row_reverse_mobile=&#8220;1&#8243; css=&#8220;.vc_custom_1535036272673{background-color: #fafafa !important;}&#8220;][vc_column woodmart_text_align=&#8220;center&#8220; css=&#8220;.vc_custom_1535036116201{padding-top: 0px !important;padding-bottom: 0px !important;}&#8220; offset=&#8220;vc_col-md-6&#8243;][vc_empty_space height=&#8220;8vh&#8220; woodmart_hide_extra_small=&#8220;1&#8243;]\n\t\t<div id=\"wd-5ec2f0d83cd7e\" class=\"title-wrapper wd-wpb wd-set-mb reset-last-child  wd-rs-5ec2f0d83cd7e wd-title-color-default wd-title-style-default text-center vc_custom_1589833989270 wd-underline-colored\">\n\t\t\t\t\t\t\t\n\t\t\t\t<div class=\"title-subtitle  subtitle-color-default font-default subtitle-style-default wd-font-weight-300 wd-fontsize-xs\">\u00dcBERALL AUF DER WELT<\/div>\n\t\t\t\n\t\t\t<div class=\"liner-continer\">\n\t\t\t\t<h4 class=\"woodmart-title-container title  wd-font-weight-600 wd-fontsize-l\" >Wir halten Ihre hygiene<br \/>\nseit 20 Jahren sicher.<\/h4>\n\t\t\t\t\t\t\t<\/div>\n\t\t\t\n\t\t\t\t\t\t\t<div class=\"title-after_title reset-last-child  wd-fontsize-xs\">In mehr als 50 L\u00e4ndern auf 3 Kontinenten produzieren wir hohe Standards an hygienetechnologien f\u00fcr \u00fcber 2000 Unternehmen, die sich um die menschliche Gesundheit und hygiene bei ihrer herstellung k\u00fcmmern.<\/div>\n\t\t\t\n\t\t\t\n\t\t<\/div>\n\t\t\n\t\t[vc_empty_space height=&#8220;8vh&#8220; woodmart_hide_small=&#8220;1&#8243;][\/vc_column][vc_column css=&#8220;.vc_custom_1586255794004{padding-top: 8vh !important;padding-bottom: 8vh !important;background-image: url(http:\/\/tanriver.com.tr\/wp-content\/uploads\/2020\/04\/video-bg-vector-1.png?id=3365) !important;background-position: center !important;background-repeat: no-repeat !important;background-size: contain !important;}&#8220; offset=&#8220;vc_col-md-6&#8243; mobile_bg_img_hidden=&#8220;no&#8220; tablet_bg_img_hidden=&#8220;no&#8220; woodmart_parallax=&#8220;0&#8243; woodmart_sticky_column=&#8220;false&#8220; parallax_scroll=&#8220;no&#8220; mobile_reset_margin=&#8220;no&#8220; tablet_reset_margin=&#8220;no&#8220;][vc_row_inner][vc_column_inner css=&#8220;.vc_custom_1535036665869{padding-top: 0px !important;}&#8220; offset=&#8220;vc_col-lg-offset-1 vc_col-lg-10 vc_col-md-12&#8243;][vc_video link=&#8220;https:\/\/vimeo.com\/418823804&#8243; align=&#8220;center&#8220; poster_image=&#8220;3379&#8243; image_poster_switch=&#8220;yes&#8220; img_size=&#8220;full&#8220; css=&#8220;.vc_custom_1589537739609{margin-bottom: 0px !important;}&#8220;][\/vc_column_inner][\/vc_row_inner][\/vc_column][\/vc_row]<\/p>\n<\/div>","protected":false},"excerpt":{"rendered":"<p>[vc_row][vc_column][vc_empty_space height=&#8220;120px&#8220; woodmart_hide_large=&#8220;0&#8243; woodmart_hide_medium=&#8220;0&#8243; woodmart_hide_small=&#8220;1&#8243; woodmart_hide_extra_small=&#8220;1&#8243;][\/vc_column][\/vc_row][vc_row full_width=&#8220;stretch_row&#8220; content_placement=&#8220;middle&#8220; css=&#8220;.vc_custom_1589658253808{margin-bottom: 8vh !important;padding-top: 4vh !important;padding-bottom: 4vh !important;background-image: url(http:\/\/tanriver.com.tr\/wp-content\/uploads\/2020\/04\/digita-app-row-bg-1.jpg?id=3060) !important;background-position: center !important;background-repeat: no-repeat<\/p>\n","protected":false},"author":1,"featured_media":0,"parent":0,"menu_order":0,"comment_status":"closed","ping_status":"closed","template":"","meta":{"footnotes":""},"class_list":["post-14879","page","type-page","status-publish","hentry"],"_links":{"self":[{"href":"https:\/\/tanriver.com.tr\/de\/wp-json\/wp\/v2\/pages\/14879","targetHints":{"allow":["GET"]}}],"collection":[{"href":"https:\/\/tanriver.com.tr\/de\/wp-json\/wp\/v2\/pages"}],"about":[{"href":"https:\/\/tanriver.com.tr\/de\/wp-json\/wp\/v2\/types\/page"}],"author":[{"embeddable":true,"href":"https:\/\/tanriver.com.tr\/de\/wp-json\/wp\/v2\/users\/1"}],"replies":[{"embeddable":true,"href":"https:\/\/tanriver.com.tr\/de\/wp-json\/wp\/v2\/comments?post=14879"}],"version-history":[{"count":0,"href":"https:\/\/tanriver.com.tr\/de\/wp-json\/wp\/v2\/pages\/14879\/revisions"}],"wp:attachment":[{"href":"https:\/\/tanriver.com.tr\/de\/wp-json\/wp\/v2\/media?parent=14879"}],"curies":[{"name":"wp","href":"https:\/\/api.w.org\/{rel}","templated":true}]}}