{"id":14795,"date":"2020-05-08T13:14:57","date_gmt":"2020-05-08T10:14:57","guid":{"rendered":"http:\/\/tanriver.com.tr\/urun\/galos-bone-unitesi\/"},"modified":"2020-05-28T23:18:43","modified_gmt":"2020-05-28T20:18:43","slug":"galos-bone-unitesi","status":"publish","type":"product","link":"https:\/\/tanriver.com.tr\/ar\/urun\/galos-bone-unitesi\/","title":{"rendered":"Galo\u015f Bone Maske Dolab\u0131"},"content":{"rendered":"<p>\u2022 \u00c7\u00f6p Koval\u0131 Maske Galo\u015f<br \/>\n\u2022 AISI 304 Paslanmaz \u00c7elik<br \/>\n\u2022 0,80mm Kal\u0131nl\u0131k<br \/>\n\u2022 Duvara monte<\/p>\n<p><strong>\u00dcr\u00fcn ayr\u0131nt\u0131s\u0131<\/strong><br \/>\nBoyut (cm) 36,6x36x15,5cm<br \/>\nA\u011f\u0131rl\u0131k (kg) 8,80<\/p>\n<p><strong>Kutu Detaylar\u0131<\/strong><br \/>\nBoyut (cm) 54x52x45 9,50<br \/>\nA\u011f\u0131rl\u0131k (kg) 9,50<\/p>\n","protected":false},"excerpt":{"rendered":"<p>\u2022 \u00c7\u00f6p Koval\u0131 Maske Galo\u015f<br \/>\n\u2022 AISI 304 Paslanmaz \u00c7elik<br \/>\n\u2022 0,80mm Kal\u0131nl\u0131k<br \/>\n\u2022 Duvara monte<\/p>\n","protected":false},"featured_media":10085,"template":"","meta":[],"product_brand":[],"product_cat":[116],"product_tag":[173,174,175,176],"class_list":{"0":"post-14795","1":"product","2":"type-product","3":"status-publish","4":"has-post-thumbnail","6":"product_cat-other-products","7":"product_tag-bonelik-ar","8":"product_tag-galos-bone-unitesi-ar","9":"product_tag-galosluk-ar","10":"product_tag-maske-unitesi-ar","12":"first","13":"instock","14":"shipping-taxable","15":"purchasable","16":"product-type-simple"},"_links":{"self":[{"href":"https:\/\/tanriver.com.tr\/ar\/wp-json\/wp\/v2\/product\/14795","targetHints":{"allow":["GET"]}}],"collection":[{"href":"https:\/\/tanriver.com.tr\/ar\/wp-json\/wp\/v2\/product"}],"about":[{"href":"https:\/\/tanriver.com.tr\/ar\/wp-json\/wp\/v2\/types\/product"}],"wp:featuredmedia":[{"embeddable":true,"href":"https:\/\/tanriver.com.tr\/ar\/wp-json\/wp\/v2\/media\/10085"}],"wp:attachment":[{"href":"https:\/\/tanriver.com.tr\/ar\/wp-json\/wp\/v2\/media?parent=14795"}],"wp:term":[{"taxonomy":"product_brand","embeddable":true,"href":"https:\/\/tanriver.com.tr\/ar\/wp-json\/wp\/v2\/product_brand?post=14795"},{"taxonomy":"product_cat","embeddable":true,"href":"https:\/\/tanriver.com.tr\/ar\/wp-json\/wp\/v2\/product_cat?post=14795"},{"taxonomy":"product_tag","embeddable":true,"href":"https:\/\/tanriver.com.tr\/ar\/wp-json\/wp\/v2\/product_tag?post=14795"}],"curies":[{"name":"wp","href":"https:\/\/api.w.org\/{rel}","templated":true}]}}