{"id":14787,"date":"2020-05-08T13:01:27","date_gmt":"2020-05-08T10:01:27","guid":{"rendered":"http:\/\/tanriver.com.tr\/urun\/acik-cati-cop-kovasi\/"},"modified":"2020-05-28T23:18:36","modified_gmt":"2020-05-28T20:18:36","slug":"acik-cati-cop-kovasi","status":"publish","type":"product","link":"https:\/\/tanriver.com.tr\/ar\/urun\/acik-cati-cop-kovasi\/","title":{"rendered":"A\u00e7\u0131k \u00c7at\u0131 \u00c7\u00f6p Kovas\u0131"},"content":{"rendered":"","protected":false},"excerpt":{"rendered":"<div><strong>Kalite<\/strong>: 304\/430 Kalite Paslanmaz \u00c7elik<\/div>\n<div><strong>Y\u00fczey<\/strong>: Satine\/Parlak<\/div>\n<div><strong>Kapasite:\u00a0<\/strong>7\/11\/25\/36\/45 LT<\/div>\n<div><strong>Montaj \u015eekli:<\/strong>\u00a0Ask\u0131l\u0131\/Ask\u0131s\u0131z<\/div>\n","protected":false},"featured_media":10066,"template":"","meta":[],"product_brand":[],"product_cat":[116],"product_tag":[],"class_list":{"0":"post-14787","1":"product","2":"type-product","3":"status-publish","4":"has-post-thumbnail","6":"product_cat-other-products","8":"first","9":"instock","10":"shipping-taxable","11":"purchasable","12":"product-type-simple"},"_links":{"self":[{"href":"https:\/\/tanriver.com.tr\/ar\/wp-json\/wp\/v2\/product\/14787","targetHints":{"allow":["GET"]}}],"collection":[{"href":"https:\/\/tanriver.com.tr\/ar\/wp-json\/wp\/v2\/product"}],"about":[{"href":"https:\/\/tanriver.com.tr\/ar\/wp-json\/wp\/v2\/types\/product"}],"wp:featuredmedia":[{"embeddable":true,"href":"https:\/\/tanriver.com.tr\/ar\/wp-json\/wp\/v2\/media\/10066"}],"wp:attachment":[{"href":"https:\/\/tanriver.com.tr\/ar\/wp-json\/wp\/v2\/media?parent=14787"}],"wp:term":[{"taxonomy":"product_brand","embeddable":true,"href":"https:\/\/tanriver.com.tr\/ar\/wp-json\/wp\/v2\/product_brand?post=14787"},{"taxonomy":"product_cat","embeddable":true,"href":"https:\/\/tanriver.com.tr\/ar\/wp-json\/wp\/v2\/product_cat?post=14787"},{"taxonomy":"product_tag","embeddable":true,"href":"https:\/\/tanriver.com.tr\/ar\/wp-json\/wp\/v2\/product_tag?post=14787"}],"curies":[{"name":"wp","href":"https:\/\/api.w.org\/{rel}","templated":true}]}}