{"id":14778,"date":"2020-05-05T14:29:44","date_gmt":"2020-05-05T11:29:44","guid":{"rendered":"http:\/\/tanriver.com.tr\/urun\/mekanik-sivi-sabunluk\/"},"modified":"2020-05-28T23:18:29","modified_gmt":"2020-05-28T20:18:29","slug":"mekanik-sivi-sabunluk","status":"publish","type":"product","link":"https:\/\/tanriver.com.tr\/ar\/urun\/mekanik-sivi-sabunluk\/","title":{"rendered":"Mekanik S\u0131v\u0131 Sabunluk"},"content":{"rendered":"<p>S\u0131v\u0131 Sabunluk<\/p>\n<p>P\u00fcr\u00fcs\u00fcz y\u00fczey, Manuel Pompa<\/p>\n<p>Kalite: 304 Kalite Paslanmaz \u00c7elik<br \/>\nY\u00fczey: Satine\/Parlak<br \/>\nKapasite: 500ml\/1000ml<br \/>\n\u00d6l\u00e7\u00fc: 15.5&#215;5.5&#215;10 cm<br \/>\nMontaj \u015fekli: Duvara Monte<\/p>\n","protected":false},"excerpt":{"rendered":"<p>Sade ve modern tasar\u0131m<br \/>\nUzun \u00f6m\u00fcrl\u00fc ve performans i\u00e7in standart kalite paslanmaz \u00e7elik<br \/>\nManuel pompa basarak \u00e7al\u0131\u015f\u0131r<br \/>\nSabun seviye g\u00f6stergesi<br \/>\nYedek par\u00e7a sat\u0131\u015f\u0131 mevcuttur<br \/>\nRahat, basit, tutumlu, hijyenik ve \u00e7evreye uyumlu<br \/>\nHastane, ev, okul, otel, al\u0131\u015fveri\u015f merkezleri ve toplu kullan\u0131m alanlar\u0131 i\u00e7in uygundur<\/p>\n","protected":false},"featured_media":9872,"template":"","meta":[],"product_brand":[],"product_cat":[116],"product_tag":[],"class_list":{"0":"post-14778","1":"product","2":"type-product","3":"status-publish","4":"has-post-thumbnail","6":"product_cat-other-products","8":"first","9":"instock","10":"shipping-taxable","11":"purchasable","12":"product-type-simple"},"_links":{"self":[{"href":"https:\/\/tanriver.com.tr\/ar\/wp-json\/wp\/v2\/product\/14778","targetHints":{"allow":["GET"]}}],"collection":[{"href":"https:\/\/tanriver.com.tr\/ar\/wp-json\/wp\/v2\/product"}],"about":[{"href":"https:\/\/tanriver.com.tr\/ar\/wp-json\/wp\/v2\/types\/product"}],"wp:featuredmedia":[{"embeddable":true,"href":"https:\/\/tanriver.com.tr\/ar\/wp-json\/wp\/v2\/media\/9872"}],"wp:attachment":[{"href":"https:\/\/tanriver.com.tr\/ar\/wp-json\/wp\/v2\/media?parent=14778"}],"wp:term":[{"taxonomy":"product_brand","embeddable":true,"href":"https:\/\/tanriver.com.tr\/ar\/wp-json\/wp\/v2\/product_brand?post=14778"},{"taxonomy":"product_cat","embeddable":true,"href":"https:\/\/tanriver.com.tr\/ar\/wp-json\/wp\/v2\/product_cat?post=14778"},{"taxonomy":"product_tag","embeddable":true,"href":"https:\/\/tanriver.com.tr\/ar\/wp-json\/wp\/v2\/product_tag?post=14778"}],"curies":[{"name":"wp","href":"https:\/\/api.w.org\/{rel}","templated":true}]}}