{"id":14729,"date":"2020-05-05T14:24:02","date_gmt":"2020-05-05T11:24:02","guid":{"rendered":"http:\/\/tanriver.com.tr\/urun\/optik-turnike\/"},"modified":"2021-08-12T16:06:13","modified_gmt":"2021-08-12T13:06:13","slug":"optik-turnike","status":"publish","type":"product","link":"https:\/\/tanriver.com.tr\/ar\/urun\/optik-turnike\/","title":{"rendered":"Optik Turnike"},"content":{"rendered":"<p><strong>TNR HCT SER\u0130S\u0130 \u00a0STANDART DONANIM VE \u00d6ZELL\u0130KLER:<\/strong><\/p>\n<ul>\n<li>ENERJ\u0130: 220 VAC 50\/60 Hz Opsiyonel 110 VAC.<\/li>\n<li>G\u00dc\u00c7 T\u00dcKET\u0130M: Maximum 25 Watt Minimum 10 Wat.<\/li>\n<li>G\u00fc\u00e7 Kayna\u011f\u0131: 220 Vac 50\/60Hz swich mode adapt\u00f6r.<\/li>\n<li>G\u00fc\u00e7 Oranlar\u0131: Maximum 50 Watt \u2013 Minimum 3 Watt.<\/li>\n<li>Dahili Voltaj:24V DC maximum.<\/li>\n<li>\u00c7ALI\u015eMA ISISI: -20\u00b0 to +55\u00b0 C ( LTT HT \u0131s\u0131t\u0131c\u0131 opsiyonu ile -40 \u00b0 C ye kadar )<\/li>\n<li>\u00c7ALI\u015eMA Y\u00d6N\u00dc: Her \u0130ki y\u00f6nden giri\u015f-\u00e7\u0131k\u0131\u015f i\u00e7in uygundur.<\/li>\n<li>\u015e\u00dcR\u00dc\u015e: Yetki sinyali geldi\u011finde DC Motor devreye girer, son derece sessiz bir \u015fekilde kanatlar a\u00e7\u0131k konuma gelir, ki\u015fi ge\u00e7i\u015fini g\u00f6vde \u00fczerine monte edilen fotoseller ile alg\u0131layan mekanizma ge\u00e7i\u015f tamamlanmadan kanat aras\u0131nda canl\u0131 veya cans\u0131z herhangi bir cisim varsa kanatlar asla kapanmaz, sistemi yan\u0131ltarak kapanmas\u0131 sa\u011flansa bile ki\u015fiye hi\u00e7bir zarar vermeyecek kadar az bir kuvvetle hareket eder, ayn\u0131 zamanda eksantrik hareket sistemi sayesinde kanatlar tamamen kapal\u0131 konumdayken man\u00fcel bir m\u00fcdahale ile asla a\u00e7\u0131lamaz.<\/li>\n<li>EKAN\u0130ZMA: DC Motorlu micro i\u015flemci kontroll\u00fc son derece sessiz ve minimum s\u00fcrt\u00fcnme oran\u0131 ile eksantrik \u00e7al\u0131\u015fan mekanizmas\u0131 kasan\u0131n i\u00e7 k\u0131sm\u0131na yerle\u015ftirilmi\u015ftir, mekanizma \u00fczerindeki ind\u00fcktif sens\u00f6rler sayesinde kanat pozisyonu ile ilgili rahatl\u0131kla bilgi al\u0131nabilir muazzam bir sessizlik ile \u00e7al\u0131\u015fan yeni dizayn mekanizmas\u0131 uzun y\u0131llar sorunsuzca \u00e7al\u0131\u015fabilir.<\/li>\n<li>AC\u0130L DURUM: Turnike ana kart \u00fczerinde acil durum kontak giri\u015fi mevcuttur, bu giri\u015fe yang\u0131n deprem gibi acil durum sistemlerine ba\u011flanabilir. B\u00f6ylelikle acil durum konta\u011f\u0131 geldi\u011finde indikat\u00f6rler ye\u015fil olarak yanar ve turnike her iki y\u00f6ne serbest ge\u00e7i\u015f konuma ge\u00e7er.<\/li>\n<li>\u0130ND\u0130KAT\u00d6RLER: \u00dcst tabla \u00fczerine y\u00fczeye s\u0131f\u0131r yerle\u015ftirilen yar\u0131 \u015feffaf f\u00fcme cam alt\u0131na yerle\u015ftirilen led \u0131\u015f\u0131kl\u0131 g\u00f6stergeler turnikenin OF-ON durumu hakk\u0131nda bilgi verir. Yetki sinyali geldi\u011finde ye\u015fil ok \u015feklinde ge\u00e7i\u015fin serbest oldu\u011funu ifade eder, yetki sinyalinin gelmedi\u011fi bekleme s\u00fcrelerinde ise daima k\u0131rm\u0131z\u0131 x \u015feklinde ge\u00e7i\u015fin serbest olmad\u0131\u011f\u0131n\u0131 ifade eder.<\/li>\n<li>KASA: ASI 304 kalite paslanmaz \u00e7elik ana s\u00fctunlar, ara direkler ve \u00fcst kapak, ayr\u0131ca yan kapaklar 5 mm siyah pileksi malzemeden standart olarak \u00fcretilmektedir, m\u00fc\u015fteri iste\u011fine ba\u011fl\u0131 de\u011fi\u015ftirilebilir.<\/li>\n<\/ul>\n<p>&nbsp;<\/p>\n<p><strong>OPS\u0130YONEL DONANIM VE \u00d6ZELL\u0130KLER:<\/strong><\/p>\n<ul>\n<li>ENERJ\u0130 KES\u0130NT\u0130S\u0130: \u0130ste\u011fe ba\u011fl\u0131 harici bir g\u00fc\u00e7 kayna\u011f\u0131 devresi ba\u011flanabilir, b\u00f6ylece elektrik kesildi\u011finde turnike kanatlar\u0131 otomatikman a\u00e7\u0131k konuma gelir.<\/li>\n<li>UZAKTAN KUMANDA: Harici bir uzaktan kumanda kolayca kontrol edilebilir, al\u0131c\u0131 \u00fcnite ise turnike i\u00e7erisindeki ana karta kolayca ba\u011flanabilir.<\/li>\n<li>POL\u0130KARBONAT KANAT: Kur\u015fun ge\u00e7irmez 10 mm \u015feffaf polikarbonat kanat sayesinde k\u0131r\u0131lmaya kar\u015f\u0131 en az 5 kat daha dayan\u0131kl\u0131.<\/li>\n<li>TEMPERL\u0130 CAM KANAT: M\u00fc\u015fteri iste\u011fine ba\u011fl\u0131 10mm temperli cam kanatl\u0131 \u00fcretilebilir.<\/li>\n<li>3 RENK \u015eER\u0130D LED I\u015eIK: G\u00f6vde i\u00e7erisine yerle\u015ftirilen k\u0131rm\u0131z\u0131, ye\u015fil, mavi olmak \u00fczere 3 renkli \u015ferit led ile kullan\u0131c\u0131 iste\u011fine ba\u011fl\u0131 fosforlu veya sabit \u0131\u015f\u0131k ile \u015feffaf turnike kanad\u0131 soft bir \u015fekilde ayd\u0131nlat\u0131l\u0131r bu opsiyon turnikenin \u015feffaf kanad\u0131na \u015f\u0131k bir g\u00f6r\u00fcn\u00fcm katmakla birlikte daha belirgin ve kolay fark edilebilir hale gelmesini sa\u011flar.<\/li>\n<li>LEZER LOGO \u0130\u015eLEMEL\u0130 KANAT: Pileksi kanat y\u00fczeyine kullan\u0131c\u0131 iste\u011fine ba\u011fl\u0131 lazer i\u015fleme logo veya yaz\u0131 i\u015flenebilir, b\u00f6ylece \u015feffaf pileksi kanat kolayca fark edilebilir hele gelir, ayr\u0131ca logo veya yaz\u0131 i\u015flemenin yan\u0131 s\u0131ra 3 renk \u015ferid led uyguland\u0131\u011f\u0131nda i\u015flemeler ve kanat \u00e7ok daha belirgin ve \u015f\u0131k bir g\u00f6r\u00fcn\u00fcm kazan\u0131r.<\/li>\n<li>\u00dcST TABLA: \u00d6zel elips kesim Granit &amp; mermer olarak talebe \u00f6zel birden fazla renk ve desen se\u00e7ene\u011fi ile \u00fcretilebilmektedir.<\/li>\n<li>KORUYUCU KILIF: D\u0131\u015f ve i\u00e7 ortamlarda \u00e7izilme ve s\u0131v\u0131 olas\u0131 s\u0131v\u0131 temas\u0131n\u0131 engellemek ama\u00e7l\u0131 \u00fcretilen \u00fcst tabla \u00fczerine koruyucu bir k\u0131l\u0131f ayr\u0131ca \u00f6zel olarak \u00fcretilebilmektedir.<\/li>\n<li>OKUYUCU CAMI: \u00dcst tabla \u00fczerine elips veya farkl\u0131 \u015fekil ve boyutlarda isteye ba\u011fl\u0131 lazer kesim pileksi okuyucu cam\u0131 yerle\u015ftirilebilir, ayr\u0131ca bu cam y\u00fczeye s\u0131f\u0131r veya iste\u011fe ba\u011fl\u0131 \u00e7\u0131k\u0131nt\u0131l\u0131 olarak \u00fcretilebilir.<\/li>\n<li>KONTROL: Ge\u00e7i\u015f tetiklemesi 12 VDC, 24 VDC, RS 232 -RS 442-485 ile direkt PC kontroll\u00fc \u00e7al\u0131\u015fabilir tek PC ile 256 adet turnike kontrol edilebilir. \u0130stenilirse t\u00fcm access kontrol \u00fcnitesi ve di\u011fer \u00e7evre birimleri ile kullan\u0131labilir. Ge\u00e7ilen y\u00f6ne bir data \u00e7\u0131k\u0131\u015f\u0131 vard\u0131r, bu \u00e7\u0131k\u0131\u015f dijital bir \u00e7\u0131k\u0131\u015f olabilece\u011fi gibi PC ile kontrolde direkt PC\u2019ye de g\u00f6nderilebilir.<\/li>\n<li>RENKLEND\u0130RME: Geni\u015f renk yelpazesi ile t\u00fcm modellerimiz m\u00fc\u015fteri iste\u011fine ba\u011fl\u0131 elektrostatik f\u0131r\u0131n boya ile renklendirilebilir.<\/li>\n<li>EXTRALAR: t\u00fcm turnike \u00e7e\u015fitlerinde Talebe \u00f6zel \u00e7\u00f6z\u00fcmler \u00fcretebilmektedir.<\/li>\n<\/ul>\n<p><strong>Not: Ekipmanlar\u0131m\u0131z hortum ve bas\u0131n\u00e7l\u0131 su ile y\u0131kanmamal\u0131d\u0131r.<\/strong><\/p>\n","protected":false},"excerpt":{"rendered":"<p>TNR HCT SER\u0130S\u0130 \u00a0STANDART DONANIM VE \u00d6ZELL\u0130KLER: ENERJ\u0130: 220 VAC 50\/60 Hz Opsiyonel 110 VAC. G\u00dc\u00c7 T\u00dcKET\u0130M: Maximum 25 Watt<\/p>\n","protected":false},"featured_media":9939,"template":"","meta":[],"product_brand":[],"product_cat":[126],"product_tag":[],"class_list":{"0":"post-14729","1":"product","2":"type-product","3":"status-publish","4":"has-post-thumbnail","6":"product_cat-turnstile-transition","8":"first","9":"instock","10":"shipping-taxable","11":"purchasable","12":"product-type-simple"},"_links":{"self":[{"href":"https:\/\/tanriver.com.tr\/ar\/wp-json\/wp\/v2\/product\/14729","targetHints":{"allow":["GET"]}}],"collection":[{"href":"https:\/\/tanriver.com.tr\/ar\/wp-json\/wp\/v2\/product"}],"about":[{"href":"https:\/\/tanriver.com.tr\/ar\/wp-json\/wp\/v2\/types\/product"}],"wp:featuredmedia":[{"embeddable":true,"href":"https:\/\/tanriver.com.tr\/ar\/wp-json\/wp\/v2\/media\/9939"}],"wp:attachment":[{"href":"https:\/\/tanriver.com.tr\/ar\/wp-json\/wp\/v2\/media?parent=14729"}],"wp:term":[{"taxonomy":"product_brand","embeddable":true,"href":"https:\/\/tanriver.com.tr\/ar\/wp-json\/wp\/v2\/product_brand?post=14729"},{"taxonomy":"product_cat","embeddable":true,"href":"https:\/\/tanriver.com.tr\/ar\/wp-json\/wp\/v2\/product_cat?post=14729"},{"taxonomy":"product_tag","embeddable":true,"href":"https:\/\/tanriver.com.tr\/ar\/wp-json\/wp\/v2\/product_tag?post=14729"}],"curies":[{"name":"wp","href":"https:\/\/api.w.org\/{rel}","templated":true}]}}