{"id":14555,"date":"2020-04-04T11:36:37","date_gmt":"2020-04-04T08:36:37","guid":{"rendered":"http:\/\/tanriver.com.tr\/urun\/personel-dolabi\/"},"modified":"2020-05-31T20:54:29","modified_gmt":"2020-05-31T17:54:29","slug":"%d8%ae%d8%b2%d8%a7%d9%86%d8%a9-%d8%a7%d9%84%d9%85%d9%88%d8%b8%d9%81%d9%8a%d9%86","status":"publish","type":"product","link":"https:\/\/tanriver.com.tr\/ar\/urun\/%d8%ae%d8%b2%d8%a7%d9%86%d8%a9-%d8%a7%d9%84%d9%85%d9%88%d8%b8%d9%81%d9%8a%d9%86\/","title":{"rendered":"\u062e\u0632\u0627\u0646\u0629 \u0627\u0644\u0645\u0648\u0638\u0641\u064a\u0646"},"content":{"rendered":"<p>\u0645\u0646\u062a\u062c\u0646\u0627 \u0647\u0630\u0627 \u0645\u0645\u0635\u0646\u0648\u0639 \u0645\u0646 \u0627\u0644\u0641\u0648\u0644\u0627\u0630 \u0627\u0644\u0645\u0636\u0627\u062f \u0644\u0644\u0635\u062f\u0623 \u062a\u0645\u0627\u0645\u0627\u064b\u00a0 , \u0645\u0642\u0627\u0648\u0645 \u0648 \u0630\u0648 \u0639\u0645\u0631 \u0637\u0648\u064a\u0644.<\/p>\n<p>\u062d\u0633\u0628 \u0637\u0644\u0628 \u0627\u0644\u0632\u0628\u0648\u0646 \u064a\u062a\u0645 \u0627\u0644\u062a\u0635\u0646\u064a\u0639 \u0628\u0623\u0628\u0639\u0627\u062f \u0648 \u0639\u062f\u062f \u062a\u0642\u0633\u064a\u0645\u0627\u062a \u0645\u062a\u0646\u0648\u0639 \u0643\u0645\u0627 \u064a\u0645\u0643\u0646 \u062a\u0631\u0643\u064a\u0628 \u062d\u0648\u0627\u062c\u0632 \u0628\u064a\u0646 \u0627\u0644\u0628\u0648\u0627\u0628\u0627\u062a (\u0645\u0636\u0627\u062f\u0629 \u0644\u0644\u0635\u062f\u0623 \u0643\u0630\u0643)<\/p>\n<p>\u062e\u0632\u0627\u0646\u0629 \u0627\u0644\u0645\u0648\u0638\u0641\u064a\u0646 \u0627\u0644\u0645\u0635\u0645\u0645\u0629 \u0628\u0623\u0628\u0639\u0627\u062f \u062d\u0633\u0628 \u0627\u0644\u0631\u063a\u0628\u0629 \u062a\u0648\u0641\u0631 \u062d\u0644\u0627\u064b \u0622\u0645\u0646\u0627\u064b \u0648 \u0633\u0647\u0644\u0627\u064b \u0644\u0645\u0633\u0627\u0639\u062f\u0629 \u0627\u0644\u0645\u0648\u0638\u0641\u064a\u0646 \u0639\u0644\u0649 \u0627\u0644\u0645\u062d\u0627\u0641\u0632\u0629 \u0639\u0644\u0649 \u0645\u0644\u0627\u0628\u0633 \u0648 \u0623\u062d\u0630\u064a\u0629 \u0627\u0644\u0639\u0645\u0644 , \u0627\u0644\u0628\u0648\u0627\u0628\u0627\u062a \u0645\u0642\u0633\u0645\u0629 \u062f\u0627\u062e\u0644\u064a\u0627\u064b \u0625\u0644\u0649 \u0642\u0645\u0633\u0645\u064a\u0646 \u0644\u0644\u0645\u0644\u0627\u0628\u0633 \u0627\u0644\u0646\u0638\u064a\u0641\u0629 \u0648 \u0627\u0644\u0645\u0633\u062a\u062e\u062f\u0645\u0629 \u0643\u0645\u0627 \u064a\u0648\u062c\u062f \u0646\u0638\u0627\u0645 \u062a\u0647\u0648\u064a\u0629 \u0645\u0627\u0627\u0633\u0628 \u0645\u0646 \u062e\u0644\u0627\u0644 \u0627\u0644\u062b\u0642\u0648\u0628 \u0645\u0645\u0627 \u064a\u0648\u0641\u0631 \u0627\u0633\u062a\u062e\u062f\u0627\u0645 \u0630\u0648 \u0631\u0627\u062d\u0629 \u0641\u0627\u0626\u0642\u0629<\/p>\n<p><strong>\u0645\u0648\u0627\u0635\u0641\u0627\u062a \u062e\u0632\u0627\u0646\u0629 \u0627\u0644\u0645\u0648\u0638\u0641\u064a\u0646<\/strong><\/p>\n<p>\u0625\u0646 \u0645\u0646\u062a\u062c\u0627\u062a \u062e\u0632\u0627\u0626\u0646 \u0627\u0644\u0645\u0648\u0638\u0641\u064a\u0646 \u062a\u0648\u0641\u0631 \u062e\u064a\u0627\u0631\u0627\u062a \u0642\u0641\u0644 \u0645\u062a\u0639\u062f\u062f\u0629 \u0643\u0645\u0627 \u064a\u0648\u0641\u0631 \u0645\u0642\u0637\u0639\u0627\u064b \u062e\u0627\u0635\u0627\u064b \u0644\u062d\u0641\u0638 \u062e\u0648\u0630\u0629 \u0627\u0644\u0639\u0645\u0644 \u0648 \u062b\u0644\u0627\u062b \u0639\u0644\u0627\u0642\u0627\u062a \u0645\u0646\u062d\u0646\u064a\u0629. \u0645\u0637\u0627\u0628\u0642\u0629 \u0644\u0645\u0648\u0627\u0635\u0641\u0627\u062a \u0627\u062a\u0634-\u0622\u064a-\u0633\u064a-\u0628\u064a-\u0628\u064a \u0627\u0644\u0639\u0627\u0644\u0645\u064a\u0629 \u0641\u0625\u0646 \u0632\u0627\u0648\u064a\u0629 \u062a\u0645\u0648\u0636\u0639 \u0627\u0644\u0633\u0642\u0641 \u062a\u0648\u0641\u0631 \u0633\u0647\u0648\u0644\u0629 \u0641\u064a \u0627\u0644\u062a\u0646\u0638\u064a\u0641 \u0648 \u0645\u0646\u0639\u0627\u064b \u0644\u0648\u0636\u0639 \u0623\u064a \u0634\u064a\u0621 \u0639\u0644\u0649 \u0627\u0644\u0633\u0642\u0641. \u0628\u0639\u062f \u0625\u063a\u0644\u0627\u0642 \u0627\u0644\u0628\u0627\u0628 \u064a\u062a\u0645 \u062a\u062b\u0628\u064a\u062a\u0647 \u0628\u0642\u0641\u0644 \u0639\u0627\u0645\u0648\u062f\u064a , \u0627\u0644\u062b\u0642\u0648\u0628 \u0627\u0644\u0645\u0648\u062c\u0648\u062f\u0629 \u0639\u0644\u0649 \u0627\u0644\u0628\u0627\u0628 \u062a\u0648\u0641\u0631 \u062a\u062c\u062f\u062f \u0627\u0644\u0647\u0648\u0627\u0621 \u062f\u0627\u062e\u0644 \u0627\u0644\u062e\u0632\u0627\u0646\u0629 \u0628\u0634\u0643\u0644 \u062f\u0627\u0626\u0645<\/p>\n<p><strong>\u0641\u0648\u0627\u0626\u062f \u0647\u0630\u0627 \u0627\u0644\u0645\u0646\u062a\u062c<\/strong><\/p>\n<p>\u0645\u0646\u062a\u062c\u0627\u062a \u062a\u0627\u0646\u0631\u064a\u0641\u064a\u0631 \u0645\u0646 \u062e\u0632\u0627\u0646\u0627\u062a \u0627\u0644\u0645\u0648\u0638\u0641\u064a\u0646 \u0645\u0635\u0646\u0648\u0639\u0629 \u0645\u0646 \u0627\u0644\u0641\u0648\u0644\u0627\u0630 \u0627\u0644\u0645\u0642\u0627\u0648\u0645 \u0644\u0644\u0635\u062f\u0623 \u0627\u0644\u0644\u0627\u0645\u0639 304 \u0628\u062c\u0648\u062f\u0629 \u0639\u0627\u0644\u064a\u0629 , \u0648 \u0645\u0637\u0627\u0628\u0642\u0629 \u0644\u0645\u0648\u0627\u0635\u0641\u0627\u062a \u0627\u062a\u0634-\u0622\u064a-\u0633\u064a-\u0633\u064a-\u0628\u064a<\/p>\n<p>\u062a\u0624\u0645\u0646 \u0627\u0644\u0627\u062d\u062a\u064a\u0627\u062c\u0627\u062a \u0627\u0644\u0645\u0637\u0644\u0648\u0628\u0629 \u0641\u064a \u0645\u0643\u0627\u0646 \u0627\u0644\u0639\u0645\u0644 \u0645\u0646 \u062d\u0641\u0638 \u0627\u0644\u0623\u063a\u0631\u0627\u0636 \u0625\u0636\u0627\u0641\u0629 \u0644\u0645\u0637\u0627\u0628\u0642\u062a\u0647\u0627 \u0634\u0631\u0648\u0637 \u0627\u0644\u062a\u0639\u0642\u064a\u0645<\/p>\n<p>\u064a\u0645\u0643\u0646 \u062a\u0635\u0646\u064a\u0639\u0647\u0627 \u062d\u0633\u0628 \u0627\u0644\u0637\u0644\u0628 \u0628\u0623\u0628\u0639\u0627\u062f \u0648 \u0623\u0642\u0633\u0627\u0645 \u0645\u062e\u062a\u0644\u0641\u0629<\/p>\n<p>\u062a\u0648\u0641\u0631 \u0627\u0644\u0639\u062f\u064a\u062f \u0645\u0646 \u062e\u064a\u0627\u0631\u0627\u062a \u0627\u0644\u0623\u0642\u0641\u0627\u0644<\/p>\n<p>\u062e\u0632\u0627\u0646\u0629 \u0627\u0644\u0645\u0648\u0638\u0641\u064a\u0646 \u0627\u0644\u062b\u0646\u0627\u0626\u064a\u0629 \u0645\u062a\u0648\u0641\u0631\u0629 \u0628\u0627\u0644\u0623\u0628\u0639\u0627\u062f 290 \u0645\u0644\u0645 * 400 \u0645\u0644\u0645 * 2080 \u0645\u0644\u0645<\/p>\n<p>\u0648 \u0630\u0627\u062a \u0627\u0644\u0639\u0634\u0631 \u0623\u0628\u0648\u0627\u0628 \u0628\u0623\u0628\u0639\u0627\u062f 1450 \u0645\u0644\u0645 * 400 \u0645\u0644\u0645 * 2080 \u0645\u0644\u0645<\/p>\n<p>\u0627\u0644\u062e\u0632\u0627\u0626\u0646 \u0645\u0635\u0646\u0639\u0629 \u0645\u0646 \u0627\u0644\u0623\u0644\u0648\u0627\u062d \u0628\u0633\u0645\u0627\u0643\u0629 1.5 \u0645\u0644\u0645<\/p>\n<p>\u0627\u0644\u0623\u0631\u062c\u0644 \u0645\u0635\u0646\u0648\u0639\u0629 \u0643\u0630\u0644\u0643 \u0645\u0646 \u0627\u0644\u0641\u0648\u0644\u0627\u0630 \u0627\u0644\u0645\u0642\u0627\u0648\u0645 \u0644\u0644\u0635\u062f\u0623 \u0648 \u0642\u0627\u0628\u0644\u0629 \u0644\u0644\u0636\u0628\u0637<\/p>\n","protected":false},"excerpt":{"rendered":"<p>Tamamen paslanmaz \u00e7elikten \u00fcretilen personel dolab\u0131 \u00fcr\u00fcnlerimiz uzun \u00f6m\u00fcrl\u00fc ve dayan\u0131kl\u0131d\u0131r. M\u00fc\u015fteri talebine g\u00f6re farkl\u0131 ebatlara ve b\u00f6lme say\u0131lar\u0131na sahip olacak \u015fekilde \u00fcretilebilirler. Tercihe g\u00f6re \u00f6nlerine konulacak paslanmaz Benchler ile tamamlanabilirler.<\/p>\n","protected":false},"featured_media":4128,"template":"","meta":[],"product_brand":[],"product_cat":[144],"product_tag":[],"class_list":{"0":"post-14555","1":"product","2":"type-product","3":"status-publish","4":"has-post-thumbnail","6":"product_cat-cabinets-stainless-steel","8":"first","9":"instock","10":"shipping-taxable","11":"purchasable","12":"product-type-simple"},"_links":{"self":[{"href":"https:\/\/tanriver.com.tr\/ar\/wp-json\/wp\/v2\/product\/14555","targetHints":{"allow":["GET"]}}],"collection":[{"href":"https:\/\/tanriver.com.tr\/ar\/wp-json\/wp\/v2\/product"}],"about":[{"href":"https:\/\/tanriver.com.tr\/ar\/wp-json\/wp\/v2\/types\/product"}],"wp:featuredmedia":[{"embeddable":true,"href":"https:\/\/tanriver.com.tr\/ar\/wp-json\/wp\/v2\/media\/4128"}],"wp:attachment":[{"href":"https:\/\/tanriver.com.tr\/ar\/wp-json\/wp\/v2\/media?parent=14555"}],"wp:term":[{"taxonomy":"product_brand","embeddable":true,"href":"https:\/\/tanriver.com.tr\/ar\/wp-json\/wp\/v2\/product_brand?post=14555"},{"taxonomy":"product_cat","embeddable":true,"href":"https:\/\/tanriver.com.tr\/ar\/wp-json\/wp\/v2\/product_cat?post=14555"},{"taxonomy":"product_tag","embeddable":true,"href":"https:\/\/tanriver.com.tr\/ar\/wp-json\/wp\/v2\/product_tag?post=14555"}],"curies":[{"name":"wp","href":"https:\/\/api.w.org\/{rel}","templated":true}]}}