{"id":14533,"date":"2020-04-04T11:21:47","date_gmt":"2020-04-04T08:21:47","guid":{"rendered":"http:\/\/tanriver.com.tr\/urun\/yte-5-bes-musluklu-dizden-sensorlu-yalak-tipi-evye\/"},"modified":"2020-05-31T22:09:43","modified_gmt":"2020-05-31T19:09:43","slug":"yte-5-bes-musluklu-dizden-sensorlu-yalak-tipi-evye","status":"publish","type":"product","link":"https:\/\/tanriver.com.tr\/ar\/urun\/yte-5-bes-musluklu-dizden-sensorlu-yalak-tipi-evye\/","title":{"rendered":"YTE 5 Be\u015f Musluklu Dizden Sens\u00f6rl\u00fc Yalak Tipi Evye"},"content":{"rendered":"<p>\u0645\u0639\u062f\u0627\u062a \u062a\u0627\u0646\u0631\u064a\u0641\u064a\u0631 \u0644\u0644\u062a\u0639\u0642\u064a\u0645 , \u0645\u062c\u0645\u0648\u0639\u0629 \u062d\u0646\u0641\u064a\u0627\u062a \u0627\u0644\u0645\u064a\u0627\u0647 , \u0628\u0627\u0644\u0625\u0636\u0627\u0641\u0629 \u0625\u0644\u0649 \u062a\u0648\u0641\u064a\u0631 \u0627\u0644\u0637\u0627\u0642\u0629 \u0648\u0627\u0644\u0631\u0628\u062d\u064a\u0629 \u060c \u0641\u0647\u064a \u0635\u062d\u064a\u0629 \u0644\u0644\u063a\u0627\u064a\u0629. \u0639\u0646\u062f \u063a\u0633\u0644 \u0627\u0644\u064a\u062f\u064a\u0646 \u060c \u064a\u062a\u062f\u0641\u0642 \u0627\u0644\u0645\u0627\u0621 \u0641\u0642\u0637 \u0639\u0646\u062f \u0627\u0644\u0648\u0642\u0648\u0641 \u0623\u0645\u0627\u0645 \u0627\u0644\u062d\u0648\u0636 \u061b \u0648\u0628\u0627\u0644\u062a\u0627\u0644\u064a \u060c \u064a\u062a\u0645 \u0645\u0646\u0639 \u0625\u0647\u062f\u0627\u0631 \u0627\u0644\u0645\u064a\u0627\u0647 \u060c \u0648\u0628\u0641\u0636\u0644 \u0623\u062c\u0647\u0632\u0629 \u0627\u0644\u0627\u0633\u062a\u0634\u0639\u0627\u0631 \u060c \u064a\u062a\u0645 \u063a\u0633\u0644 \u0627\u0644\u064a\u062f\u064a\u0646 \u062f\u0648\u0646 \u0644\u0645\u0633 \u0623\u064a \u0645\u0643\u0627\u0646 \u0648\u062a\u0642\u0644\u064a\u0644 \u062e\u0637\u0631 \u0627\u0644\u062a\u0644\u0648\u062b.<\/p>\n<p>\u062a\u0648\u0641\u0631 \u062d\u0646\u0641\u064a\u0627\u062a \u0627\u0644\u0645\u064a\u0627\u0647 \u0627\u0644\u062e\u0627\u0635\u0629 \u0628\u0646\u0627 \u063a\u0633\u0644 \u0644\u0644\u064a\u062f\u064a\u0646 \u0628\u0643\u0641\u0627\u0621\u0629 \u060c \u0648\u062a\u0648\u0641\u0631 \u0627\u0644\u0648\u0642\u062a \u0648\u0627\u0644\u0645\u0627\u0621 \u0648\u0623\u0642\u0635\u0649 \u0646\u0638\u0627\u0641\u0629 \u0644\u0644\u064a\u062f\u064a\u0646 , \u0635\u0646\u0628\u0648\u0631 \u0627\u0644\u0645\u0627\u0621 \u062e\u0627\u0631\u062c \u0645\u0646 \u062c\u062f\u0627\u0631 \u0627\u0644\u062d\u0646\u0641\u064a\u0629 \u0645\u0637\u0644\u064a \u0628\u0627\u0644\u0643\u0631\u0648\u0645  \u0648 \u0628\u0645\u0646\u0639 \u0644\u0632\u0648\u062c\u0629 \u0627\u0644\u0631\u0630\u0627\u0630 \u0639\u0644\u0649 \u0627\u0644\u062c\u062f\u0631\u0627\u0646 \u0641\u0625\u0646 \u0645\u0646\u062a\u062c\u0646\u0627 \u0645\u0635\u0646\u0648\u0639 \u0628\u0627\u0644\u0643\u0627\u0645\u0644 \u0645\u0646 \u0627\u0644\u0641\u0648\u0644\u0627\u0630 \u0627\u0644\u0645\u0636\u0627\u062f \u0644\u0644\u0635\u062f\u0623 , \u064a\u062a\u0645 \u062a\u0642\u062f\u064a\u0645\u0647 \u0644\u0639\u0645\u0644\u0627\u0626\u0646\u0627 \u0643\u062d\u0644 \u0645\u0645\u062a\u0627\u0632 \u0644\u0644\u0645\u0646\u0634\u0622\u062a \u0627\u0644\u0635\u0646\u0627\u0639\u064a\u0629 \u0627\u0644\u062a\u064a \u062a\u0647\u062f\u0641 \u0625\u0644\u0649 \u0627\u0644\u0627\u0645\u062a\u062b\u0627\u0644 \u0644\u0645\u0639\u0627\u064a\u064a\u0631 \u0627\u0644\u0646\u0638\u0627\u0641\u0629 \u0627\u0644\u0639\u0627\u0644\u064a\u0629..<\/p>\n<p>\u062d\u0646\u0641\u064a\u0627\u062a \u0645\u064a\u0627\u0647 \u062a\u0627\u0646\u0631\u064a\u0641\u064a\u0631 \u062a\u062d\u0648\u064a \u0627\u0644\u0643\u062b\u064a\u0631 \u0645\u0646 \u0627\u0644\u0645\u0648\u0627\u0635\u0641\u0627\u062a \u0648 \u0627\u0644\u0627\u0643\u0633\u0633\u0648\u0627\u0631\u0627\u062a. \u0648 \u0627\u0639\u062a\u0645\u0627\u062f\u064b\u0627 \u0639\u0644\u0649 \u0639\u062f\u062f \u0627\u0644\u0639\u0645\u0627\u0644  \u064a\u0645\u0643\u0646\u0643 \u0627\u0644\u0627\u062e\u062a\u064a\u0627\u0631 \u0645\u0646 \u0628\u064a\u0646 \u0627\u0644\u0645\u0648\u062f\u064a\u0644\u0627\u062a \u0630\u0627\u062a \u0627\u0644\u0635\u0646\u0627\u0628\u064a\u0631 \u0627\u0644\u0641\u0631\u062f\u064a\u0629 \u0623\u0648 \u0627\u0644\u0645\u062a\u0639\u062f\u062f\u0629 \u0627\u0644\u062a\u064a \u064a\u0645\u0643\u0646 \u062a\u0631\u0643\u064a\u0628\u0647\u0627 \u0639\u0644\u0649 \u0627\u0644\u0623\u0631\u0636 \u0623\u0648 \u0639\u0644\u0649 \u0627\u0644\u062d\u0627\u0626\u0637. \u0648\u0628\u0627\u0644\u062a\u0627\u0644\u064a \u060c \u064a\u0645\u0643\u0646\u0643 \u0632\u064a\u0627\u062f\u0629 \u0643\u0641\u0627\u0621\u0629 \u0627\u0644\u0646\u0638\u0627\u0641\u0629 \u0644\u0644\u0639\u062f\u064a\u062f \u0645\u0646 \u0627\u0644\u0645\u0633\u062a\u062e\u062f\u0645\u064a\u0646 \u0641\u064a \u0646\u0641\u0633 \u0627\u0644\u0648\u0642\u062a..<\/p>\n<p>\u062a\u0648\u0641\u0631 \u0623\u062d\u0648\u0627\u0636\u0646\u0627 \u0627\u0644\u0645\u0635\u0645\u0645\u0629 \u0628\u0634\u0643\u0644 \u0645\u0631\u064a\u062d \u0623\u0642\u0635\u0649 \u0642\u062f\u0631 \u0645\u0646 \u0627\u0644\u0646\u0638\u0627\u0641\u0629 , \u0644\u0645\u0646\u0639 \u0627\u0644\u0631\u0648\u0627\u0626\u062d \u0627\u0644\u0643\u0631\u064a\u0647\u0629 \u060c \u064a\u062a\u0645 \u0625\u0631\u0641\u0627\u0642 \u0623\u0646\u0628\u0648\u0628 \u0633\u064a\u0641\u0648\u0646 \u0639\u0646\u062f \u0627\u0644\u0635\u0631\u0641.<\/p>\n<ul>\n<li>\u062a\u0645\u0627\u0645\u0627\u064b \u062d\u0633\u0628 \u0627\u0644\u0631\u063a\u0628\u0629 \u064a\u0645\u0643\u0646 \u0632\u064a\u0627\u062f\u0629 \u0639\u062f\u062f \u0627\u0644\u0635\u0646\u0627\u0628\u064a\u0631 \u0641\u064a \u0627\u0644\u0623\u062d\u0648\u0627\u0636 (\u0628\u062d\u062f \u0623\u0642\u0635\u0649 5 \u0635\u0646\u0627\u0628\u064a\u0631)<\/li>\n<li>\u064a\u062a\u0645 \u062a\u0642\u062f\u064a\u0645\u0647 \u0641\u064a \u062e\u064a\u0627\u0631\u0627\u062a \u0645\u062b\u0628\u062a\u0629 \u0639\u0644\u0649 \u0627\u0644\u062d\u0627\u0626\u0637 \u0623\u0648 \u0627\u0644\u0623\u0631\u0636\u064a\u0629<\/li>\n<li>\u064a\u062a\u0645 \u0645\u0646\u0639 \u0647\u062f\u0631 \u0627\u0644\u0645\u064a\u0627\u0647 \u0628\u0641\u0636\u0644 \u0631\u0635\u062f \u0627\u0644\u062d\u0633\u0627\u0633 \u0644\u0644\u062d\u0631\u0643\u0629<\/li>\n<li>\u064a\u0645\u0643\u0646 \u0625\u0636\u0627\u0641\u0629 \u0645\u0636\u062e\u0629 \u0635\u0627\u0628\u0648\u0646 \u0623\u0648 \u0645\u0636\u062e\u0629 \u0633\u0627\u0626\u0644 \u0643\u062d\u0648\u0644\u064a (\u062d\u0633\u0628 \u0627\u0644\u0631\u063a\u0628\u0629)<\/li>\n<li>\u0644\u0627 \u064a\u062a\u062c\u0645\u0639 \u0627\u0644\u0645\u0627\u0621 \u0641\u064a \u0632\u0648\u0627\u064a\u0627 \u0627\u0644\u062d\u0648\u0636 \u060c \u0648\u0644\u0647 \u062d\u0627\u0641\u0629 \u062e\u0644\u0641\u064a\u0629 \u062a\u0645\u0646\u0639 \u0627\u0644\u0631\u0630\u0627\u0630<\/li>\n<li>\u064a\u062a\u0645\u062a\u0639 \u0645\u0646\u062a\u062c\u0646\u0627 \u0628\u062c\u0648\u062f\u0629 \u0639\u0627\u0644\u064a\u0629 \u0648\u0628\u0646\u064a\u0629 \u0635\u062d\u064a\u0629 \u0628\u0641\u0636\u0644 \u0627\u0644\u0641\u0648\u0644\u0627\u0630 \u0627\u0644\u0645\u0636\u0627\u062f \u0644\u0644\u0635\u062f\u0623 <\/li>\n<li>\u064a\u062a\u0645 \u062a\u0642\u0644\u064a\u0644 \u062e\u0637\u0631 \u0627\u0644\u0639\u062f\u0648\u0649 \u0648\u0627\u0644\u062a\u0644\u0648\u062b<\/li>\n<\/ul>\n","protected":false},"excerpt":{"rendered":"<p>Tanr\u0131ver hijyen ekipmanlar\u0131ndan evye \u00fcr\u00fcnleri, enerji tasarrufu ve karl\u0131l\u0131k sa\u011flaman\u0131n yan\u0131 s\u0131ra olduk\u00e7a hijyeniktir.\u00a0 Elleri y\u0131karken, su ancak evyenin \u00f6n\u00fcnde duruldu\u011fu zaman akmaktad\u0131r; b\u00f6ylece su israf\u0131 engellenmektedir ve sens\u00f6rler sayesinde eller hi\u00e7bir yerle temas etmeden y\u0131kanmakta, bula\u015f riski azalmaktad\u0131r.<\/p>\n<p>Evyelerimiz verimli bir \u015fekilde el y\u0131kama, zamandan ve sudan tasarruf etme ve de maksimum el hijyeni imkanlar\u0131 sunmaktad\u0131r. Duvar \u00e7\u0131k\u0131\u015fl\u0131 su muslu\u011fu krom kaplamad\u0131r, s\u0131\u00e7rama \u00f6nleme s\u0131rt\u0131 da dahil olmak \u00fczere tamamen paslanmaz \u00e7elikten imal edilmi\u015ftir. Y\u00fcksek hijyen standartlar\u0131n\u0131 uyum sa\u011flamay\u0131 ama\u00e7layan end\u00fcstriyel tesisler i\u00e7in m\u00fckemmel bir \u00e7\u00f6z\u00fcm olarak m\u00fc\u015fterilerimize sunulmaktad\u0131r.<\/p>\n","protected":false},"featured_media":5242,"template":"","meta":[],"product_brand":[],"product_cat":[137],"product_tag":[],"class_list":{"0":"post-14533","1":"product","2":"type-product","3":"status-publish","4":"has-post-thumbnail","6":"product_cat-sinks","8":"first","9":"instock","10":"shipping-taxable","11":"purchasable","12":"product-type-simple"},"_links":{"self":[{"href":"https:\/\/tanriver.com.tr\/ar\/wp-json\/wp\/v2\/product\/14533","targetHints":{"allow":["GET"]}}],"collection":[{"href":"https:\/\/tanriver.com.tr\/ar\/wp-json\/wp\/v2\/product"}],"about":[{"href":"https:\/\/tanriver.com.tr\/ar\/wp-json\/wp\/v2\/types\/product"}],"wp:featuredmedia":[{"embeddable":true,"href":"https:\/\/tanriver.com.tr\/ar\/wp-json\/wp\/v2\/media\/5242"}],"wp:attachment":[{"href":"https:\/\/tanriver.com.tr\/ar\/wp-json\/wp\/v2\/media?parent=14533"}],"wp:term":[{"taxonomy":"product_brand","embeddable":true,"href":"https:\/\/tanriver.com.tr\/ar\/wp-json\/wp\/v2\/product_brand?post=14533"},{"taxonomy":"product_cat","embeddable":true,"href":"https:\/\/tanriver.com.tr\/ar\/wp-json\/wp\/v2\/product_cat?post=14533"},{"taxonomy":"product_tag","embeddable":true,"href":"https:\/\/tanriver.com.tr\/ar\/wp-json\/wp\/v2\/product_tag?post=14533"}],"curies":[{"name":"wp","href":"https:\/\/api.w.org\/{rel}","templated":true}]}}