{"id":14494,"date":"2020-04-04T11:19:18","date_gmt":"2020-04-04T08:19:18","guid":{"rendered":"http:\/\/tanriver.com.tr\/urun\/yte-2-iki-musluklu-dizden-sensorlu-yalak-tipi-evye\/"},"modified":"2020-05-28T23:15:26","modified_gmt":"2020-05-28T20:15:26","slug":"yte-2-iki-musluklu-dizden-sensorlu-yalak-tipi-evye","status":"publish","type":"product","link":"https:\/\/tanriver.com.tr\/ar\/urun\/yte-2-iki-musluklu-dizden-sensorlu-yalak-tipi-evye\/","title":{"rendered":"YTE 2 \u0130ki Musluklu Dizden Sens\u00f6rl\u00fc Yalak Tipi Evye"},"content":{"rendered":"<p>Tanver hijyen ekipmanlar\u0131ndan Evye \u00fcr\u00fcnleri, enerji tasarrufu ve karl\u0131l\u0131k sa\u011flaman\u0131n yan\u0131 s\u0131ra olduk\u00e7a Hijyeniktir.\u00a0 Elleri y\u0131karken, su ancak evyenin \u00f6n\u00fcnde duruldu\u011fu zaman akmaktad\u0131r; b\u00f6ylece su israf\u0131 engellenmektedir ve sens\u00f6rler sayesinde eller hi\u00e7bir yerle temas etmeden y\u0131kanmakta, bula\u015f riski azalmaktad\u0131r.<\/p>\n<p>Evyelerimiz verimli bir \u015fekilde el y\u0131kama, zamandan ve sudan tasarruf etme ve de maksimum el hijyeni imkanlar\u0131 sunmaktad\u0131r. Duvar \u00c7\u0131k\u0131\u015fl\u0131 su muslu\u011fu krom kaplamad\u0131r, s\u0131\u00e7rama \u00f6nleme s\u0131rt\u0131 da dahil olmak \u00fczere tamamen paslanmaz \u00e7elikten imal edilmi\u015ftir. Y\u00fcksek hijyen standartlar\u0131n\u0131 uyum sa\u011flamay\u0131 ama\u00e7layan end\u00fcstriyel tesisler i\u00e7in m\u00fckemmel bir \u00e7\u00f6z\u00fcm olarak m\u00fc\u015fterilerimize sunulmaktad\u0131r.<\/p>\n<p>Tanr\u0131ver evyeleri \u00e7ok \u00e7e\u015fitli fonksiyonlara ve aksesuarlara sahiptir. Personel say\u0131s\u0131na ba\u011fl\u0131 olarak, zemine veya duvara monte edilebilen tek veya \u00e7ok say\u0131da musluk i\u00e7eren modeller aras\u0131ndan se\u00e7im yapabilirsiniz. B\u00f6ylece ayn\u0131 anda \u00e7ok say\u0131da kullan\u0131c\u0131n\u0131n ellerini y\u0131kamas\u0131n\u0131 ve hijyen verimlili\u011fini art\u0131rm\u0131\u015f olursunuz.<\/p>\n<p>Ergonomik olarak tasarlanm\u0131\u015f olan evyelerimiz, maksimum d\u00fczeyde hijyen sa\u011flar. Ho\u015f olmayan kokular\u0131 \u00f6nlemek i\u00e7in, gidere bir sifon tak\u0131lmaktad\u0131r.<\/p>\n<p>&nbsp;<\/p>\n<p><strong>\u00dcr\u00fcn\u00fcn \u00d6ne \u00c7\u0131kan Faydalar\u0131<\/strong><\/p>\n<ul>\n<li>Tercihe g\u00f6re evyelerde musluk say\u0131s\u0131 artabilir (maksimum 5 mulsuk).<\/li>\n<li>Duvar ya da zemine monte edilebilir tercihlerde sunulur.<\/li>\n<li>Sens\u00f6r hareket alg\u0131s\u0131 ile su israf\u0131 \u00f6nlenir.<\/li>\n<li>Evye \u00fczerine sabun veya dezenfektan vericiler eklenebilir (opsiyonel).<\/li>\n<li>Su evye k\u00f6\u015felerinde birikmez, s\u0131\u00e7ramay\u0131 \u00f6nleyen arka s\u0131rt\u0131 bulunmaktad\u0131r.<\/li>\n<li>\u00dcr\u00fcn\u00fcm\u00fcz, satineli paslanmaz \u00e7elik sayesinde kaliteli ve hijyenik bir y\u00fczey yap\u0131s\u0131na sahiptir.<\/li>\n<li>Enfeksiyon ve kontaminasyon riski minumuma indirilir.<\/li>\n<\/ul>\n<p><strong>Teknik \u00d6zellikleri<\/strong><\/p>\n<ul class=\"uk-list technicList\">\n<li><i class=\"uk-icon-caret-right\"><\/i>\u00a0\u00a0\u00c7ift Musluk<\/li>\n<li><i class=\"uk-icon-caret-right\"><\/i>\u00a0\u00a0Boyutlar 500 x 600 x 1000<\/li>\n<li><i class=\"uk-icon-caret-right\"><\/i>\u00a0\u00a0Koruyucu S\u0131rt plakas\u0131<\/li>\n<li><i class=\"uk-icon-caret-right\"><\/i>\u00a0\u00a0304 Kalite Satineli paslanmaz<\/li>\n<li><i class=\"uk-icon-caret-right\"><\/i>\u00a0\u00a0Fotosel kumandal\u0131<\/li>\n<li><i class=\"uk-icon-caret-right\"><\/i>\u00a0\u00a0Duvar ve ayakl\u0131 yere monte se\u00e7enekler<\/li>\n<li><i class=\"uk-icon-caret-right\"><\/i>\u00a0\u00a0Estetik dizayn<\/li>\n<li><i class=\"uk-icon-caret-right\"><\/i>\u00a0\u00a0Muhtelif sabun vericiler<\/li>\n<\/ul>\n","protected":false},"excerpt":{"rendered":"<p>Tanr\u0131ver hijyen ekipmanlar\u0131ndan evye \u00fcr\u00fcnleri, enerji tasarrufu ve karl\u0131l\u0131k sa\u011flaman\u0131n yan\u0131 s\u0131ra olduk\u00e7a hijyeniktir.\u00a0 Elleri y\u0131karken, su ancak evyenin \u00f6n\u00fcnde duruldu\u011fu zaman akmaktad\u0131r; b\u00f6ylece su israf\u0131 engellenmektedir ve sens\u00f6rler sayesinde eller hi\u00e7bir yerle temas etmeden y\u0131kanmakta, bula\u015f riski azalmaktad\u0131r.<\/p>\n<p>Evyelerimiz verimli bir \u015fekilde el y\u0131kama, zamandan ve sudan tasarruf etme ve de maksimum el hijyeni imkanlar\u0131 sunmaktad\u0131r. Duvar \u00e7\u0131k\u0131\u015fl\u0131 su muslu\u011fu krom kaplamad\u0131r, s\u0131\u00e7rama \u00f6nleme s\u0131rt\u0131 da dahil olmak \u00fczere tamamen paslanmaz \u00e7elikten imal edilmi\u015ftir. Y\u00fcksek hijyen standartlar\u0131n\u0131 uyum sa\u011flamay\u0131 ama\u00e7layan end\u00fcstriyel tesisler i\u00e7in m\u00fckemmel bir \u00e7\u00f6z\u00fcm olarak m\u00fc\u015fterilerimize sunulmaktad\u0131r.<\/p>\n","protected":false},"featured_media":5186,"template":"","meta":[],"product_brand":[],"product_cat":[137],"product_tag":[],"class_list":{"0":"post-14494","1":"product","2":"type-product","3":"status-publish","4":"has-post-thumbnail","6":"product_cat-sinks","8":"first","9":"instock","10":"shipping-taxable","11":"purchasable","12":"product-type-simple"},"_links":{"self":[{"href":"https:\/\/tanriver.com.tr\/ar\/wp-json\/wp\/v2\/product\/14494","targetHints":{"allow":["GET"]}}],"collection":[{"href":"https:\/\/tanriver.com.tr\/ar\/wp-json\/wp\/v2\/product"}],"about":[{"href":"https:\/\/tanriver.com.tr\/ar\/wp-json\/wp\/v2\/types\/product"}],"wp:featuredmedia":[{"embeddable":true,"href":"https:\/\/tanriver.com.tr\/ar\/wp-json\/wp\/v2\/media\/5186"}],"wp:attachment":[{"href":"https:\/\/tanriver.com.tr\/ar\/wp-json\/wp\/v2\/media?parent=14494"}],"wp:term":[{"taxonomy":"product_brand","embeddable":true,"href":"https:\/\/tanriver.com.tr\/ar\/wp-json\/wp\/v2\/product_brand?post=14494"},{"taxonomy":"product_cat","embeddable":true,"href":"https:\/\/tanriver.com.tr\/ar\/wp-json\/wp\/v2\/product_cat?post=14494"},{"taxonomy":"product_tag","embeddable":true,"href":"https:\/\/tanriver.com.tr\/ar\/wp-json\/wp\/v2\/product_tag?post=14494"}],"curies":[{"name":"wp","href":"https:\/\/api.w.org\/{rel}","templated":true}]}}